{"id":835,"date":"2023-04-13T21:26:33","date_gmt":"2023-04-13T19:26:33","guid":{"rendered":"https:\/\/constoronto.esteri.it\/?page_id=835"},"modified":"2023-04-27T22:35:04","modified_gmt":"2023-04-27T20:35:04","slug":"multe-e-contravvenzioni-in-italia","status":"publish","type":"page","link":"https:\/\/constoronto.esteri.it\/it\/servizi-consolari-e-visti\/servizi-per-il-cittadino-italiano\/informazioni-utili\/multe-e-contravvenzioni-in-italia\/","title":{"rendered":"Contravvenzioni in Italia"},"content":{"rendered":"<p>Chi trascorre periodi di vacanza in Italia decide sempre pi\u00f9 spesso di noleggiare un&#8217;autovettura presso uno dei numerosi servizi di &#8220;car rental&#8221;.<br \/>\nAl rientro in Canada, alcuni turisti si vedono notificare il verbale relativo ad un&#8217;infrazione al Codice della strada in Italia.<\/p>\n<p>Le multe si riferiscono in particolare a parcheggi in divieto di sosta, transito nelle corsie riservate ai mezzi pubblici, superamento dei limiti di velocit\u00e0 o, con maggiore frequenza, per essere entrati nelle cosiddette\u00a0ZTL.<\/p>\n<p>Molti comuni e citt\u00e0 d&#8217;arte, infatti, hanno creato delle &#8220;zone a traffico limitato&#8221; (ZTL) nel loro centro storico, delimitate da varchi elettronici muniti di fotocamera. Molti turisti non sanno per\u00f2, che l&#8217;accesso in tali zone\u00a0\u00e8 consentito solamente ai titolari di apposito permesso e che l&#8217;ingresso senza permesso costituisce una violazione al Codice della strada con conseguente sanzione pecuniaria notificata anche ai residenti all&#8217;estero.<\/p>\n<p>In caso di infrazione commessa da parte di auto con targa straniera o comunque da un cittadino straniero alla guida di un veicolo con targa italiana (come ad esempio il turista alla guida di un&#8217;auto noleggiata in Italia), l&#8217;infrazione dovrebbe essere contestata immediatamente al conducente: potr\u00e0 cosi scegliere se pagare immediatamente la multa (perdendo per\u00f2 in questo caso il diritto di contestare la multa), oppure se versare una somma a titolo di cauzione, riservandosi cos\u00ec la possibilit\u00e0 di inoltrare ricorso contro il verbale davanti al prefetto o al giudice di pace.<\/p>\n<p>Nel caso di infrazioni rilevate con sistemi automatici, come avviene per i varchi elettronici nelle ZTL, la contestazione immediata dell&#8217;infrazione non \u00e8 possibile.<br \/>\nSono quindi previste in queste caso procedure di notifica alternative che consentono di recuperare i dati dei proprietari di veicoli esteri,\u00a0notificare all&#8217;estero del verbale; tali procedure possono variare da Stato a Stato, in funzione degli accordi o delle convenzioni internazionali conclusi tra gli stati coinvolti.<br \/>\n<strong>La notifica al cittadino straniero sar\u00e0 invece facilitata nel caso di auto noleggiata, in quanto la societ\u00e0 di noleggio pu\u00f2 comunicare all&#8217;organo accertatore che ne faccia richiesta i dati del conducente del veicolo.<br \/>\n<\/strong>In caso di mancato pagamento, sar\u00e0 possibile procedere all&#8217;esazione coattiva all&#8217;estero, a seconda degli accordi stipulati tra lo Stato di residenza del conducente e lo Stato in cui \u00e8 stata commessa la violazione.<\/p>\n<p>Anche i cittadini italiani, in vacanza in un altro Stato, possono vedersi notificata una multa per violazioni della normativa sulla circolazione stradale dello Stato visitato. Come accade in Italia, anche all&#8217;estero infatti il cittadino straniero \u00e8 in genere tenuto al pagamento immediato del verbale o al pagamento di una cauzione, con riserva di ricorso; quando invece la contestazione immediata non \u00e8 possibile, si proceder\u00e0 alla notificazione nello Stato di residenza del trasgressore.<\/p>\n<p>Le notifiche di infrazioni indicano con estrema chiarezza sia le modalit\u00e0 di pagamento della multa che le opzioni previste nel caso in cui si decida di contestare l&#8217;infrazione oggetto della notifica. Vengono inoltre sempre forniti i contatti degli uffici a cui potranno essere richieste direttamente ulteriori informazioni relative al procedimento di cui trattasi, alla tempistica e modalit\u00e0 di pagamento della multa, ai termini previsti per il ricorso contro la sanzione prevista &#8211; ad esempio perch\u00e9 ritenuta ingiusta &#8211;\u00a0per aver violato il codice della strada.<br \/>\nSi noti che spesso i comuni italiani si avvalgono della collaborazione di societ\u00e0 che sono incaricate ufficialmente di notificare i verbali di violazione del codice della strada ai residenti all\u2019estero, utilizzando dei modelli plurilingue.<\/p>\n<p><strong>La materia\u00a0\u00e8 di esclusiva competenza dei comuni italiani e delle relative autorit\u00e0 di Polizia e il Consolato Generale di Toronto non ha alcuna possibilit\u00e0 di intervenire in merito alle violazioni del codice della strada n\u00e9 in rappresentanza delle persone destinatarie della notifica n\u00e9 nella capacit\u00e0 di agente riscossore della sanzione.<\/strong><\/p>\n<p>Appare tuttavia necessario suggerire a chiunque riceva una notifica di sanzione pecuniaria di verificare con l&#8217;autorit\u00e0 promanante, tramite i recapiti forniti (email o telefono), la veridicit\u00e0 di quanto contestato.<br \/>\n\u00c8 ad esempio opportuno verificare le date delle violazioni notificate, nonch\u00e9 targa e modello del veicolo che ha commesso l&#8217;infrazione, al fine di accertare che non si tratti di un tentativo di truffa.<\/p>\n","protected":false},"excerpt":{"rendered":"Chi trascorre periodi di vacanza in Italia decide sempre pi\u00f9 spesso di noleggiare un&#8217;autovettura presso uno dei numerosi servizi di &#8220;car rental&#8221;. Al rientro in Canada, alcuni turisti si vedono notificare il verbale relativo ad un&#8217;infrazione al Codice della strada in Italia. Le multe si riferiscono in particolare a parcheggi in divieto di sosta, transito [&hellip;]","protected":false},"author":6,"featured_media":0,"parent":674,"menu_order":8,"comment_status":"closed","ping_status":"closed","template":"","meta":{"footnotes":""},"class_list":["post-835","page","type-page","status-publish","hentry"],"_links":{"self":[{"href":"https:\/\/constoronto.esteri.it\/it\/wp-json\/wp\/v2\/pages\/835","targetHints":{"allow":["GET"]}}],"collection":[{"href":"https:\/\/constoronto.esteri.it\/it\/wp-json\/wp\/v2\/pages"}],"about":[{"href":"https:\/\/constoronto.esteri.it\/it\/wp-json\/wp\/v2\/types\/page"}],"author":[{"embeddable":true,"href":"https:\/\/constoronto.esteri.it\/it\/wp-json\/wp\/v2\/users\/6"}],"replies":[{"embeddable":true,"href":"https:\/\/constoronto.esteri.it\/it\/wp-json\/wp\/v2\/comments?post=835"}],"version-history":[{"count":0,"href":"https:\/\/constoronto.esteri.it\/it\/wp-json\/wp\/v2\/pages\/835\/revisions"}],"up":[{"embeddable":true,"href":"https:\/\/constoronto.esteri.it\/it\/wp-json\/wp\/v2\/pages\/674"}],"wp:attachment":[{"href":"https:\/\/constoronto.esteri.it\/it\/wp-json\/wp\/v2\/media?parent=835"}],"curies":[{"name":"wp","href":"https:\/\/api.w.org\/{rel}","templated":true}]}}