{"id":818,"date":"2023-04-13T21:05:02","date_gmt":"2023-04-13T19:05:02","guid":{"rendered":"https:\/\/constoronto.esteri.it\/?page_id=818"},"modified":"2026-01-14T23:16:25","modified_gmt":"2026-01-14T22:16:25","slug":"vice-consoli-onorari","status":"publish","type":"page","link":"https:\/\/constoronto.esteri.it\/it\/chi-siamo\/la-rete-consolare\/vice-consoli-onorari\/","title":{"rendered":"Vice Consoli Onorari"},"content":{"rendered":"<p><strong>HAMILTON &#8211; VICE CONSOLATO ONORARIO<\/strong><br \/>\n(70 km. da Toronto)<br \/>\nCircoscrizione: Le Contee di Wentworth, Halton, Bruce, Grey, Haldimand, Brant, Norfolk<br \/>\n<span style=\"text-decoration: underline;\"><strong><span style=\"color: #ff0000; text-decoration: underline;\">ATTENZIONE: dal 1 dicembre 2025, il Vice Consolato Onorario ad Hamilton non \u00e8 pi\u00f9 operativo. La sede \u00e8 vacante, in attesa di nuova nomina.<\/span><br \/>\n<\/strong><\/span><\/p>\n<p><strong>NIAGARA FALLS &#8211; VICE CONSOLATO ONORARIO<\/strong><br \/>\n(130 km. da Toronto)<br \/>\nVice Console Onorario: VACANTE<br \/>\nCircoscrizione: Le Contee di Lincoln e Welland<br \/>\nIndirizzo: &#8211;<br \/>\nTelefono: &#8211;<br \/>\nOrario: &#8211;<\/p>\n<p><strong>SARNIA &#8211; VICE CONSOLATO ONORARIO<\/strong><br \/>\n(331 km. da Toronto)<br \/>\nVice Console Onorario: Luisa ZONCHEDDU SOLINAS<br \/>\ne-mail d&#8217;ufficio: <a href=\"mailto:viceconsulsarnia@gmail.com\">viceconsulsarnia@gmail.com<\/a><br \/>\nCircoscrizione: La Contea di Lambton<br \/>\nIndirizzo: 390 Christina Street N.- Sarnia, ON &#8211; N7T 5V9<br \/>\nTelefono: (+1) <strong>519 331 9869<br \/>\n<\/strong>Orario: Luned\u00ec, marted\u00ec, gioved\u00ec: 10.00-16.00<br \/>\nUrgenze: la sera o il sabato (solo su appuntamento)<br \/>\n<a href=\"https:\/\/constoronto.esteri.it\/wp-content\/uploads\/2023\/04\/zoncheddu_sarnia.pdf\"><em><strong>Consulta il Decreto di Limitazione Funzioni del Vice Console Onorario di Sarnia\u00a0<\/strong><\/em><\/a><\/p>\n<p><strong>SUDBURY &#8211; VICE CONSOLATO ONORARIO<\/strong><br \/>\n(390 km. da Toronto)<br \/>\nVice Console Onorario: Prof.ssa Diana IUELE &#8211; COLILLI<br \/>\nemail: <a href=\"mailto:viceconsolatosudbury@gmail.com\">viceconsolatosudbury@gmail.com<\/a><br \/>\nCircoscrizione: Le Contee di Sudbury, Nipissing, Parry Sound Temiskaming.<br \/>\nIndirizzo: 385 Haig St. Sudbury, ON, P3C 105<br \/>\nTelefono: 1 705-698-2557 Telefax:<br \/>\nOrario: venerd\u00ec: 9.00-12.00pm (Altri giorni per appuntamento)<br \/>\n<a href=\"https:\/\/constoronto.esteri.it\/wp-content\/uploads\/2023\/04\/iule_colilli_-_sudbury.pdf\"><em><strong>Consulta il Decreto di Limitazione Funzioni del Vice Console Onorario di Sudbury<\/strong><\/em><\/a><\/p>\n<p><strong>THUNDER BAY &#8211; VICE CONSOLATO ONORARIO<\/strong><br \/>\n(1375 km. da Toronto)<br \/>\nVice Console Onorario: Avv. Stella VALLELUNGA<br \/>\ne-mail: <a href=\"mailto:ViceConsul.tbay@gmail.com\">viceconsul.tbay@gmail.com<\/a><br \/>\nCircoscrizione: Le Contee di Kenora, Rainy River, Thunder Bay<br \/>\nIndirizzo: Suite600, 34 Cumberland St. N., Thunder Bay, ON P7A 4L3<br \/>\nTelefono: 1-807-766-9330 Telefax: 1-807-768-8689<br \/>\nOrario: mercoled\u00ec, 10.00 \u2013 12.00 (Altri giorni su appuntamento)<br \/>\n<a href=\"https:\/\/constoronto.esteri.it\/wp-content\/uploads\/2023\/04\/vallelunga_-_thunder.pdf\"><em><strong>Consulta il Decreto di Limitazione Funzioni del Vice Console Onorario di Thunder Bay<\/strong><\/em><\/a><\/p>\n<p><strong>WINDSOR &#8211; VICE CONSOLATO ONORARIO &#8211;<br \/>\n<\/strong>Vice Console: <strong>In attesa di nomina<\/strong><br \/>\nIndirizzo: &#8211;<br \/>\nTelefono: &#8211;<br \/>\nOrario: &#8211;<\/p>\n<p><strong>WINNIPEG &#8211; VICE CONSOLATO ONORARIO\u00a0<\/strong><br \/>\n(2100 km da Toronto)<br \/>\nVice Console Onorario: Sig. Stanislao CARBONE<br \/>\ne-mail: <a href=\"mailto:stancarb@shaw.ca\">stancarb@shaw.ca<\/a> oppure anche <a href=\"mailto:scarbone@jhcwc.org\">scarbone@jhcwc.org<\/a><br \/>\nCircoscrizione: La Provincia del Manitoba<br \/>\nIndirizzo: Caboto Centre &#8211; 1055 Wilkes Avenue, Winnipeg, MB R3P 2L7<br \/>\nTelefono: 1-204-488-8745 Telefax: 1-204-487-3460<br \/>\nOrario: mercoled\u00ec, 18.00-21.00 -sabato 10.00-15.00<br \/>\n<a href=\"https:\/\/constoronto.esteri.it\/wp-content\/uploads\/2023\/04\/carbone-_winnipeg-1.pdf\"><em><strong>Consulta il Decreto di Limitazione Funzioni del Vice Console Onorario di Winnipeg\u00a0<\/strong><\/em><\/a><\/p>\n<p><strong>GUELPH &#8211; VICE CONSOLATO ONORARIO<\/strong><br \/>\n(100 km. da Toronto)<br \/>\nVice Console: <strong>In attesa di nomina<\/strong><br \/>\nCircoscrizione: Le Contee di Waterloo e Wellington<br \/>\nIndirizzo: &#8211;<br \/>\nTelefono: &#8211;<br \/>\nOrario: &#8211;<\/p>\n<p><strong>SAULT STE. MARIE &#8211; VICE CONSOLATO ONORARIO<\/strong><br \/>\n(500 km. Da Toronto)<br \/>\nVice Console: <strong>In attesa di nomina<\/strong><br \/>\nCircoscrizione: La Contea di Algoma<br \/>\nIndirizzo: &#8211;<br \/>\nTelefono: &#8211;<br \/>\nOrario: &#8211;<\/p>\n<p><strong>LONDON &#8211; VICE CONSOLATO ONORARIO<\/strong><br \/>\n( 185 Km da Toronto)<br \/>\nVice Console: <strong>In attesa di nomina<\/strong><br \/>\nCircoscrizione: Le Contee di Middlesex, Elgin, Huron, Oxford, Perth<br \/>\nIndirizzo: &#8211;<br \/>\nTelefono: &#8211;<br \/>\nOrario: &#8211;<\/p>\n","protected":false},"excerpt":{"rendered":"HAMILTON &#8211; VICE CONSOLATO ONORARIO (70 km. da Toronto) Circoscrizione: Le Contee di Wentworth, Halton, Bruce, Grey, Haldimand, Brant, Norfolk ATTENZIONE: dal 1 dicembre 2025, il Vice Consolato Onorario ad Hamilton non \u00e8 pi\u00f9 operativo. La sede \u00e8 vacante, in attesa di nuova nomina. NIAGARA FALLS &#8211; VICE CONSOLATO ONORARIO (130 km. da Toronto) Vice [&hellip;]","protected":false},"author":6,"featured_media":0,"parent":82,"menu_order":1,"comment_status":"closed","ping_status":"closed","template":"","meta":{"footnotes":""},"class_list":["post-818","page","type-page","status-publish","hentry"],"_links":{"self":[{"href":"https:\/\/constoronto.esteri.it\/it\/wp-json\/wp\/v2\/pages\/818","targetHints":{"allow":["GET"]}}],"collection":[{"href":"https:\/\/constoronto.esteri.it\/it\/wp-json\/wp\/v2\/pages"}],"about":[{"href":"https:\/\/constoronto.esteri.it\/it\/wp-json\/wp\/v2\/types\/page"}],"author":[{"embeddable":true,"href":"https:\/\/constoronto.esteri.it\/it\/wp-json\/wp\/v2\/users\/6"}],"replies":[{"embeddable":true,"href":"https:\/\/constoronto.esteri.it\/it\/wp-json\/wp\/v2\/comments?post=818"}],"version-history":[{"count":7,"href":"https:\/\/constoronto.esteri.it\/it\/wp-json\/wp\/v2\/pages\/818\/revisions"}],"predecessor-version":[{"id":8710,"href":"https:\/\/constoronto.esteri.it\/it\/wp-json\/wp\/v2\/pages\/818\/revisions\/8710"}],"up":[{"embeddable":true,"href":"https:\/\/constoronto.esteri.it\/it\/wp-json\/wp\/v2\/pages\/82"}],"wp:attachment":[{"href":"https:\/\/constoronto.esteri.it\/it\/wp-json\/wp\/v2\/media?parent=818"}],"curies":[{"name":"wp","href":"https:\/\/api.w.org\/{rel}","templated":true}]}}