{"id":804,"date":"2023-04-12T22:56:09","date_gmt":"2023-04-12T20:56:09","guid":{"rendered":"https:\/\/constoronto.esteri.it\/?page_id=804"},"modified":"2025-01-17T19:53:47","modified_gmt":"2025-01-17T18:53:47","slug":"dichiarazioni-di-valore-in-loco-per-titoli-di-studio","status":"publish","type":"page","link":"https:\/\/constoronto.esteri.it\/it\/servizi-consolari-e-visti\/servizi-per-il-cittadino-italiano\/dichiarazioni-di-valore-in-loco-per-titoli-di-studio\/","title":{"rendered":"Dichiarazioni di Valore in Loco per Titoli di Studio"},"content":{"rendered":"<hr \/>\n<p><strong>ATTENZIONE<\/strong><strong>:<\/strong> Dall&#8217;<strong>11 gennaio 2024<\/strong>, in Canada \u00e8 entrata in vigore la Convenzione dell&#8217;Aja sull&#8217;<strong>Apostille<\/strong>. Le <strong>Autorit\u00e0 canadesi<\/strong> hanno modificato di conseguenza le procedure per l&#8217;autentica di certificati e documenti canadesi da far valere all&#8217;estero. In molti casi, il doppio passaggio (autentica di Global Affairs Canada o Servizio Provinciale e legalizzazione del Consolato) non \u00e8 pi\u00f9 necessario, \u00e8 invece sufficiente l&#8217;Apostille emessa dagli uffici canadesi competenti. <a href=\"https:\/\/constoronto.esteri.it\/it\/servizi-consolari-e-visti\/servizi-per-il-cittadino-straniero\/traduzione-e-legalizzazione-dei-documenti\/\"><strong>Clicca qui<\/strong><\/a><strong> per informazioni sull&#8217;Apostille.\u00a0<\/strong><\/p>\n<hr \/>\n<p><strong>DICHIARAZIONE DI VALORE IN LOCO. CHE COS\u2019E\u2019 E A CHI SERVE?<\/strong><\/p>\n<p>La\u00a0<strong>Dichiarazione di Valore<\/strong>\u00a0<strong>in Loco<\/strong>\u00a0<strong>(DV)<\/strong>\u00a0\u00e8 un documento rilasciato dall\u2019autorit\u00e0 consolare italiana nel quale si dichiara il valore dei titoli di studio o professionali con riferimento all\u2019ordinamento locale.<\/p>\n<p>Una DV fornisce indicazioni in merito alle credenziali ottenute nel Paese in cui si \u00e8 studiato, conferma la qualit\u00e0 legale dell\u2019Istituto che le ha rilasciate e indica la durata del corso ed il piano di studi frequentato.<\/p>\n<p><strong>Gli studenti che hanno iniziato il loro percorso formativo all\u2019estero e intendono studiare in Italia<\/strong>\u00a0<strong>e tutti coloro che necessitano del riconoscimento del loro titolo di studio conseguito all\u2019estero<\/strong>\u00a0devono richiedere una dichiarazione di valore in loco all\u2019autorit\u00e0 consolare competente.<\/p>\n<p>Nel caso in cui lo studente debba trasferirsi in Italia durante il suo percorso formativo senza aver conseguito un diploma finale, il Consolato rilascer\u00e0, su richiesta dell\u2019interessato, una\u00a0<strong>Dichiarazione Consolare (DC)<\/strong>\u00a0di avvenuta frequenza e degli eventuali crediti ottenuti o si limiter\u00e0, a seconda dei casi, alla legalizzazione del documento scolastico.<\/p>\n<p><strong>Per informazioni su come richiedere la dichiarazione di valore o dichiarazione consolare, cliccare sulle voci riportate di seguito<\/strong>.<\/p>\n<p><strong>Attenzione:<\/strong> le procedure indicate nella guida alla richiesta di una dichiarazione di valore\/dichiarazione consolare si applicano anche a chi faccia richiesta dall&#8217;Italia.<\/p>\n<details>\n<summary><span style=\"color: #0000ff;\"><strong>GUIDA ALLA RICHIESTA DI UNA DICHIARAZIONE DI VALORE\/DICHIARAZIONE CONSOLARE<\/strong><\/span><\/summary>\n<p>1)\u00a0<strong>Individua<\/strong>\u00a0innanzitutto\u00a0<strong>l\u2019autorit\u00e0 consolare italiana competente<\/strong>\u00a0a rilasciare la DV\/DC. Si tratta dell\u2019Ufficio Consolare nella cui circoscrizione si trova la scuola\/universit\u00e0 frequentata. La\u00a0<strong>circoscrizione di competenza del Consolato Generale di Toronto \u00e8 indicata\u00a0<a href=\"https:\/\/constoronto.esteri.it\/it\/chi-siamo\/\" target=\"_blank\" rel=\"noopener\">qui<\/a>\u00a0<\/strong>(il link si apre in una nuova scheda).<\/p>\n<p>2)\u00a0Se devi rivolgerti al Consolato Generale d\u2019Italia a Toronto, scarica\u00a0il\u00a0<a href=\"https:\/\/constoronto.esteri.it\/wp-content\/uploads\/2024\/05\/NEW_modulo_richiesta_dichiarazione_valore_2024.pdf\" target=\"_blank\" rel=\"noopener\"><strong>formulario<\/strong><\/a>\u00a0per richiedere la DV, DC o legalizzazione delle traduzioni dei documenti scolastici (se richieste \u2013 vedasi punto 5);<\/p>\n<p>Consulta qui la\u00a0<a href=\"https:\/\/constoronto.esteri.it\/wp-content\/uploads\/2024\/07\/listadocdveng-final_2024_July.pdf\" target=\"_blank\" rel=\"noopener\"><strong>lista dei documenti<\/strong><\/a>\u00a0richiesti per le varie tipologie di DV o DC;<\/p>\n<p>4) Richiedi alla scuola\/college\/universit\u00e0 frequentato\/a il\u00a0<strong>certificato dei corsi superati (transcript) ed il titolo accademico finale<\/strong>\u00a0(Diploma, Bachelor, Master, Ph.D, ecc.).\u00a0<strong>Il titolo accademico finale ed il transcript presentato dovranno essere apostillati.\u00a0<\/strong>Continua a leggere per maggiori informazioni sull\u2019Apostille.<strong><br \/>\nRicorda: i documenti devono essere presentati al Consolato in originale e accompagnati da Apostille o, in via eccezionale, copie conformi notarizzate e\u00a0apostillate. Non \u00e8 possibile rilasciare una DV\/DC sulla base di documenti in copia semplice non apostillati.<\/strong><\/p>\n<p>Dovrai provvedere a fare una copia di tutti i documenti presentati come parte della tua domanda. Il Consolato non fa fotocopie della documentazione.<\/p>\n<p>5) Verifica se la scuola\/universit\u00e0 in Italia richiede la traduzione del diploma e dei transcript. In tal caso, sar\u00e0 necessario rivolgersi ad uno dei\u00a0<a href=\"https:\/\/constoronto.esteri.it\/it\/servizi-consolari-e-visti\/servizi-per-il-cittadino-italiano\/informazioni-utili\/lista-traduttori-certificati-atio\/\" target=\"_blank\" rel=\"noopener\"><strong>traduttori certificati<\/strong><\/a>\u00a0la cui firma \u00e8 depositata presso il Consolato Generale.<\/p>\n<p>6)\u00a0<strong>La DV\/DC viene rilasciata gratuitamente se\u00a0\u00e8 finalizzata al proseguimento degli studi<\/strong>\u00a0(documentazione comprovante deve essere allegata alla richiesta), altrimenti,\u00a0<strong>per usi alternativi (quali ad esempio il lavoro<\/strong>\u00a0o l\u2019equipollenza)\u00a0<strong>dovr\u00e0 essere pagata la relativa\u00a0<a href=\"https:\/\/constoronto.esteri.it\/it\/servizi-consolari-e-visti\/servizi-per-il-cittadino-italiano\/informazioni-utili\/tariffe-consolari\/\" target=\"_blank\" rel=\"noopener\">tariffa consolare<\/a>\u00a0(art. 66N),\u00a0<\/strong>mediante money order\/bank draft intestato a Consulate General of Italy in Toronto.\u00a0<strong>Se sono richieste legalizzazioni di traduzioni,<\/strong>\u00a0si dovr\u00e0\u00a0<strong>aggiungere anche l\u2019importo indicato all\u2019art. 69 della tariffa consolare<\/strong>\u00a0(per ciascuna legalizzazione di traduzione).\u00a0<strong>Per l\u2019importo esatto<\/strong>, contattare\u00a0<a href=\"mailto:toronto.scuola@esteri.it\">toronto.scuola@esteri.it<\/a>. Si accettano solo pagamenti in dollari canadesi.<\/p>\n<p>7) Occorre preparare e inviare al Consolato anche una\u00a0<strong>busta pre-affrancata e pre-indirizzata per la restituzione (del tipo XpressPost o di un servizio di corriere con tracciamento)<\/strong>.<\/p>\n<p>Nel caso in cui il richiedente risieda fuori dal Canada si raccomanda l\u2019uso di un corriere\u00a0<strong>(Canada ExpressPos<\/strong>t,<strong>\u00a0UPS, FedEx, DHL o simili)<\/strong>.\u00a0<strong>In mancanza della busta pre-affrancata e pre-indirizzata il Consolato non potr\u00e0 restituire la documentazione. Attenzione: la spedizione dal Consolato all\u2019indirizzo di destinazione deve essere a carico dell\u2019utente, che deve assicurarsi che sia gi\u00e0 pagata (con alcuni corrieri, \u00e8 necessario selezionare l\u2019opzione \u201cfreight collect\u201d).\u00a0<\/strong><\/p>\n<p>8)\u00a0<strong>Dopo aver raccolto tutta la documentazione necessaria<\/strong>\u00a0(ad es. pagella\/diploma\/titolo finale\/master\/transcript originali),\u00a0<strong>spediscila (tramite CanadaPost o con servizio di corriere) assieme al money order\/bank draft <\/strong>(se dovuto)<strong>, al formulario di richiesta, a una copia del tuo passaporto e alla busta preaffrancata di cui al punto 7,<\/strong>\u00a0all\u2019indirizzo:<br \/>\nConsulate General of Italy,<br \/>\n136 Beverley Street, Toronto,<br \/>\nM5T 1Y5, Ontario,<br \/>\nCanada.<\/p>\n<p>La procedura di rilascio di dichiarazione di valore richiede\u00a0<strong>fino a 6 settimane<\/strong>\u00a0dal momento in cui la pratica \u00e8 ricevuta ed \u00e8 completa.<br \/>\n<strong>I documenti originali verranno restituiti<\/strong>\u00a0insieme alla DV\/DC con la busta prepagata fornita dal richiedente.<\/p>\n<\/details>\n<hr \/>\n<details>\n<summary><span style=\"color: #0000ff;\"><strong>NOTA BENE &#8211; La Dichiarazione di Valore non \u00e8 un&#8217;equipollenza<\/strong><\/span><\/summary>\n<p>La DV\/DC fornisce una breve descrizione del titolo accademico o professionale rilasciato da un Ente situato in un Paese straniero che adotta un sistema educativo diverso da quello italiano.<\/p>\n<p>Come tale, la DV\/DC non costituisce di per s\u00e9 prova della competenza e\/o delle qualit\u00e0 professionali della persona acquisite attraverso il titolo ottenuto. Di conseguenza, sebbene la DV\/DC costituisca per l\u2019ordinamento italiano un documento formale attendibile circa le credenziali di natura accademica ottenute all\u2019estero, la mera presentazione di una DV\/DC non esclude il diritto da parte dell\u2019Ente ricevente di effettuare ulteriori autonomi accertamenti e verifiche, come ad esempio un esame dettagliato dei vari corsi superati (transcript).<\/p>\n<p><strong><u>La DV non corrisponde ad un certificato d\u2019equipollenza o equivalenza<\/u><\/strong>. Saranno, successivamente, le competenti Amministrazioni italiane (Ministero dell\u2019Istruzione e del Merito, Ministero dell\u2019Universit\u00e0 e della Ricerca, Uffici Scolastici Provinciali, Universit\u00e0, ecc.) a dichiarare l\u2019equivalenza (o l\u2019equipollenza) dei titoli stranieri ad analoghi titoli italiani.<\/p>\n<p>&nbsp;<\/p>\n<\/details>\n<hr \/>\n<details>\n<summary><span style=\"color: #0000ff;\"><strong>APOSTILLE e TRADUZIONI<\/strong><\/span><\/summary>\n<p>&nbsp;<\/p>\n<p><strong>APOSTILLE, CHE COS\u2019E\u2019 E COME OTTENERLA<br \/>\n<\/strong>Il Canada ha recentemente aderito alla Convenzione dell\u2019Aja sull\u2019Apostille, di cui l\u2019Italia fa parte gi\u00e0 da tempo. L\u2019Apostille \u00e8 una sorta di certificato che accompagna il documento a cui si riferisce e che ha lo scopo di facilitare il riconoscimento di atti formati all\u2019estero tra i Paesi che aderiscono alla Convenzione.<br \/>\nDall\u201911 gennaio 2024, se un documento emesso in Canada deve essere fatto valere in Italia, l\u2019utente dovr\u00e0<strong>\u00a0richiedere l\u2019Apostille a Global Affairs Canada per tutti i documenti emessi o\u00a0<em>notarized\u00a0<\/em>in Manitoba e NWT<\/strong>,\u00a0<strong>cos\u00ec come nel caso di documenti del Governo federale<\/strong>,\u00a0<strong>o<\/strong>\u00a0<strong>all\u2019Official Documents Service dell\u2019Ontario\u00a0 (Ministry for Public and Business Service Delivery) \u2013 per tutti i documenti emessi o\u00a0<em>notarized\u00a0<\/em>in Ontario<\/strong>.<\/p>\n<p><a href=\"https:\/\/www.international.gc.ca\/gac-amc\/about-a_propos\/services\/authentication-authentification\/apostille-convention.aspx?lang=eng\">Cliccare qui per informazioni su come richiedere l\u2019Apostille al GAC<\/a>\u00a0(per atti emanati o certificati in Manitoba, NWT o del Governo federale)<\/p>\n<p><a href=\"https:\/\/www.ontario.ca\/page\/authenticate-document-use-outside-canada#section-1\">Cliccare qui per informazioni su come richiedere l\u2019Apostille all\u2019Official Documents Service<\/a>\u00a0dell\u2019Ontario (per atti emanati o certificati in Ontario)<\/p>\n<p>Se un documento \u00e8 dotato di Apostille, il Consolato non deve legalizzarlo affinch\u00e9 sia valido in Italia.<\/p>\n<p><strong>TRADUZIONI DI TRADUTTORI CERTIFICATI ATIO<\/strong><\/p>\n<p>In via transitoria, il Consolato continua a legalizzare le traduzioni effettuate dai<strong>\u00a0traduttori certificati ATIO con firma depositata<\/strong>\u00a0in Consolato (<a href=\"https:\/\/constoronto.esteri.it\/it\/servizi-consolari-e-visti\/servizi-per-il-cittadino-italiano\/informazioni-utili\/lista-traduttori-certificati-atio\/\">elenco disponibile qui<\/a>), senza necessit\u00e0 di richiedere l\u2019Apostille. Per ogni legalizzazione, \u00e8 dovuto il pagamento della tariffa consolare (<a href=\"https:\/\/constoronto.esteri.it\/it\/servizi-consolari-e-visti\/servizi-per-il-cittadino-italiano\/informazioni-utili\/tariffe-consolari\/\">art. 69<\/a>).<\/p>\n<p>Se ci si vuole rivolgere a traduttori non inclusi nell\u2019elenco dei traduttori con firma depositata, \u00e8 possibile farlo ma l\u2019utente dovr\u00e0 poi:<\/p>\n<ol>\n<li><strong>far legalizzare\u00a0<\/strong><em><strong>(notarize)\u00a0<\/strong><\/em><strong>la traduzione da un\u00a0<\/strong><em><strong>notary pulic<\/strong><\/em><strong>\/avvocato<\/strong>\u00a0abilitato all\u2019esercizio della professione in\u00a0 Canada e<\/li>\n<li>r<strong>ichiedere<\/strong>\u00a0successivamente\u00a0<strong>il rilascio dell\u2019Apostille al GAC o all\u2019Official Documents Service dell\u2019Ontario<\/strong>, a seconda del luogo in cui la traduzione \u00e8 stata\u00a0<em>notarized<\/em>.<\/li>\n<\/ol>\n<p>Una volta apostillata, la traduzione non necessita di ulteriore legalizzazione del Consolato.<\/p>\n<p><span style=\"color: #0000ff;\"><strong>\u00a0<\/strong><\/span><\/p>\n<\/details>\n","protected":false},"excerpt":{"rendered":"ATTENZIONE: Dall&#8217;11 gennaio 2024, in Canada \u00e8 entrata in vigore la Convenzione dell&#8217;Aja sull&#8217;Apostille. Le Autorit\u00e0 canadesi hanno modificato di conseguenza le procedure per l&#8217;autentica di certificati e documenti canadesi da far valere all&#8217;estero. In molti casi, il doppio passaggio (autentica di Global Affairs Canada o Servizio Provinciale e legalizzazione del Consolato) non \u00e8 pi\u00f9 [&hellip;]","protected":false},"author":6,"featured_media":0,"parent":86,"menu_order":17,"comment_status":"closed","ping_status":"closed","template":"","meta":{"footnotes":""},"class_list":["post-804","page","type-page","status-publish","hentry"],"_links":{"self":[{"href":"https:\/\/constoronto.esteri.it\/it\/wp-json\/wp\/v2\/pages\/804","targetHints":{"allow":["GET"]}}],"collection":[{"href":"https:\/\/constoronto.esteri.it\/it\/wp-json\/wp\/v2\/pages"}],"about":[{"href":"https:\/\/constoronto.esteri.it\/it\/wp-json\/wp\/v2\/types\/page"}],"author":[{"embeddable":true,"href":"https:\/\/constoronto.esteri.it\/it\/wp-json\/wp\/v2\/users\/6"}],"replies":[{"embeddable":true,"href":"https:\/\/constoronto.esteri.it\/it\/wp-json\/wp\/v2\/comments?post=804"}],"version-history":[{"count":7,"href":"https:\/\/constoronto.esteri.it\/it\/wp-json\/wp\/v2\/pages\/804\/revisions"}],"predecessor-version":[{"id":6323,"href":"https:\/\/constoronto.esteri.it\/it\/wp-json\/wp\/v2\/pages\/804\/revisions\/6323"}],"up":[{"embeddable":true,"href":"https:\/\/constoronto.esteri.it\/it\/wp-json\/wp\/v2\/pages\/86"}],"wp:attachment":[{"href":"https:\/\/constoronto.esteri.it\/it\/wp-json\/wp\/v2\/media?parent=804"}],"curies":[{"name":"wp","href":"https:\/\/api.w.org\/{rel}","templated":true}]}}