{"id":78,"date":"2023-01-10T19:26:15","date_gmt":"2023-01-10T18:26:15","guid":{"rendered":"https:\/\/constoronto.esteri.it\/?page_id=78"},"modified":"2026-03-03T18:23:58","modified_gmt":"2026-03-03T17:23:58","slug":"contatti","status":"publish","type":"page","link":"https:\/\/constoronto.esteri.it\/it\/chi-siamo\/contatti\/","title":{"rendered":"Contatti"},"content":{"rendered":"<p><strong>Consolato Generale d&#8217;Italia a Toronto<\/strong><\/p>\n<p><strong>Indirizzo<\/strong>:<\/p>\n<p>136 Beverley Street &#8211;<\/p>\n<p>Toronto (Ontario) M5T 1Y5<\/p>\n<p><strong>Tel<\/strong>: 001 &#8211; 416-977-1566 (centralino)<\/p>\n<p><strong>ORARI DI APERTURA AL PUBBLICO:<br \/>\n<\/strong><br \/>\ndal luned\u00ec al venerd\u00ec, dalle ore 09.00 alle ore 13.00.<\/p>\n<p>Si riceve su appuntamento, prenotato secondo le modalit\u00e0 indicate di seguito per ciascun servizio.<\/p>\n<p><strong>Orari di servizio del centralino<\/strong><\/p>\n<p>luned\u00ec \u2013 venerd\u00ec, dalle 10.00 alle 12.00<\/p>\n<p><strong>Durante gli orari di apertura al pubblico, si possono registrare lunghi tempi di attesa al centralino.<br \/>\n<\/strong><br \/>\nGli operatori del centralino\u00a0non\u00a0sono abilitati a fornire informazioni dettagliate sulle singole pratiche e\u00a0non\u00a0possono fornire appuntamenti.<\/p>\n<p><strong>Le informazioni generali fornite dal centralino sono gi\u00e0 disponibili su questo sito web<\/strong><a href=\"http:\/\/www.constoronto.esteri.it%2C\/\">,<\/a>\u00a0che si invita a consultare attentamente poich\u00e9 esso riporta informazioni aggiornate e dettagliate sulle singole procedure.<\/p>\n<p>Per casi particolari, che non trovino risposta sul sito , sono disponibili gli indirizzi email indicati di seguito.<\/p>\n<p><strong>Per appuntamenti per Passaporti, Visti Schengen e Cittadinanza per discendenza, \u00e8 necessario utilizzare il sistema\u00a0<a href=\"https:\/\/prenotami.esteri.it\/\" target=\"_blank\" rel=\"noopener\">Prenot@mi<\/a><\/strong>.<\/p>\n<p><strong>Per le iscrizioni AIRE e i cambi di indirizzo, salvo caso di impossibilit\u00e0 tecnica, \u00e8 necessario utilizzare il\u00a0<a href=\"https:\/\/serviziconsolarionline.esteri.it\/\">portale FAST IT<\/a><\/strong>.<\/p>\n<p>La maggior parte dei restanti servizi consolari pu\u00f2 essere richiesta via posta, come da indicazioni riportate nelle sezioni dedicate di questo sito web.<\/p>\n<p>Console Generale: Dr.\u00a0<strong>Luca Zelioli<\/strong><br \/>\nConsole: Dr.ssa\u00a0<strong>Giulia Romani<\/strong><\/p>\n<p><strong>Segreteria<\/strong><br \/>\nTel.: +1 (416) 977 1566 Est. 213<br \/>\n(non risponde a quesiti su pratiche consolari\/visti)<br \/>\nE-mail :\u00a0<a href=\"mailto:toronto.consolato@esteri.it\">toronto.consolato@esteri.it<\/a><br \/>\n(non risponde a quesiti su pratiche consolari\/visti)<\/p>\n<p><strong>Ufficio Amministrativo<\/strong><br \/>\nResponsabile: Vice Comm. Amministrativo &#8211; Contabile, Dr.ssa <strong>Tiziana Grasso<\/strong><br \/>\nE-Mail:\u00a0<a href=\"mailto:toronto.amm@esteri.it\">toronto.amm@esteri.it<\/a><br \/>\n(non risponde a quesiti su pratiche consolari\/visti)<\/p>\n<p><strong>Ufficio Consolare \u2013 Visti<\/strong><\/p>\n<p>Responsabile: Console, Dr.ssa\u00a0<strong>Giulia Romani<\/strong><br \/>\nVicario: &#8211;<\/p>\n<p><strong>NON si fornisce riscontro a quesiti presentati via email la cui risposta sia gi\u00e0 individuabile su questo sito web, nella sezione dedicata.<\/strong><\/p>\n<p>Settori dell\u2019Ufficio Consolare-Visti:<\/p>\n<p><strong>&#8211; Passaporti<br \/>\n<\/strong>Gli appuntamenti devono essere prenotati tramite il sistema\u00a0<a href=\"https:\/\/prenotami.esteri.it\/\" target=\"_blank\" rel=\"noopener\">Prenot@mi<\/a>.<br \/>\nE-Mail:\u00a0<a href=\"mailto:toronto.passaporti@esteri.it\">toronto.passaporti@esteri.it<\/a><br \/>\nPEC Passaporti:\u00a0<a href=\"mailto:con.toronto.pass@cert.esteri.it\">con.toronto.pass@cert.esteri.it<\/a><\/p>\n<p>&#8211;<strong> Carte d&#8217;Identit\u00e0 Elettroniche (CIE)<\/strong><br \/>\nGli appuntamenti devono essere prenotati tramite il sistema <a href=\"https:\/\/prenotami.esteri.it\/\">Prenot@mi<\/a><br \/>\nE-Mail:<a href=\"mailto:toronto.cie@esteri.it\"> toronto.cie@esteri.it<\/a><\/p>\n<p>&#8211;\u00a0<strong>Stato Civile, Anagrafe\/AIRE<\/strong>\u00a0(Anagrafe degli italiani residenti all\u2019estero)<br \/>\n<strong>Le richieste di iscrizione in AIRE o cambio di indirizzo devono essere inoltrate tramite il portale FAST IT,<\/strong>\u00a0salvo impedimenti tecnici. Le richieste di trascrizione di atti di stato civile (nascite, matrimoni, divorzi, morte) possono essere inviate per posta. Per i dettagli, consultare la sezione di interesse di questo sito.<br \/>\nE-Mail :\u00a0<a href=\"mailto:toronto.anagrafe@esteri.it\">toronto.anagrafe@esteri.it<br \/>\n<\/a><br \/>\n<strong>&#8211; Notarile (Procure, Legalizzazioni, Successioni, Codici Fiscali)<\/strong><br \/>\nE-Mail:\u00a0<a href=\"mailto:toronto.notarile@esteri.it\">toronto.notarile@esteri.it<\/a>(per Codici Fiscali, Legalizzazioni, Notifiche); <a href=\"mailto:toronto.info@esteri.it\">toronto.info@esteri.it<\/a> (solo per procure speciali\/generali, rinuncia all&#8217;eredit\u00e0).<\/p>\n<p>&#8211; <strong>Rimpatrio di salme e ceneri<br \/>\n<\/strong>Per informazioni sulle modalit\u00e0 di presentazione della richiesta, <a href=\"https:\/\/constoronto.esteri.it\/it\/servizi-consolari-e-visti\/servizi-per-il-cittadino-italiano\/rimpatrio-salme-e-ceneri-in-italia\/\">cliccare qui<\/a><br \/>\nE-Mail: <a href=\"mailto:toronto.salmeceneri@esteri.it\">toronto.salmeceneri@esteri.it<\/a><\/p>\n<p>&#8211;\u00a0<strong>Cittadinanza<br \/>\n<\/strong>Gli appuntamenti per\u00a0<strong>cittadinanza per discendenza<\/strong>\u00a0devono essere prenotati tramite il sistema\u00a0<a href=\"https:\/\/prenotami.esteri.it\/\" target=\"_blank\" rel=\"noopener\">Prenot@mi<\/a>. Per informazioni sulle altre modalit\u00e0 di acquisto della cittadinanza, cliccare\u00a0<a href=\"https:\/\/constoronto.esteri.it\/consolato_toronto\/it\/i_servizi\/per_i_cittadini\/cittadinanza\">qui<\/a>.<br \/>\nE-Mail :\u00a0<a href=\"mailto:toronto.cittadinanza@esteri.it\">toronto.cittadinanza@esteri.it<\/a><\/p>\n<p>&#8211;\u00a0<strong>Visti<\/strong><br \/>\nGli appuntamenti devono essere prenotati tramite il sistema\u00a0<a href=\"https:\/\/prenotami.esteri.it\/\" target=\"_blank\" rel=\"noopener\">Prenot@mi<\/a>, in caso di visti Schengen. La documentazione per richieste di visto nazionale pu\u00f2 essere inviata per posta (cliccare su questo\u00a0<a href=\"https:\/\/constoronto.esteri.it\/en\/servizi-consolari-e-visti\/servizi-per-il-cittadino-straniero\/visti\/visti-nazionali\/\">link<\/a>).<br \/>\nE-Mail:\u00a0<a href=\"mailto:toronto.visti@esteri.it\">toronto.visti@esteri.it<\/a><\/p>\n<p><strong>Ufficio Scuola, Enti gestori e Dichiarazioni di Valore<\/strong><br \/>\nResponsabile: Console, Dr.ssa <strong>Giulia Romani<br \/>\n<\/strong>Dirigente Scolastico: Prof.ssa Laura Innocenti<br \/>\nE-Mail: <a href=\"mailto:toronto.scuola@esteri.it\">toronto.scuola@esteri.it<\/a><\/p>\n<p><strong>Affari Culturali<\/strong><\/p>\n<p><a href=\"https:\/\/iictoronto.esteri.it\/it\/\">Istituto Italiano di Cultura di Toronto<\/a><\/p>\n<p><strong>Affari economici, commerciali, promozione turistica<\/strong><br \/>\nSono operativi a Toronto:<\/p>\n<p>&#8211;\u00a0<a href=\"https:\/\/www.ice.it\/it\/mercati\/canada\/toronto\">Agenzia-ICE<\/a><\/p>\n<p>&#8211; <a href=\"https:\/\/www.enit.it\/en\/toronto\">ENIT<\/a><\/p>\n<p>&#8211;\u00a0<a href=\"https:\/\/www.italchambers.ca\/it\/\">Camera di Commercio Italiana in Ontario<\/a><br \/>\n<strong><br \/>\n<\/strong><\/p>\n<p><strong>NUMERO DI REPERIBILITA\u2019: +1 416-456-3355<br \/>\nIl numero \u00e8 attivo SOLO PER EMERGENZE riguardanti CONNAZIONALI durante la chiusura degli uffici.<\/strong><\/p>\n<p>Il numero di reperibilit\u00e0 d&#8217;emergenza \u00e8 operativo negli orari di chiusura degli uffici, dalle 16.00 alle 21.00 nei giorni lavorativi e dalle 8.00 alle 21.00 nei giorni festivi ed \u00e8 a disposizione dei connazionali in situazioni di comprovata emergenza (incidenti, arresti, gravi e urgenti problemi di salute e simili).<br \/>\nIl funzionario di reperibilit\u00e0 ascolta eventuali messaggi lasciati in segreteria sul numero di reperibilit\u00e0 e richiama l&#8217;utente, qualora le circostanze lo richiedano.\u00a0<strong>In caso di messaggi riguardanti richieste di servizi consolari ordinari, visti e appuntamenti, l&#8217;utente non sar\u00e0 richiamato, in quanto il numero di reperibilit\u00e0 \u00e8 rivolto esclusivamente ai casi di comprovata emergenza di connazionali in difficolt\u00e0.<\/strong><\/p>\n<p><strong>PEC<\/strong>: <a>Questa casella di posta elettronica <span style=\"text-decoration: underline;\">pu\u00f2 ricevere solo da utenti con Posta Elettronica Certificata (PEC) italiana<\/span>. Messaggi provenienti da altre fonti saranno cancellati.<\/a> <a href=\"mailto:con.toronto@cert.esteri.it\">con.toronto@cert.esteri.it<\/a><\/p>\n<p>&nbsp;<\/p>\n<p>DOVE SIAMO<\/p>\n<p>&nbsp;<\/p>\n<p><img decoding=\"async\" class=\"alignnone size-medium wp-image-111 img-fluid\" src=\"https:\/\/constoronto.esteri.it\/wp-content\/uploads\/2023\/01\/mappa_sede_toronto.png\" alt=\"mappa sede Toronto\" width=\"700\" srcset=\"https:\/\/constoronto.esteri.it\/wp-content\/uploads\/2023\/01\/mappa_sede_toronto.png 1023w, https:\/\/constoronto.esteri.it\/wp-content\/uploads\/2023\/01\/mappa_sede_toronto-300x148.png 300w, https:\/\/constoronto.esteri.it\/wp-content\/uploads\/2023\/01\/mappa_sede_toronto-768x378.png 768w\" sizes=\"(max-width: 1023px) 100vw, 1023px\" \/><\/p>\n<p>&nbsp;<\/p>\n<p>&nbsp;<\/p>\n<p>&nbsp;<\/p>\n<p>&nbsp;<\/p>\n<p>&nbsp;<\/p>\n","protected":false},"excerpt":{"rendered":"Consolato Generale d&#8217;Italia a Toronto Indirizzo: 136 Beverley Street &#8211; Toronto (Ontario) M5T 1Y5 Tel: 001 &#8211; 416-977-1566 (centralino) ORARI DI APERTURA AL PUBBLICO: dal luned\u00ec al venerd\u00ec, dalle ore 09.00 alle ore 13.00. Si riceve su appuntamento, prenotato secondo le modalit\u00e0 indicate di seguito per ciascun servizio. Orari di servizio del centralino luned\u00ec \u2013 [&hellip;]","protected":false},"author":3,"featured_media":0,"parent":13,"menu_order":6,"comment_status":"closed","ping_status":"closed","template":"","meta":{"footnotes":""},"class_list":["post-78","page","type-page","status-publish","hentry"],"_links":{"self":[{"href":"https:\/\/constoronto.esteri.it\/it\/wp-json\/wp\/v2\/pages\/78","targetHints":{"allow":["GET"]}}],"collection":[{"href":"https:\/\/constoronto.esteri.it\/it\/wp-json\/wp\/v2\/pages"}],"about":[{"href":"https:\/\/constoronto.esteri.it\/it\/wp-json\/wp\/v2\/types\/page"}],"author":[{"embeddable":true,"href":"https:\/\/constoronto.esteri.it\/it\/wp-json\/wp\/v2\/users\/3"}],"replies":[{"embeddable":true,"href":"https:\/\/constoronto.esteri.it\/it\/wp-json\/wp\/v2\/comments?post=78"}],"version-history":[{"count":6,"href":"https:\/\/constoronto.esteri.it\/it\/wp-json\/wp\/v2\/pages\/78\/revisions"}],"predecessor-version":[{"id":8993,"href":"https:\/\/constoronto.esteri.it\/it\/wp-json\/wp\/v2\/pages\/78\/revisions\/8993"}],"up":[{"embeddable":true,"href":"https:\/\/constoronto.esteri.it\/it\/wp-json\/wp\/v2\/pages\/13"}],"wp:attachment":[{"href":"https:\/\/constoronto.esteri.it\/it\/wp-json\/wp\/v2\/media?parent=78"}],"curies":[{"name":"wp","href":"https:\/\/api.w.org\/{rel}","templated":true}]}}