{"id":75,"date":"2023-01-10T19:24:20","date_gmt":"2023-01-10T18:24:20","guid":{"rendered":"https:\/\/constoronto.esteri.it\/?page_id=75"},"modified":"2023-01-10T19:39:39","modified_gmt":"2023-01-10T18:39:39","slug":"il-console-generale","status":"publish","type":"page","link":"https:\/\/constoronto.esteri.it\/it\/chi-siamo\/il-console-generale\/","title":{"rendered":"Il Console Generale"},"content":{"rendered":"<p><img decoding=\"async\" class=\"alignnone size-medium wp-image-99 img-fluid\" src=\"https:\/\/constoronto.esteri.it\/wp-content\/uploads\/2023\/01\/console_Toronto.jpg\" alt=\"Console Zelioli\" width=\"500\" srcset=\"https:\/\/constoronto.esteri.it\/wp-content\/uploads\/2023\/01\/console_Toronto.jpg 594w, https:\/\/constoronto.esteri.it\/wp-content\/uploads\/2023\/01\/console_Toronto-284x300.jpg 284w\" sizes=\"(max-width: 594px) 100vw, 594px\" \/><\/p>\n<p>Cari connazionali, cari amici dell\u2019Italia,<\/p>\n<p>\u00e8 un privilegio assumere l\u2019incarico di Console Generale presso il Consolato Generale d\u2019Italia di prima classe a Toronto. Il Consolato ha una circoscrizione ampia, comprendendo quasi l\u2019intera provincia di Ontario, le province di Manitoba e dei Territori del Nord-Ovest. Si tratta dunque di un incarico particolarmente impegnativo, sapendo di dover interagire con una comunit\u00e0 italiana tra le pi\u00f9 dinamiche e numerose nell\u2019intero Paese; abituata, tra l\u2019altro, ad usufruire dei servizi canadesi caratterizzati da intensa digitalizzazione.<\/p>\n<p>Dal Consolato ci si attende naturalmente molto in termini di efficienza dei servizi erogati. In questi miei primi mesi di servizio concentrer\u00f2 l\u2019attenzione su organizzazione e risorse disponibili, sia umane sia finanziarie, per capire in quali settori vi siano eventuali necessit\u00e0 di rafforzamento o comunque spazi di ulteriore miglioramento.<\/p>\n<p>Accanto all\u2019erogazione dei servizi consolari, tuttavia, un Consolato come quello di Toronto non pu\u00f2 non guardare anche all\u2019evoluzione della comunit\u00e0 italiana residente nel paese ospite; promuovendo, nel contempo, la conoscenza delle eccellenze italiane in campo economico, imprenditoriale, culturale e scientifico presso il pubblico canadese.<\/p>\n<p>Mi auguro che il Consolato Generale sia punto di riferimento per il coordinamento di tutti gli attori del \u201cSistema Italia\u201d operanti in questa circoscrizione. Mi riferisco in particolare all\u2019Istituto Italiano di Cultura (IIC), all\u2019Agenzia per la Promozione all\u2019Estero e l\u2019Internazionalizzazione delle Imprese Italiane (Agenzia ICE di Toronto), alla Camera di Commercio Italiana nell\u2019Ontario (ICCO), all\u2019Agenzia Nazionale del Turismo (ENIT). Spero anche di continuare, nel quadro delle pi\u00f9 stringenti modalit\u00e0 previste dal Ministero degli Affari Esteri e della Cooperazione Internazionale, la collaborazione con gli Enti Gestori dei corsi di lingua e cultura italiana.<\/p>\n<p>Cari Connazionali,<\/p>\n<p>consapevole del vostro contributo allo sviluppo e alla crescita del Paese che vi ha accolto, senza peraltro venire meno ai valori e alle tradizioni che vi legano all\u2019Italia, sar\u00e0 mia cura sviluppare le pi\u00f9 opportune sinergie con la nostra comunit\u00e0, in primis attraverso i suoi importanti organi rappresentativi.<\/p>\n<p>Vi invito a visitare spesso questo sito, seguendo il Consolato Generale anche attraverso le sue pagine ufficiali, specialmente via Facebook e Twitter. Cercheremo di migliorare e rafforzare il novero di servizi utilizzabili digitalmente o comunque a distanza, e di tenervi costantemente aggiornati su novit\u00e0 ed iniziative; saranno benvenuti anche vostri suggerimenti, utili per provare a rispondere prontamente alle esigenze degli utenti.<\/p>\n<p>Un cordiale saluto a tutti!<\/p>\n<p>Luca Zelioli<br \/>\nConsole Generale<\/p>\n","protected":false},"excerpt":{"rendered":"Cari connazionali, cari amici dell\u2019Italia, \u00e8 un privilegio assumere l\u2019incarico di Console Generale presso il Consolato Generale d\u2019Italia di prima classe a Toronto. Il Consolato ha una circoscrizione ampia, comprendendo quasi l\u2019intera provincia di Ontario, le province di Manitoba e dei Territori del Nord-Ovest. Si tratta dunque di un incarico particolarmente impegnativo, sapendo di dover [&hellip;]","protected":false},"author":3,"featured_media":0,"parent":13,"menu_order":0,"comment_status":"closed","ping_status":"closed","template":"","meta":{"footnotes":""},"class_list":["post-75","page","type-page","status-publish","hentry"],"_links":{"self":[{"href":"https:\/\/constoronto.esteri.it\/it\/wp-json\/wp\/v2\/pages\/75","targetHints":{"allow":["GET"]}}],"collection":[{"href":"https:\/\/constoronto.esteri.it\/it\/wp-json\/wp\/v2\/pages"}],"about":[{"href":"https:\/\/constoronto.esteri.it\/it\/wp-json\/wp\/v2\/types\/page"}],"author":[{"embeddable":true,"href":"https:\/\/constoronto.esteri.it\/it\/wp-json\/wp\/v2\/users\/3"}],"replies":[{"embeddable":true,"href":"https:\/\/constoronto.esteri.it\/it\/wp-json\/wp\/v2\/comments?post=75"}],"version-history":[{"count":0,"href":"https:\/\/constoronto.esteri.it\/it\/wp-json\/wp\/v2\/pages\/75\/revisions"}],"up":[{"embeddable":true,"href":"https:\/\/constoronto.esteri.it\/it\/wp-json\/wp\/v2\/pages\/13"}],"wp:attachment":[{"href":"https:\/\/constoronto.esteri.it\/it\/wp-json\/wp\/v2\/media?parent=75"}],"curies":[{"name":"wp","href":"https:\/\/api.w.org\/{rel}","templated":true}]}}