{"id":742,"date":"2023-04-11T20:03:25","date_gmt":"2023-04-11T18:03:25","guid":{"rendered":"https:\/\/constoronto.esteri.it\/?page_id=742"},"modified":"2025-01-02T21:31:59","modified_gmt":"2025-01-02T20:31:59","slug":"legalizzazione-di-firma-su-atti-notarili","status":"publish","type":"page","link":"https:\/\/constoronto.esteri.it\/it\/servizi-consolari-e-visti\/servizi-per-il-cittadino-italiano\/traduzione-e-legalizzazione-dei-documenti\/legalizzazione-di-firma-su-atti-notarili\/","title":{"rendered":"Apostille per atti notarili da far valere in Italia"},"content":{"rendered":"<p style=\"text-align: justify;\">Dall&#8217;<strong>11 gennaio 2024<\/strong>, in Canada \u00e8 entrata in vigore la Convenzione dell&#8217;Aja sull&#8217;<strong>Apostille<\/strong>.<\/p>\n<p style=\"text-align: justify;\">Le <strong>Autorit\u00e0 canadesi<\/strong> hanno modificato di conseguenza le <strong>procedure per l&#8217;autentica di certificati e documenti canadesi da far valere all&#8217;estero<\/strong>. In molti casi, il doppio passaggio (autentica di Global Affairs Canada o Servizio Provinciale e legalizzazione del Consolato) non \u00e8 pi\u00f9 necessario, \u00e8 invece sufficiente l&#8217;Apostille emessa dagli uffici canadesi competenti.<\/p>\n<p style=\"text-align: justify;\"><strong>Dal 1 gennaio 2025, il Consolato non legalizza pi\u00f9 atti di stato civile canadesi, n\u00e9 la firma di avvocati o notai pubblici su atti notarili emessi in Canada. <\/strong><a href=\"https:\/\/constoronto.esteri.it\/it\/news\/dal_consolato\/2023\/12\/il-consolato-generale-informa-canada-entrata-in-vigore-della-convenzione-sullapostille-dall11-gennaio-2024\/\">Clicca qui<\/a> per maggiori informazioni sull&#8217;esaurimento dei servizi di legalizzazione.<\/p>\n<p style=\"text-align: justify;\"><strong>Per informazioni su come richiedere l&#8217;Apostille per un atto notarile da far valere in Italia, cliccare sulla voce di seguito e leggere attentamente. <\/strong>Si ricorda che l&#8217;Apostille NON \u00e8 rilasciata dal Consolato ma dalle Autorit\u00e0 canadesi.<\/p>\n<details>\n<summary><span style=\"color: #0000ff;\"><strong>ATTI NOTARILI DA FAR VALERE IN ITALIA &#8211; APOSTILLE<\/strong><\/span><\/summary>\n<p style=\"text-align: justify;\">Per essere fatto valere in Italia, l&#8217;atto notarile emanato da un professionista canadese (avvocati\/notai pubblici abilitati all&#8217;esercizio della professione in Canada), redatto in lingua inglese o francese,\u00a0 <strong>dovr\u00e0 essere apostillato dal competente Ufficio del Ministero degli Affari Esteri canadese (Global Affairs Canada) ad Ottawa o da un Servizio Provinciale di Autentica di Documenti <\/strong>(Ontario, Manitoba, Territori del Nord Ovest)<strong>, competente in base al territorio di emissione del documento.<br \/>\n<\/strong><\/p>\n<p>Un <strong>elenco di professionisti operanti nella circoscrizione <\/strong>del Consolato generale d&#8217;Italia a Toronto, fornito solo <strong>a titolo informativo,<\/strong> \u00e8 disponibile<strong><a href=\"https:\/\/constoronto.esteri.it\/it\/servizi-consolari-e-visti\/servizi-per-il-cittadino-italiano\/informazioni-utili\/lista-avvocati-notary-public-con-firma-depositata\/\"> qui<\/a>.\u00a0<\/strong><\/p>\n<p style=\"text-align: justify;\"><strong>APOSTILLE, CHE COS&#8217;E&#8217; E COME OTTENERLA<br \/>\n<\/strong><strong><br \/>\n<\/strong>Il Canada ha aderito alla Convenzione dell\u2019Aja sull\u2019Apostille, di cui l&#8217;Italia fa parte gi\u00e0 da tempo. L&#8217;Apostille \u00e8 un certificato che accompagna il documento a cui si riferisce e che ha lo scopo di facilitare il riconoscimento di atti formati all&#8217;estero tra i Paesi che aderiscono alla Convenzione.<\/p>\n<p style=\"text-align: justify;\">Dall\u201911 gennaio 2024, se un documento emesso in Canada deve essere fatto valere in Italia, l\u2019utente deve<strong> richiedere l\u2019Apostille al GAC per tutti i documenti emessi o <em>notarized <\/em>in Manitoba e NWT<\/strong>, <strong>cos\u00ec come nel caso di documenti del Governo federale<\/strong>, <strong>o<\/strong> <strong>all\u2019Official Documents Service dell\u2019Ontario\u00a0 (Ministry of Public and Business Service Delivery) \u2013 per tutti i documenti emessi o <em>notarized <\/em>in Ontario<\/strong>.<\/p>\n<p><a href=\"https:\/\/www.international.gc.ca\/gac-amc\/about-a_propos\/services\/authentication-authentification\/apostille-convention.aspx?lang=eng\">Cliccare qui per informazioni su come richiedere l\u2019Apostille al GAC<\/a><\/p>\n<p><a href=\"https:\/\/www.ontario.ca\/page\/authenticate-document-use-outside-canada#section-1\">Cliccare qui per informazioni su come richiedere l\u2019Apostille all\u2019Official Documents Service dell&#8217;Ontario<\/a><\/p>\n<p><strong>Se un documento \u00e8 dotato di Apostille, il Consolato non deve legalizzarlo<\/strong>.<\/p>\n<p>Attenzione: <strong>l&#8217;Apostille non necessita di traduzione in italiano.<\/strong><\/p>\n<p style=\"text-align: justify;\"><span style=\"text-decoration: underline;\"><strong>Se l&#8217;atto notarile deve essere tradotto in lingua italiana<\/strong><\/span>, il Consolato continua a legalizzare le traduzioni effettuate dai<strong> traduttori certificati ATIO con firma depositata<\/strong> in Consolato (<a href=\"https:\/\/constoronto.esteri.it\/it\/servizi-consolari-e-visti\/servizi-per-il-cittadino-italiano\/informazioni-utili\/lista-traduttori-certificati-atio\/\">elenco disponibile qui<\/a>), senza necessit\u00e0 di richiedere l\u2019Apostille. Per ogni legalizzazione, \u00e8 dovuto il pagamento della tariffa consolare (<a href=\"https:\/\/constoronto.esteri.it\/it\/servizi-consolari-e-visti\/servizi-per-il-cittadino-italiano\/informazioni-utili\/tariffe-consolari\/\">art. 69<\/a>).<\/p>\n<p>Se si desidera rivolgersi a traduttori non inclusi nell&#8217;elenco dei traduttori con firma depositata, l&#8217;utente dovr\u00e0 poi:<\/p>\n<ol>\n<li><strong> far legalizzare <\/strong><em><strong>(notarize) <\/strong><\/em><strong>la traduzione da un <\/strong><em><strong>notary public<\/strong><\/em><strong>\/avvocato<\/strong> abilitato all&#8217;esercizio della professione in\u00a0 Canada e<\/li>\n<li><strong>richiedere<\/strong> successivamente <strong>il rilascio dell&#8217;Apostille al GAC o all&#8217;Official Documents Service dell&#8217;Ontario<\/strong>, a seconda del luogo in cui la traduzione \u00e8 stata <em>notarized<\/em>.<\/li>\n<\/ol>\n<p><strong>Una volta apostillata, la traduzione non necessita di ulteriore legalizzazione del Consolato.<\/strong><\/p>\n<p style=\"text-align: justify;\">Si rammenta, infine, che <strong>un atto notarile redatto in lingua diversa dall&#8217;italiano pu\u00f2 essere tradotto in italiano anche in Italia<\/strong>. Non \u00e8 sempre necessario che esso sia fatto tradurre in Canada.<\/p>\n<\/details>\n<p>&nbsp;<\/p>\n","protected":false},"excerpt":{"rendered":"Dall&#8217;11 gennaio 2024, in Canada \u00e8 entrata in vigore la Convenzione dell&#8217;Aja sull&#8217;Apostille. Le Autorit\u00e0 canadesi hanno modificato di conseguenza le procedure per l&#8217;autentica di certificati e documenti canadesi da far valere all&#8217;estero. In molti casi, il doppio passaggio (autentica di Global Affairs Canada o Servizio Provinciale e legalizzazione del Consolato) non \u00e8 pi\u00f9 necessario, [&hellip;]","protected":false},"author":6,"featured_media":0,"parent":200,"menu_order":1,"comment_status":"closed","ping_status":"closed","template":"","meta":{"footnotes":""},"class_list":["post-742","page","type-page","status-publish","hentry"],"_links":{"self":[{"href":"https:\/\/constoronto.esteri.it\/it\/wp-json\/wp\/v2\/pages\/742","targetHints":{"allow":["GET"]}}],"collection":[{"href":"https:\/\/constoronto.esteri.it\/it\/wp-json\/wp\/v2\/pages"}],"about":[{"href":"https:\/\/constoronto.esteri.it\/it\/wp-json\/wp\/v2\/types\/page"}],"author":[{"embeddable":true,"href":"https:\/\/constoronto.esteri.it\/it\/wp-json\/wp\/v2\/users\/6"}],"replies":[{"embeddable":true,"href":"https:\/\/constoronto.esteri.it\/it\/wp-json\/wp\/v2\/comments?post=742"}],"version-history":[{"count":6,"href":"https:\/\/constoronto.esteri.it\/it\/wp-json\/wp\/v2\/pages\/742\/revisions"}],"predecessor-version":[{"id":5864,"href":"https:\/\/constoronto.esteri.it\/it\/wp-json\/wp\/v2\/pages\/742\/revisions\/5864"}],"up":[{"embeddable":true,"href":"https:\/\/constoronto.esteri.it\/it\/wp-json\/wp\/v2\/pages\/200"}],"wp:attachment":[{"href":"https:\/\/constoronto.esteri.it\/it\/wp-json\/wp\/v2\/media?parent=742"}],"curies":[{"name":"wp","href":"https:\/\/api.w.org\/{rel}","templated":true}]}}