{"id":721,"date":"2023-04-07T21:31:24","date_gmt":"2023-04-07T19:31:24","guid":{"rendered":"https:\/\/constoronto.esteri.it\/?page_id=721"},"modified":"2025-01-17T19:39:59","modified_gmt":"2025-01-17T18:39:59","slug":"lista-avvocati-notary-public-con-firma-depositata","status":"publish","type":"page","link":"https:\/\/constoronto.esteri.it\/it\/servizi-consolari-e-visti\/servizi-per-il-cittadino-italiano\/informazioni-utili\/lista-avvocati-notary-public-con-firma-depositata\/","title":{"rendered":"Lista avvocati\/notai pubblici"},"content":{"rendered":"<p><strong>ATTENZIONE:<\/strong> Dall&#8217;<strong>11 gennaio 2024<\/strong>, in Canada \u00e8 entrata in vigore la Convenzione dell&#8217;Aja sull&#8217;<strong>Apostille<\/strong>. Le <strong>Autorit\u00e0 canadesi<\/strong> <strong>hanno modificato<\/strong>\u00a0di conseguenza <strong>le procedure per l&#8217;autentica di certificati e documenti canadesi da far valere all&#8217;estero<\/strong>. In molti casi, il doppio passaggio (autentica di Global Affairs Canada o Servizio Provinciale e legalizzazione del Consolato) non \u00e8 pi\u00f9 necessario, \u00e8 invece sufficiente il certificato di Apostille emesso dagli uffici canadesi competenti. <strong><a href=\"https:\/\/constoronto.esteri.it\/it\/servizi-consolari-e-visti\/servizi-per-il-cittadino-italiano\/traduzione-e-legalizzazione-dei-documenti\/legalizzazione-di-firma-su-atti-notarili\/\">Cliccare qui<\/a> <\/strong>per maggiori informazioni sull&#8217;Apostille.<\/p>\n<p><strong>Dal 1 gennaio 2025<\/strong>,<strong> il Consolato Generale non legalizza pi\u00f9 le firme di avvocati\/notai pubblici<\/strong> qui depositate. Sono inoltre terminati quasi tutti i servizi di legalizzazione. Gli atti notarili e altri documenti ufficiali canadesi dovranno essere sottoposti ad Apostille. Per maggiori informazioni,<strong> <a href=\"https:\/\/constoronto.esteri.it\/it\/news\/dal_consolato\/2024\/11\/apostille-esaurimento-della-maggior-parte-dei-servizi-di-legalizzazione-consolare-entro-il-31-dicembre-2024\/\">cliccare qui<\/a>.<\/strong><\/p>\n<hr \/>\n<p><strong>I nominativi riportati nell&#8217;allegato a fondo pagina vengono forniti \u2013 in ordine alfabetico &#8211; a titolo meramente informativo e non esaustivo.<\/strong><\/p>\n<p>Il Consolato Generale non sottopone a verifica la loro attivit\u00e0, n\u00e9 risponde per il loro operato. Il Consolato Generale non pu\u00f2 pertanto assumere alcuna responsabilit\u00e0 sugli esiti di eventuali rapporti che avverranno su base del tutto diretta e privatistica.<br \/>\nQuesto Consolato Generale declina ogni responsabilit\u00e0 da danni derivanti da imprecisioni od omissioni nei dati personali forniti dai professionisti.<\/p>\n<p>In caso di irreperibilit\u00e0, si fa presente che il nominativo del professionista verr\u00e0 cancellato dalla lista senza ulteriori comunicazioni.<\/p>\n<p>L&#8217;elenco \u00e8 soggetto ad aggiornamento quadrimestrale.<\/p>\n<p>Nel caso in cui un professionista operante in questa <a href=\"https:\/\/constoronto.esteri.it\/it\/chi-siamo\/\" target=\"_blank\" rel=\"noopener\">circoscrizione consolare<\/a> voglia essere inserito in elenco, dovr\u00e0 rivolgersi all&#8217;indirizzo\u00a0 <a href=\"mailto:toronto.notarile@esteri.it\">toronto.notarile@esteri.it<\/a>.<\/p>\n<ul>\n<li><a href=\"https:\/\/constoronto.esteri.it\/wp-content\/uploads\/2025\/01\/Elenco-Avvocati_Allegato_17GENNAIO2025_rev.pdf\"><strong>Elenco <\/strong>di avvocati\/notaries public operanti nella Circoscrizione di Toronto<\/a><\/li>\n<\/ul>\n","protected":false},"excerpt":{"rendered":"ATTENZIONE: Dall&#8217;11 gennaio 2024, in Canada \u00e8 entrata in vigore la Convenzione dell&#8217;Aja sull&#8217;Apostille. Le Autorit\u00e0 canadesi hanno modificato\u00a0di conseguenza le procedure per l&#8217;autentica di certificati e documenti canadesi da far valere all&#8217;estero. In molti casi, il doppio passaggio (autentica di Global Affairs Canada o Servizio Provinciale e legalizzazione del Consolato) non \u00e8 pi\u00f9 necessario, [&hellip;]","protected":false},"author":6,"featured_media":0,"parent":674,"menu_order":3,"comment_status":"closed","ping_status":"closed","template":"","meta":{"footnotes":""},"class_list":["post-721","page","type-page","status-publish","hentry"],"_links":{"self":[{"href":"https:\/\/constoronto.esteri.it\/it\/wp-json\/wp\/v2\/pages\/721","targetHints":{"allow":["GET"]}}],"collection":[{"href":"https:\/\/constoronto.esteri.it\/it\/wp-json\/wp\/v2\/pages"}],"about":[{"href":"https:\/\/constoronto.esteri.it\/it\/wp-json\/wp\/v2\/types\/page"}],"author":[{"embeddable":true,"href":"https:\/\/constoronto.esteri.it\/it\/wp-json\/wp\/v2\/users\/6"}],"replies":[{"embeddable":true,"href":"https:\/\/constoronto.esteri.it\/it\/wp-json\/wp\/v2\/comments?post=721"}],"version-history":[{"count":7,"href":"https:\/\/constoronto.esteri.it\/it\/wp-json\/wp\/v2\/pages\/721\/revisions"}],"predecessor-version":[{"id":6312,"href":"https:\/\/constoronto.esteri.it\/it\/wp-json\/wp\/v2\/pages\/721\/revisions\/6312"}],"up":[{"embeddable":true,"href":"https:\/\/constoronto.esteri.it\/it\/wp-json\/wp\/v2\/pages\/674"}],"wp:attachment":[{"href":"https:\/\/constoronto.esteri.it\/it\/wp-json\/wp\/v2\/media?parent=721"}],"curies":[{"name":"wp","href":"https:\/\/api.w.org\/{rel}","templated":true}]}}