{"id":6908,"date":"2025-04-03T22:27:22","date_gmt":"2025-04-03T20:27:22","guid":{"rendered":"https:\/\/constoronto.esteri.it\/?page_id=6908"},"modified":"2025-08-13T21:18:31","modified_gmt":"2025-08-13T19:18:31","slug":"cittadinanza-per-discendenza-fino-al-27-marzo-2025","status":"publish","type":"page","link":"https:\/\/constoronto.esteri.it\/it\/servizi-consolari-e-visti\/servizi-per-il-cittadino-straniero\/cittadinanza\/cittadinanza-italiana-per-discendenza\/cittadinanza-per-discendenza-fino-al-27-marzo-2025\/","title":{"rendered":"Cittadinanza per discendenza &#8211; Normativa Applicabile"},"content":{"rendered":"<p>Se siete arrivati a questa pagina direttamente da un motore di ricerca, vi preghiamo di consultare prima la pagina principale:\u00a0<a href=\"https:\/\/constoronto.esteri.it\/it\/servizi-consolari-e-visti\/servizi-per-il-cittadino-straniero\/cittadinanza\/cittadinanza-italiana-per-discendenza\/\">Cittadinanza italiana per discendenza<\/a><\/p>\n<hr \/>\n<p><span style=\"color: #0000ff;\"><strong>CHI PUO\u2019 PRESENTARE DOMANDA DI RICONOSCIMENTO PRESSO IL CONSOLATO GENERALE DI TORONTO<\/strong><\/span><\/p>\n<p>a)<strong> I discendenti di cittadini italiani<\/strong>, che siano <strong>nati in Canada<\/strong> <strong>e<\/strong> siano <strong>\u00a0residenti<\/strong> in questa circoscrizione (per verificare la circoscrizione, <a href=\"https:\/\/constoronto.esteri.it\/it\/chi-siamo\/\">clicca qui<\/a>);<\/p>\n<p>b) <strong>I discendenti di cittadini italian<\/strong>i, <strong>nati in altro paese straniero<\/strong>, <strong>se<\/strong> <strong>con regolare permesso canadese di residenza permanente (PR Card)<\/strong> in questa circoscrizione (per verificare la circoscrizione, <a href=\"https:\/\/constoronto.esteri.it\/it\/chi-siamo\/\">clicca qui<\/a>).<\/p>\n<hr \/>\n<details>\n<summary><span style=\"color: #0000ff;\"><strong>REQUISITI GENERALI SE SI RIENTRA NEI CASI PREVISTI DALL&#8217;ART. 3-BIS DELLA L. 91\/1992<\/strong><\/span><\/summary>\n<ol>\n<li style=\"text-align: justify;\"><strong>Coloro che sono nati <u>PRIMA del 1 gennaio 1948<\/u> <\/strong>possono essere riconosciuti cittadini italiani <strong><u>ESCLUSIVAMENTE<\/u><\/strong><strong><u>PER LINEA PATERNA<\/u><\/strong><u>,<\/u> se il padre cittadino italiano al momento della loro nascita ha mantenuto la cittadinanza durante la minore et\u00e0 dei richiedenti.<\/li>\n<li style=\"text-align: justify;\"><strong> Coloro che sono nati <u>DOPO il 1 gennaio 1948<\/u><\/strong><u><\/u>possono essere riconosciuti cittadini italiani<strong> PER LINEA MATERNA O PATERNA<\/strong>, se madre o padre cittadini italiani al momento della loro nascita hanno mantenuto la cittadinanza italiana durante la minore et\u00e0 dei richiedenti.<\/li>\n<li style=\"text-align: justify;\">Il richiedente, in ogni caso, deve provare il <strong><u>MANTENIMENTO della cittadinanza SENZA INTERRUZIONE a partire da un avo cittadino italiano<\/u><\/strong>. <strong>Se l&#8217;avo<\/strong>, o uno dei discendenti, <strong>ha <u>PERSO<\/u><\/strong> la cittadinanza italiana (o vi ha rinunciato) <strong><u>prima della nascita della generazione successiva<\/u><\/strong><strong>, o comunque <u>durante la minore et\u00e0 del discendente successivo<\/u>, ad esempio perch\u00e9 (l&#8217;avo) si \u00e8 naturalizzato canadese, la trasmissione della cittadinanza \u00e8 INTERROTTA. <\/strong><\/li>\n<\/ol>\n<p>&nbsp;<\/p>\n<\/details>\n<hr \/>\n","protected":false},"excerpt":{"rendered":"Se siete arrivati a questa pagina direttamente da un motore di ricerca, vi preghiamo di consultare prima la pagina principale:\u00a0Cittadinanza italiana per discendenza CHI PUO\u2019 PRESENTARE DOMANDA DI RICONOSCIMENTO PRESSO IL CONSOLATO GENERALE DI TORONTO a) I discendenti di cittadini italiani, che siano nati in Canada e siano \u00a0residenti in questa circoscrizione (per verificare la [&hellip;]","protected":false},"author":6,"featured_media":0,"parent":467,"menu_order":1,"comment_status":"closed","ping_status":"closed","template":"","meta":{"footnotes":""},"class_list":["post-6908","page","type-page","status-publish","hentry"],"_links":{"self":[{"href":"https:\/\/constoronto.esteri.it\/it\/wp-json\/wp\/v2\/pages\/6908","targetHints":{"allow":["GET"]}}],"collection":[{"href":"https:\/\/constoronto.esteri.it\/it\/wp-json\/wp\/v2\/pages"}],"about":[{"href":"https:\/\/constoronto.esteri.it\/it\/wp-json\/wp\/v2\/types\/page"}],"author":[{"embeddable":true,"href":"https:\/\/constoronto.esteri.it\/it\/wp-json\/wp\/v2\/users\/6"}],"replies":[{"embeddable":true,"href":"https:\/\/constoronto.esteri.it\/it\/wp-json\/wp\/v2\/comments?post=6908"}],"version-history":[{"count":7,"href":"https:\/\/constoronto.esteri.it\/it\/wp-json\/wp\/v2\/pages\/6908\/revisions"}],"predecessor-version":[{"id":7859,"href":"https:\/\/constoronto.esteri.it\/it\/wp-json\/wp\/v2\/pages\/6908\/revisions\/7859"}],"up":[{"embeddable":true,"href":"https:\/\/constoronto.esteri.it\/it\/wp-json\/wp\/v2\/pages\/467"}],"wp:attachment":[{"href":"https:\/\/constoronto.esteri.it\/it\/wp-json\/wp\/v2\/media?parent=6908"}],"curies":[{"name":"wp","href":"https:\/\/api.w.org\/{rel}","templated":true}]}}