{"id":652,"date":"2023-03-07T21:49:54","date_gmt":"2023-03-07T20:49:54","guid":{"rendered":"https:\/\/constoronto.esteri.it\/?page_id=652"},"modified":"2024-08-29T22:43:25","modified_gmt":"2024-08-29T20:43:25","slug":"furto-o-smarrimento-dei-documenti-di-identita","status":"publish","type":"page","link":"https:\/\/constoronto.esteri.it\/it\/servizi-consolari-e-visti\/servizi-per-il-cittadino-italiano\/passaporti-e-carte-didentita\/furto-o-smarrimento-dei-documenti-di-identita\/","title":{"rendered":"Furto o smarrimento dei documenti di identit\u00e0"},"content":{"rendered":"<p>In caso di <strong>furto o smarrimento del passaporto<\/strong>, \u00e8 <strong><span style=\"text-decoration: underline;\">sempre<\/span><\/strong> necessario presentare la <strong>denuncia alle autorit\u00e0 di Polizia locali.<\/strong><\/p>\n<p><strong>Il furto o lo smarrimento andranno successivamente denunciati anche al Consolato<\/strong> il quale provveder\u00e0 a rilasciare un nuovo passaporto dopo aver effettuato i necessari accertamenti. Un <strong>modello di denuncia<\/strong> da presentare al Consolato \u00e8 <strong>disponibile a fondo pagina<\/strong>.<\/p>\n<p>La denuncia depositata presso le autorit\u00e0 di polizia canadesi deve essere presentata in copia anche al Consolato, il giorno dell&#8217;appuntamento, insieme a tutta la documentazione necessaria per il rilascio del passaporto. <strong>Si veda <\/strong>al riguardo<strong> la pagina relativa al rilascio del passaporto<\/strong>.<\/p>\n<p>Si ricorda che, per i connazionali iscritti in AIRE nella circoscrizione del Consolato Generale di Toronto, l&#8217;Ufficio Passaporti, dopo aver effettuato le necessarie verifiche, salvo motivi ostativi, potr\u00e0 rilasciare il nuovo passaporto a vista, il giorno dell&#8217;appuntamento. In caso di connazionali non iscritti AIRE in questa circoscrizione o residenti in Italia, il rilascio di un nuovo documento a vista non \u00e8 possibile.<\/p>\n<p>Per informazioni relative al rilascio della <strong>Carta d&#8217;Identit\u00e0 Elettronica<\/strong> (CIE), cliccare <a href=\"https:\/\/constoronto.esteri.it\/it\/servizi-consolari-e-visti\/servizi-per-il-cittadino-italiano\/carte-didentita\/\">qui<\/a>.<\/p>\n<p>In casi particolari, il Consolato pu\u00f2 emettere un <strong>ETD (Emergency Travel Document)<\/strong>. Per approfondimenti, visitare la pagina dedicata.<\/p>\n<p><a href=\"https:\/\/constoronto.esteri.it\/wp-content\/uploads\/2024\/08\/passaportodenunciasmarrimentofurto2_1_updated2024.pdf\">Modello denuncia furto\/smarrimento documenti.<\/a><\/p>\n","protected":false},"excerpt":{"rendered":"In caso di furto o smarrimento del passaporto, \u00e8 sempre necessario presentare la denuncia alle autorit\u00e0 di Polizia locali. Il furto o lo smarrimento andranno successivamente denunciati anche al Consolato il quale provveder\u00e0 a rilasciare un nuovo passaporto dopo aver effettuato i necessari accertamenti. Un modello di denuncia da presentare al Consolato \u00e8 disponibile a [&hellip;]","protected":false},"author":6,"featured_media":0,"parent":192,"menu_order":9,"comment_status":"closed","ping_status":"closed","template":"","meta":{"footnotes":""},"class_list":["post-652","page","type-page","status-publish","hentry"],"_links":{"self":[{"href":"https:\/\/constoronto.esteri.it\/it\/wp-json\/wp\/v2\/pages\/652","targetHints":{"allow":["GET"]}}],"collection":[{"href":"https:\/\/constoronto.esteri.it\/it\/wp-json\/wp\/v2\/pages"}],"about":[{"href":"https:\/\/constoronto.esteri.it\/it\/wp-json\/wp\/v2\/types\/page"}],"author":[{"embeddable":true,"href":"https:\/\/constoronto.esteri.it\/it\/wp-json\/wp\/v2\/users\/6"}],"replies":[{"embeddable":true,"href":"https:\/\/constoronto.esteri.it\/it\/wp-json\/wp\/v2\/comments?post=652"}],"version-history":[{"count":3,"href":"https:\/\/constoronto.esteri.it\/it\/wp-json\/wp\/v2\/pages\/652\/revisions"}],"predecessor-version":[{"id":4636,"href":"https:\/\/constoronto.esteri.it\/it\/wp-json\/wp\/v2\/pages\/652\/revisions\/4636"}],"up":[{"embeddable":true,"href":"https:\/\/constoronto.esteri.it\/it\/wp-json\/wp\/v2\/pages\/192"}],"wp:attachment":[{"href":"https:\/\/constoronto.esteri.it\/it\/wp-json\/wp\/v2\/media?parent=652"}],"curies":[{"name":"wp","href":"https:\/\/api.w.org\/{rel}","templated":true}]}}