{"id":609,"date":"2023-02-27T20:23:50","date_gmt":"2023-02-27T19:23:50","guid":{"rendered":"https:\/\/constoronto.esteri.it\/?page_id=609"},"modified":"2023-04-14T23:09:00","modified_gmt":"2023-04-14T21:09:00","slug":"procedura-rilascio-passaporto-in-caso-di-urgenza","status":"publish","type":"page","link":"https:\/\/constoronto.esteri.it\/it\/servizi-consolari-e-visti\/servizi-per-il-cittadino-italiano\/passaporti-e-carte-didentita\/procedura-rilascio-passaporto-in-caso-di-urgenza\/","title":{"rendered":"Procedura di richiesta del passaporto in caso di urgenza"},"content":{"rendered":"<p>Nei casi di\u00a0<strong>comprovata urgenza<\/strong>, che sar\u00e0 comunque\u00a0<strong>valutata dal responsabile dell\u2019Ufficio<\/strong>, il\u00a0<strong>cittadino italiano\u00a0<a href=\"https:\/\/constoronto.esteri.it\/consolato_toronto\/it\/i_servizi\/per_i_cittadini\/anagrafe\">iscritto all\u2019AIRE<\/a>\u00a0nella circoscrizione Consolare Generale di Toronto<\/strong>\u00a0deve inviare un\u2019email all\u2019indirizzo\u00a0<strong>toronto.passaporti@esteri.it<\/strong>, segnalando nell\u2019oggetto \u201cRICHIESTA PASSAPORTO PROCEDURA D\u2019URGENZA\u201d e descrivendo il proprio caso, con documentazione giustificativa allegata, come indicato di seguito.<\/p>\n<p>Se il caso descritto corrisponde a uno dei casi di emergenza sottoelencati, l\u2019interessato verr\u00e0 ricontattato dal Consolato che, in via eccezionale, fornir\u00e0 un appuntamento per il giorno stesso e, in ogni caso, entro un massimo di 3 giorni dalla richiesta (servizio disponibile esclusivamente nei giorni lavorativi).<\/p>\n<p>Il giorno dell\u2019appuntamento, il richiedente dovr\u00e0 presentarsi in Consolato con i documenti necessari (indicati in questa pagina, nei paragrafi precedenti).<\/p>\n<p><strong>Chi richiede un passaporto di emergenza dovr\u00e0 pagare, oltre al normale costo del passaporto <\/strong>(art. 27A della Tariffa Consolare)<strong>, anche i diritti d&#8217;urgenza.<\/strong>\u00a0Consultare le\u00a0<a href=\"https:\/\/constoronto.esteri.it\/consolato_toronto\/it\/in_linea_con_utente\/risorse%20informative\">Tariffe Consolari<\/a>\u00a0per conoscere l\u2019importo aggiornato.<\/p>\n<p>L&#8217;urgenza deve essere giustificata da:<\/p>\n<p>&#8211;\u00a0<strong>gravi motivi personali\/familiari o di salute<\/strong>, attestati da strutture o autorit\u00e0 competenti pubbliche o private (non \u00e8 richiesto di specificare ulteriormente la condizione di salute o il grave motivo, \u00e8 sufficiente che tale certificazione provenga da un\u2019autorit\u00e0\/struttura competente). Tali documenti dovranno essere redatti in lingua italiana o inglese. Inoltre, il richiedente dovr\u00e0 presentare allo sportello la prenotazione del volo o altro titolo di viaggio;<\/p>\n<p>&#8211;\u00a0<strong>improrogabili necessit\u00e0 di lavoro<\/strong>, comprovate da una richiesta motivata e firmata da chi ricopre incarichi dirigenziali (completa di nominativo, ruolo e numero di telefono di chi firma) e redatta su carta intestata del datore di lavoro. Inoltre il richiedente dovr\u00e0 presentare allo sportello la prenotazione del volo o altro titolo di viaggio;<\/p>\n<p>&#8211;\u00a0<strong>scadenza contestuale ed imminente della Permanent Resident Card canadese e del passaporto italiano<\/strong>.<\/p>\n<p>Si ricorda che i benefici della procedura d&#8217;urgenza per motivi di lavoro e salute, salvo casi del tutto eccezionali e a discrezione del responsabile dell\u2019Ufficio, NON potranno essere estesi anche ai familiari del titolare.<\/p>\n<p><strong>I doppi cittadini italo-canadesi in possesso di un passaporto canadese in corso di validit\u00e0 possono in ogni caso viaggiare\/entrare in Italia con quest\u2019ultimo.<\/strong><\/p>\n<p>Si avvisa che NON saranno ritenute valide le seguenti prove d&#8217;urgenza\/emergenza:<\/p>\n<p>&#8211; Lettere o comunicazioni generiche da cui non si evinca chiaramente la necessit\u00e0 di rientrare in Italia per assistenza a un familiare, ovvero per altri impegni ufficiali o per gravi motivi;<\/p>\n<p>&#8211; I soli biglietti aerei o lettere di parenti, conoscenti, ecc.;<\/p>\n<p>&#8211; Dimostrazione di impegni lavorativi urgenti riportati solo in messaggi ricevuti via email o su dispositivi mobili (chat e simili);<\/p>\n<p>&#8211; Autocertificazioni del richiedente su situazioni di urgenza\/emergenza non comprovate da adeguata documentazione in supporto;<\/p>\n<p>&#8211; Gite scolastiche;<\/p>\n<p>&#8211; Prenotazioni di vacanze.<\/p>\n<p><strong>Il servizio di emissione passaporto in emergenza \u00e8 disponibile solo ed esclusivamente per i cittadini italiani\u00a0<a href=\"https:\/\/constoronto.esteri.it\/consolato_toronto\/it\/i_servizi\/per_i_cittadini\/anagrafe\">iscritti in AIR<\/a><\/strong><a href=\"https:\/\/constoronto.esteri.it\/consolato_toronto\/it\/i_servizi\/per_i_cittadini\/anagrafe\"><strong>E<\/strong><\/a>\u00a0presso questo Consolato Generale.<\/p>\n<p>In presenza di <strong>figli minori<\/strong>, \u00e8 comunque necessario l&#8217;<strong>assenso dell&#8217;altro genitore<\/strong>.<\/p>\n","protected":false},"excerpt":{"rendered":"Nei casi di\u00a0comprovata urgenza, che sar\u00e0 comunque\u00a0valutata dal responsabile dell\u2019Ufficio, il\u00a0cittadino italiano\u00a0iscritto all\u2019AIRE\u00a0nella circoscrizione Consolare Generale di Toronto\u00a0deve inviare un\u2019email all\u2019indirizzo\u00a0toronto.passaporti@esteri.it, segnalando nell\u2019oggetto \u201cRICHIESTA PASSAPORTO PROCEDURA D\u2019URGENZA\u201d e descrivendo il proprio caso, con documentazione giustificativa allegata, come indicato di seguito. Se il caso descritto corrisponde a uno dei casi di emergenza sottoelencati, l\u2019interessato verr\u00e0 ricontattato [&hellip;]","protected":false},"author":6,"featured_media":0,"parent":192,"menu_order":5,"comment_status":"closed","ping_status":"closed","template":"","meta":{"footnotes":""},"class_list":["post-609","page","type-page","status-publish","hentry"],"_links":{"self":[{"href":"https:\/\/constoronto.esteri.it\/it\/wp-json\/wp\/v2\/pages\/609","targetHints":{"allow":["GET"]}}],"collection":[{"href":"https:\/\/constoronto.esteri.it\/it\/wp-json\/wp\/v2\/pages"}],"about":[{"href":"https:\/\/constoronto.esteri.it\/it\/wp-json\/wp\/v2\/types\/page"}],"author":[{"embeddable":true,"href":"https:\/\/constoronto.esteri.it\/it\/wp-json\/wp\/v2\/users\/6"}],"replies":[{"embeddable":true,"href":"https:\/\/constoronto.esteri.it\/it\/wp-json\/wp\/v2\/comments?post=609"}],"version-history":[{"count":0,"href":"https:\/\/constoronto.esteri.it\/it\/wp-json\/wp\/v2\/pages\/609\/revisions"}],"up":[{"embeddable":true,"href":"https:\/\/constoronto.esteri.it\/it\/wp-json\/wp\/v2\/pages\/192"}],"wp:attachment":[{"href":"https:\/\/constoronto.esteri.it\/it\/wp-json\/wp\/v2\/media?parent=609"}],"curies":[{"name":"wp","href":"https:\/\/api.w.org\/{rel}","templated":true}]}}