{"id":607,"date":"2023-02-27T20:17:55","date_gmt":"2023-02-27T19:17:55","guid":{"rendered":"https:\/\/constoronto.esteri.it\/?page_id=607"},"modified":"2024-11-20T22:23:22","modified_gmt":"2024-11-20T21:23:22","slug":"validita-costi-e-modalita-di-pagamento","status":"publish","type":"page","link":"https:\/\/constoronto.esteri.it\/it\/servizi-consolari-e-visti\/servizi-per-il-cittadino-italiano\/passaporti-e-carte-didentita\/validita-costi-e-modalita-di-pagamento\/","title":{"rendered":"Validit\u00e0, costi e modalit\u00e0 di pagamento"},"content":{"rendered":"<p><strong>Validit\u00e0<\/strong><\/p>\n<p>Il passaporto biometrico \u00e8 un documento di identit\u00e0 provvisto di microchip all\u2019interno del quale, oltre ai dati anagrafici, sono memorizzate anche la foto e le impronte digitali del titolare.<\/p>\n<p><strong>Sono esentati dalla rilevazione delle impronte digitali i minori di 12 anni e le persone affette da malattia o altro impedimento di natura permanente certificati con le modalit\u00e0 previste dalla legge.\u00a0<\/strong>Per ulteriori informazioni sul passaporto per chi ha un permanente impedimento a viaggiare\u00a0cliccare qui.<\/p>\n<p>Validit\u00e0 del passaporto biometrico:<\/p>\n<ul>\n<li>3 anni per i minori da 0 a 3 anni;<\/li>\n<li>5 anni per i minori dai 3 anni fino ai 17 anni;<\/li>\n<li>10 anni per i titolari maggiorenni.<\/li>\n<\/ul>\n<p>&nbsp;<\/p>\n<p><strong>Costi e modalit\u00e0 di pagamento<\/strong><\/p>\n<p>Il costo del passaporto \u00e8<strong> soggetto al tasso di ragguaglio trimestrale dovuto all&#8217;andamento del cambio tra Euro e Dollaro Canadese<\/strong> (EUR\/CAD).<\/p>\n<p>Per <strong>verificare gli importi aggiornati<\/strong>, consultare le\u00a0<strong><a href=\"https:\/\/constoronto.esteri.it\/it\/servizi-consolari-e-visti\/servizi-per-il-cittadino-italiano\/informazioni-utili\/tariffe-consolari\/\">Tariffe Consolari<\/a><\/strong>.<\/p>\n<p>Il pagamento pu\u00f2 essere effettuato in <strong>contanti<\/strong> (dollari canadesi) il giorno dell&#8217;appuntamento, ovvero con <strong>money order\/bank draft<\/strong> intestato al Consolato Generale d&#8217;Italia a Toronto, per l&#8217;importo esatto. Dal <a href=\"https:\/\/constoronto.esteri.it\/it\/news\/dal_consolato\/2023\/07\/il-consolato-generale-informa-2\/\" target=\"_blank\" rel=\"noopener\">20 luglio<\/a> 2023, \u00e8 possibile pagare le percezioni consolari per i servizi erogati \u201cin persona\u201d agli sportelli anche tramite <strong>carte di debito<\/strong> <strong>canadesi<\/strong> (le carte di credito non sono accettate).<\/p>\n","protected":false},"excerpt":{"rendered":"Validit\u00e0 Il passaporto biometrico \u00e8 un documento di identit\u00e0 provvisto di microchip all\u2019interno del quale, oltre ai dati anagrafici, sono memorizzate anche la foto e le impronte digitali del titolare. Sono esentati dalla rilevazione delle impronte digitali i minori di 12 anni e le persone affette da malattia o altro impedimento di natura permanente certificati [&hellip;]","protected":false},"author":6,"featured_media":0,"parent":192,"menu_order":4,"comment_status":"closed","ping_status":"closed","template":"","meta":{"footnotes":""},"class_list":["post-607","page","type-page","status-publish","hentry"],"_links":{"self":[{"href":"https:\/\/constoronto.esteri.it\/it\/wp-json\/wp\/v2\/pages\/607","targetHints":{"allow":["GET"]}}],"collection":[{"href":"https:\/\/constoronto.esteri.it\/it\/wp-json\/wp\/v2\/pages"}],"about":[{"href":"https:\/\/constoronto.esteri.it\/it\/wp-json\/wp\/v2\/types\/page"}],"author":[{"embeddable":true,"href":"https:\/\/constoronto.esteri.it\/it\/wp-json\/wp\/v2\/users\/6"}],"replies":[{"embeddable":true,"href":"https:\/\/constoronto.esteri.it\/it\/wp-json\/wp\/v2\/comments?post=607"}],"version-history":[{"count":3,"href":"https:\/\/constoronto.esteri.it\/it\/wp-json\/wp\/v2\/pages\/607\/revisions"}],"predecessor-version":[{"id":5305,"href":"https:\/\/constoronto.esteri.it\/it\/wp-json\/wp\/v2\/pages\/607\/revisions\/5305"}],"up":[{"embeddable":true,"href":"https:\/\/constoronto.esteri.it\/it\/wp-json\/wp\/v2\/pages\/192"}],"wp:attachment":[{"href":"https:\/\/constoronto.esteri.it\/it\/wp-json\/wp\/v2\/media?parent=607"}],"curies":[{"name":"wp","href":"https:\/\/api.w.org\/{rel}","templated":true}]}}