{"id":598,"date":"2023-02-27T19:44:05","date_gmt":"2023-02-27T18:44:05","guid":{"rendered":"https:\/\/constoronto.esteri.it\/?page_id=598"},"modified":"2025-12-03T22:50:35","modified_gmt":"2025-12-03T21:50:35","slug":"passaporto-per-minori-da-0-a-3-anni","status":"publish","type":"page","link":"https:\/\/constoronto.esteri.it\/it\/servizi-consolari-e-visti\/servizi-per-il-cittadino-italiano\/passaporti-e-carte-didentita\/passaporto-per-minori-da-0-a-3-anni\/","title":{"rendered":"Passaporto per minori da 0 a 3 anni"},"content":{"rendered":"<p><strong>Si raccomanda di leggere attentamente<\/strong> tutto quanto riportato in questa pagina e di cliccare sui link e scaricare la modulistica solo al termine della lettura.<\/p>\n<p>Per il rilascio di un passaporto in favore di un minore da 0 a 3 anni di et\u00e0 (non compiuti), <strong>il genitore deve prendere un appuntamento tramite il sistema di prenotazione <a href=\"https:\/\/constoronto.esteri.it\/it\/servizi-consolari-e-visti\/servizi-per-il-cittadino-italiano\/altri-servizi\/prenotmi\/\">Prenot@mi<\/a>.<\/strong><\/p>\n<p><strong>\u00c8 possibile prenotare un appuntamento<\/strong> per depositare la domanda di nuovo passaporto <strong>anche presso i Vice Consolati Onorari<\/strong> abilitati (attualmente: <strong>Sarnia, Sudbury, Thunder Bay, Winnipeg<\/strong>). Il Vice Console Onorario ricever\u00e0 la pratica e si occuper\u00e0 dell\u2019acquisizione dei dati. <strong>I Vice Consoli Onorari ricevono le pratiche di coloro che sono residenti nella loro circoscrizione di competenza<\/strong>. Per informazioni sulle circoscrizioni\u00a0 e i contatti della Rete Onoraria, <a href=\"https:\/\/constoronto.esteri.it\/it\/chi-siamo\/la-rete-consolare\/vice-consoli-onorari\/\"><strong>cliccare qui<\/strong><\/a>.<\/p>\n<hr \/>\n<p><span style=\"text-decoration: underline;\"><strong>ATTENZIONE<\/strong><\/span>: <strong>Il<\/strong><strong> calendario prenotazioni 2026 \u00e8 disponibile su Prenot@mi<\/strong>. Sono attivi i servizi 70Plus e il servizio di rilascio passaporto con procedura di urgenza. Per maggiori informazioni, <a href=\"https:\/\/constoronto.esteri.it\/it\/news\/dal_consolato\/2025\/10\/calendaro-servizio-70-plus-27-ottobre-2025-27-marzo-2026\/\"><strong>cliccare qui<\/strong><\/a><strong>. Per informazioni sull&#8217;uso di Prenot@mi per la prenotazione del servizio, leggere attentamente la notizia disponibile <a href=\"https:\/\/constoronto.esteri.it\/it\/news\/dal_consolato\/2025\/12\/calendari-2026-per-la-prenotazione-di-appuntamenti-per-passaporto-e-carta-didentita-elettronica\/\">qui<\/a>.\u00a0<\/strong><\/p>\n<hr \/>\n<p><strong><br \/>\nAl minore di et\u00e0 inferiore ai 12 anni non vengono rilevate le impronte digitali<\/strong>.<\/p>\n<p><strong>La presenza del figlio minore in Consolato (o presso il Vice Consolato Onorario) \u00e8 comunque necessaria<\/strong>. Qualora il minore gi\u00e0 disponga di un passaporto di altra nazionalit\u00e0 esso consentir\u00e0 di agevolare il controllo dei dati anagrafici e la sua identificazione.<\/p>\n<p>Presso il Consolato Generale d&#8217;Italia a Toronto, il rilascio del passaporto avviene generalmente &#8220;a vista&#8221;, vale a dire che il documento, salvo impedimenti, viene emesso nella stessa giornata dell&#8217;appuntamento.<br \/>\n<strong>Il rilascio &#8220;a vista&#8221; \u00e8 possibile solo se il richiedente \u00e8 iscritto all\u2019<a href=\"https:\/\/constoronto.esteri.it\/it\/servizi-consolari-e-visti\/servizi-per-il-cittadino-italiano\/anagrafe-degli-italiani-residenti-allestero-aire\/\">AIRE<\/a> con indirizzo di residenza aggiornato in questa circoscrizione consolare<\/strong> (costituita da: Ontario, Manitoba e Territori del Nord Ovest, con alcune eccezioni indicate di seguito).<\/p>\n<p>Per chiedere il rilascio del passaporto italiano a questo Ufficio Consolare, \u00e8 necessario:<\/p>\n<ol>\n<li>Essere\u00a0<strong>cittadini italiani<\/strong><\/li>\n<li>Essere i<strong>scritti all\u2019AIRE con indirizzo di residenza aggiornato<\/strong>\u00a0in questa\u00a0circoscrizione consolare. Il Consolato Generale d\u2019Italia a Toronto \u00e8 competente per\u00a0<strong>Manitoba, Territori del Nord Ovest e Ontario, con alcune eccezioni<\/strong>: per la citt\u00e0 di Ottawa e le contee di Carleton, Dundas, Glengarry, Grenville, Prescott, Russel e Stormont \u00e8 necessario rivolgersi all&#8217;Ambasciata d&#8217;Italia a Ottawa.<\/li>\n<\/ol>\n<p><strong>Il passaporto di un minore di et\u00e0 compresa tra 0 e 3 anni (non compiuti) \u00e8 valido per 3 anni.<\/strong><\/p>\n<hr \/>\n<p><strong>Documenti necessari il giorno dell&#8217;appuntamento<\/strong><\/p>\n<ol>\n<li><strong><a href=\"https:\/\/constoronto.esteri.it\/wp-content\/uploads\/2023\/05\/domanda_passaporto_minori_2023.pdf\" target=\"_blank\" rel=\"noopener\">Modulo di richiesta\u00a0per minorenni<\/a>,\u00a0<\/strong>il quale\u00a0deve essere\u00a0<strong>compilato e firmato da<\/strong><span style=\"text-decoration: underline;\">\u00a0<\/span><strong><span style=\"text-decoration: underline;\">entrambi<\/span> i genitori*<\/strong>.<br \/>\n<strong>Attenzione:<\/strong>\u00a0in caso di rilascio di <strong>primo passaporto<\/strong>, i genitori devono avere gi\u00e0 registrato <strong>l\u2019atto di nascita del minore<\/strong> presso il proprio Comune di riferimento in Italia. <strong>Se i genitori non hanno ancora provveduto<\/strong> a richiedere a questo Consolato la trascrizione in Italia dell&#8217;atto di nascita del minore, i genitori dovranno seguire la procedura prevista per la trascrizione dell\u2019atto. <u><strong>Prima di prenotare un appuntamento<\/strong> per il rilascio del passaporto, i genitori\/tutori sono pregati di attendere conferma dell&#8217;avvenuta trasmissione dell&#8217;atto di nascita al Comune competente.<\/u>\u00a0<a href=\"https:\/\/constoronto.esteri.it\/it\/servizi-consolari-e-visti\/servizi-per-il-cittadino-italiano\/stato-civile\/atti-di-nascita\/\">Clicca qui<\/a>\u00a0per ulteriori informazioni sulla procedura di\u00a0<strong>trascrizione dell\u2019atto di nascita<\/strong>.<\/li>\n<li><strong>Due foto\u00a0<\/strong>(identiche, frontali, a colori, formato tessera\u00a035X45 mm (la lunghezza dell\u2019immagine del viso, dal mento alla sommit\u00e0 della testa, deve essere da 32 a 35 mm), fatte al massimo 6 mesi prima &#8211;\u00a0<a href=\"https:\/\/constoronto.esteri.it\/wp-content\/uploads\/2023\/05\/fotografia_passaporto_web_OK.pdf\"><strong>Cliccare qui per lo Specimen<\/strong><\/a> (nota bene: lo sfondo deve essere bianco o molto chiaro e sempre in tinta unita).<\/li>\n<li>Il\u00a0<strong>precedente passaporto italiano. I<\/strong><strong>n caso di primo rilascio<\/strong>, un altro documento d\u2019identit\u00e0 (passaporto) del minore in corso di validit\u00e0, se disponibile. <strong>I cittadini italo-canadesi<\/strong> dovranno presentare il passaporto canadese, ove disponibile.<\/li>\n<li><strong>Una prova di indirizzo aggiornata del genitore, <\/strong>per es. fattura recente di utenze o Ontario Photo Card.<\/li>\n<li>I <strong>genitori<\/strong> devono presentarsi con i rispettivi <strong>passaporti, italiani o stranieri<\/strong>.<\/li>\n<\/ol>\n<p>&nbsp;<\/p>\n<hr \/>\n<p><strong>*ASSENSO DELL\u2019ALTRO GENITORE \u2013 INFORMAZIONI UTILI<\/strong><\/p>\n<p>Nel caso di rilascio del passaporto in favore di un minore, il modulo di richiesta deve essere firmato da entrambi i genitori.<\/p>\n<p>Se entrambi i genitori sono <strong>cittadini dell\u2019Unione Europea<\/strong> (ad es. sono entrambi italiani), \u00e8 sufficiente che firmino entrambi il modulo di richiesta passaporto per il minore e alleghino copia di un documento di identit\u00e0 in corso di validit\u00e0.<\/p>\n<p>Nel caso invece in cui uno dei due genitori <strong>non sia cittadino dell\u2019Unione Europea<\/strong>, lo stesso \u00e8 tenuto a presentarsi di persona il giorno dell&#8217;appuntamento per il rilascio del passaporto del minore, con passaporto in corso di validit\u00e0, per firmare il <strong><a href=\"https:\/\/constoronto.esteri.it\/wp-content\/uploads\/2023\/07\/assenso_consenso_-_modulo_-_bilingue_REV2023.pdf\" target=\"_blank\" rel=\"noopener\">modulo di assenso<\/a>.<\/strong><br \/>\nLa firma deve essere autenticata da un funzionario del Consolato Generale. In alternativa, nel caso in cui il genitore extracomunitario non possa presentarsi di persona, la sua firma potr\u00e0 essere autenticata da un Vice Console Onorario. L&#8217;autentica amministrativa di firma \u00e8 soggetta a pagamento (Art. 24 &#8211; Clicca qui per la <a href=\"https:\/\/constoronto.esteri.it\/it\/servizi-consolari-e-visti\/servizi-per-il-cittadino-italiano\/informazioni-utili\/tariffe-consolari\/\">tariffa Consolare<\/a>). In alternativa, l\u2019autenticazione pu\u00f2 essere fatta da un avvocato\/notaio pubblico e deve essere sottoposta ad <a href=\"https:\/\/constoronto.esteri.it\/it\/servizi-consolari-e-visti\/servizi-per-il-cittadino-straniero\/traduzione-e-legalizzazione-dei-documenti\/\">apostille<\/a>.<\/p>\n<p>In caso di decesso di uno dei genitori, sar\u00e0 necessario presentare il certificato di morte in originale.<\/p>\n<p><strong>Nel caso in cui non fosse in alcun modo possibile ottenere l\u2019assenso dell\u2019altro genitore<\/strong>, sar\u00e0 necessario ottenere l\u2019emissione di un Decreto del Giudice Tutelare. Il Console Generale di Toronto esercita le funzioni di Giudice Tutelare per i minori residenti\/iscritti nella circoscrizione di questo Consolato Generale. La documentazione per la richiesta di passaporto (del genitore maggiorenne o del figlio minore), corredata dalla richiesta di ricorso al Giudice Tutelare (<a href=\"https:\/\/constoronto.esteri.it\/wp-content\/uploads\/2023\/03\/modulo_istanza_giudice_tutelare_toronto2022_bilingual_1-1.pdf\">cliccare qui per il modello<\/a>), deve essere trasmessa via posta all\u2019Ufficio Passaporti di questo Consolato Generale (136 Beverley Street, M5T 1Y5, Toronto, ON) o consegnata a mano il giorno dell\u2019appuntamento.<\/p>\n<p>Nel caso in cui l\u2019istanza di ricorso al Giudice Tutelare sia presentata il giorno dell\u2019appuntamento, \u00e8 da notare che<strong>\u00a0il passaporto non potr\u00e0 essere rilasciato a vista<\/strong>, in quanto l\u2019Ufficio Consolare dovr\u00e0 a propria volta esperire uno o pi\u00f9 tentativi allo scopo di ottenere l\u2019assenso dell\u2019altro genitore e l\u2019istanza dovr\u00e0 essere valutata nel suo complesso, nell\u2019interesse del minore.<\/p>\n<hr \/>\n<p>Se si \u00e8\u00a0<strong>residenti in altra circoscrizione consolare, oppure si risiede in Italia<\/strong>, \u00e8 possibile richiedere il rilascio del passaporto a questo Consolato (sempre e solo previo appuntamento tramite Prenot@mi) <strong>in circostanze eccezionali<\/strong>, che andranno comprovate. In questo caso, il Consolato dovr\u00e0 richiedere la delega al rilascio del passaporto alla Questura in Italia o all\u2019Ufficio Consolare italiano all\u2019estero competente per residenza,\u00a0<strong>con conseguenti tempi superiori di attesa\u00a0<\/strong>(non \u00e8 possibile il rilascio \u201ca vista\u201d).<\/p>\n<p>&nbsp;<\/p>\n","protected":false},"excerpt":{"rendered":"Si raccomanda di leggere attentamente tutto quanto riportato in questa pagina e di cliccare sui link e scaricare la modulistica solo al termine della lettura. Per il rilascio di un passaporto in favore di un minore da 0 a 3 anni di et\u00e0 (non compiuti), il genitore deve prendere un appuntamento tramite il sistema di [&hellip;]","protected":false},"author":6,"featured_media":0,"parent":192,"menu_order":2,"comment_status":"closed","ping_status":"closed","template":"","meta":{"footnotes":""},"class_list":["post-598","page","type-page","status-publish","hentry"],"_links":{"self":[{"href":"https:\/\/constoronto.esteri.it\/it\/wp-json\/wp\/v2\/pages\/598","targetHints":{"allow":["GET"]}}],"collection":[{"href":"https:\/\/constoronto.esteri.it\/it\/wp-json\/wp\/v2\/pages"}],"about":[{"href":"https:\/\/constoronto.esteri.it\/it\/wp-json\/wp\/v2\/types\/page"}],"author":[{"embeddable":true,"href":"https:\/\/constoronto.esteri.it\/it\/wp-json\/wp\/v2\/users\/6"}],"replies":[{"embeddable":true,"href":"https:\/\/constoronto.esteri.it\/it\/wp-json\/wp\/v2\/comments?post=598"}],"version-history":[{"count":6,"href":"https:\/\/constoronto.esteri.it\/it\/wp-json\/wp\/v2\/pages\/598\/revisions"}],"predecessor-version":[{"id":8487,"href":"https:\/\/constoronto.esteri.it\/it\/wp-json\/wp\/v2\/pages\/598\/revisions\/8487"}],"up":[{"embeddable":true,"href":"https:\/\/constoronto.esteri.it\/it\/wp-json\/wp\/v2\/pages\/192"}],"wp:attachment":[{"href":"https:\/\/constoronto.esteri.it\/it\/wp-json\/wp\/v2\/media?parent=598"}],"curies":[{"name":"wp","href":"https:\/\/api.w.org\/{rel}","templated":true}]}}