{"id":596,"date":"2023-02-27T19:16:36","date_gmt":"2023-02-27T18:16:36","guid":{"rendered":"https:\/\/constoronto.esteri.it\/?page_id=596"},"modified":"2025-12-03T22:49:41","modified_gmt":"2025-12-03T21:49:41","slug":"passaporto-per-maggiorenni","status":"publish","type":"page","link":"https:\/\/constoronto.esteri.it\/it\/servizi-consolari-e-visti\/servizi-per-il-cittadino-italiano\/passaporti-e-carte-didentita\/passaporto-per-maggiorenni\/","title":{"rendered":"Passaporto per maggiorenni"},"content":{"rendered":"<p><strong>Si raccomanda di leggere attentamente <\/strong>tutto quanto riportato in questa pagina e di cliccare sui link e scaricare la modulistica solo al termine della lettura.<\/p>\n<p><strong>Rilascio del passaporto per connazionali iscritti AIRE maggiorenni (dai 18 anni)<\/strong><\/p>\n<p>Si ricorda che l&#8217;appuntamento per il rilascio di un passaporto deve essere ottenuto tramite il sistema di prenotazione online <a href=\"https:\/\/constoronto.esteri.it\/it\/servizi-consolari-e-visti\/servizi-per-il-cittadino-italiano\/altri-servizi\/prenotmi\/\"><strong>Prenot@mi<\/strong><\/a>.<\/p>\n<p><strong>\u00c8 possibile prenotare un appuntamento<\/strong> per depositare la domanda di nuovo passaporto <strong>anche presso i Vice Consolati Onorari<\/strong> abilitati, (attualmente: <strong>Sarnia, Sudbury, Thunder Bay, Winnipeg<\/strong>). Il Vice Console Onorario ricever\u00e0 la pratica e si occuper\u00e0 dell\u2019acquisizione dei dati biometrici (impronte digitali, foto, firma). <strong>I Vice Consoli Onorari ricevono le pratiche di coloro che sono residenti nella loro circoscrizione di competenza<\/strong>. Per informazioni sulle circoscrizioni\u00a0 e i contatti della Rete Onoraria, <a href=\"https:\/\/constoronto.esteri.it\/it\/chi-siamo\/la-rete-consolare\/vice-consoli-onorari\/\" target=\"_blank\" rel=\"noopener\">cliccare qui<\/a>.<\/p>\n<hr \/>\n<p><span style=\"text-decoration: underline;\"><strong>ATTENZIONE<\/strong><\/span>: <strong>Il<\/strong><strong> calendario prenotazioni 2026 \u00e8 disponibile su Prenot@mi<\/strong>. Sono attivi i servizi 70Plus e il servizio di rilascio passaporto con procedura di urgenza. Per maggiori informazioni, <a href=\"https:\/\/constoronto.esteri.it\/it\/news\/dal_consolato\/2025\/10\/calendaro-servizio-70-plus-27-ottobre-2025-27-marzo-2026\/\"><strong>cliccare qui<\/strong><\/a><strong>. Per informazioni sull&#8217;uso di Prenot@mi per la prenotazione del servizio, leggere attentamente la notizia disponibile <a href=\"https:\/\/constoronto.esteri.it\/it\/news\/dal_consolato\/2025\/12\/calendari-2026-per-la-prenotazione-di-appuntamenti-per-passaporto-e-carta-didentita-elettronica\/\">qui<\/a>.\u00a0<\/strong><\/p>\n<hr \/>\n<p>Presso il Consolato Generale d&#8217;Italia a Toronto, il rilascio del passaporto avviene generalmente &#8220;a vista&#8221;, vale a dire che il documento, salvo impedimenti, viene emesso nella stessa giornata dell&#8217;appuntamento.<br \/>\n<strong>Il rilascio &#8220;a vista&#8221; \u00e8 possibile solo se il connazionale \u00e8 iscritto all\u2019<a href=\"https:\/\/constoronto.esteri.it\/it\/servizi-consolari-e-visti\/servizi-per-il-cittadino-italiano\/anagrafe-degli-italiani-residenti-allestero-aire\/\">AIRE<\/a> con indirizzo di residenza aggiornato in questa circoscrizione consolare<\/strong> (costituita da: Ontario, Manitoba e Territori del Nord Ovest, con alcune eccezioni indicate di seguito).<\/p>\n<p>Il passaporto rilasciato a un maggiorenne ha <strong>validit\u00e0 decennale<\/strong> (10 anni).<\/p>\n<p>Per chiedere il rilascio del passaporto italiano a questo Ufficio Consolare, \u00e8 necessario:<\/p>\n<ol>\n<li>Essere\u00a0<strong>cittadini italiani<\/strong><\/li>\n<li>Essere i<strong>scritti all\u2019AIRE con indirizzo di residenza aggiornato<\/strong>\u00a0in questa\u00a0circoscrizione consolare. Il Consolato Generale d\u2019Italia a Toronto \u00e8 competente per\u00a0<strong>Manitoba, Territori del Nord Ovest e Ontario, con alcune eccezioni<\/strong>: per la citt\u00e0 di Ottawa e le contee di Carleton, Dundas, Glengarry, Grenville, Prescott, Russel e Stormont \u00e8 necessario rivolgersi all&#8217;Ambasciata d&#8217;Italia a Ottawa.<\/li>\n<\/ol>\n<hr \/>\n<p><strong>Documenti da presentare il giorno dell&#8217;appuntamento\u00a0<\/strong><\/p>\n<p><strong>ATTENZIONE!<\/strong><\/p>\n<table>\n<tbody>\n<tr>\n<td><strong>In caso di pratiche non complete,<\/strong> la richiesta di passaporto non potr\u00e0 essere accettata e l&#8217;interessato dovr\u00e0 ripresentarla prendendo un nuovo appuntamento online su Prenot@mi.<\/td>\n<\/tr>\n<\/tbody>\n<\/table>\n<p>Il richiedente maggiorenne dovr\u00e0 presentarsi presso il Consolato Generale, il giorno e all\u2019ora dell&#8217;appuntamento ottenuto tramite Prenot@mi, per la rilevazione delle impronte digitali, munito di:<\/p>\n<ol>\n<li><strong>Due foto <\/strong>identiche, frontali, a colori, formato tessera\u00a035X45 mm (la lunghezza dell\u2019immagine del viso, dal mento alla sommit\u00e0 della testa, deve essere da 32 a 35 mm), fatte al massimo 6 mesi prima &#8211;\u00a0<a href=\"https:\/\/constoronto.esteri.it\/wp-content\/uploads\/2023\/05\/fotografia_passaporto_web_OK.pdf\"><strong>Cliccare qui per lo Specimen<\/strong><\/a> (nota bene: lo sfondo della foto deve essere bianco o comunque chiaro e in tinta unita).<\/li>\n<li>Il\u00a0<strong>precedente passaporto italiano (anche se scaduto)<\/strong>oppure, in caso di primo rilascio,\u00a0<strong>altro passaporto<\/strong>\u00a0in corso di validit\u00e0.<\/li>\n<li><strong>In caso di passaporto italiano scaduto, i doppi cittadini<\/strong> devono esibire un <strong>altro passaporto<\/strong> in corso di validit\u00e0, mentre i residenti devono esibire la Permanent Resident Card, anche se scaduta.<\/li>\n<li><strong>Patente di guida canadese\u00a0<\/strong>o, in alternativa, <strong>un&#8217;altra prova di indirizzo aggiornato\u00a0<\/strong>(per es. fattura recente di utenze o Ontario Photo Card).<\/li>\n<li><strong><a href=\"https:\/\/constoronto.esteri.it\/wp-content\/uploads\/2023\/06\/mod_passaportomaggiorenni_inibitoria2023_.pdf\" target=\"_blank\" rel=\"noopener\">Modulo di richiesta<\/a> compilato e firmato <\/strong>(cliccando, il modulo si apre in una nuova scheda). <strong>Se il richiedente maggiorenne ha figli minori<\/strong>, dovr\u00e0 compilare anche la sezione B del modulo di richiesta, relativa all&#8217;<strong>assenza di provvedimenti che possano inibire* il rilascio del passaporto<\/strong> (come da disposizioni contenute all&#8217;<a href=\"http:\/\/www.gazzettaufficiale.it\/eli\/id\/2023\/06\/13\/23G00080\/sg\">art. 20 del Decreto Legge 13 giugno 2023, n. 69<\/a>). <strong>Cognome della donna<\/strong>: la donna italiana coniugata conserva per legge il proprio cognome da nubile nel passaporto e negli altri documenti che la riguardano. Pu\u00f2 (ma non \u00e8 obbligatorio), richiedere che sia aggiunto al proprio cognome da nubile quello da coniugata, con una annotazione alla pag. 4 del passaporto<\/li>\n<\/ol>\n<p><strong><strong>\u00a0<\/strong><\/strong><\/p>\n<hr \/>\n<p><strong>*Passaporto per genitori con figli minori\u00a0<\/strong><\/p>\n<p>L&#8217;<a href=\"http:\/\/www.gazzettaufficiale.it\/eli\/id\/2023\/06\/13\/23G00080\/sg\">art. 20 del Decreto Legge 13 giugno 2023, n. 69<\/a> stabilisce che, a partire dal 14 giugno 2023, per il rilascio del passaporto in favore di un adulto con figli minori, l&#8217;interessato non debba pi\u00f9 ottenere l&#8217;assenso dell&#8217;altro genitore ma semplicemente dichiarare non essere destinatario di <strong>provvedimenti di<\/strong> &#8220;<strong>inibitoria<\/strong>&#8221; al rilascio del passaporto.<\/p>\n<p>L&#8217;<strong>inibitoria<\/strong> \u00e8 un <strong>provvedimento adottato dal giudice<\/strong> <strong>che<\/strong>, nel rispetto del principio di proporzionalit\u00e0 e avuto riguardo alla normativa\u00a0 in tema di responsabilit\u00e0 genitoriale, obbligazioni alimentari e sottrazione internazionale di minori, <strong>pu\u00f2 inibire il rilascio del passaporto al genitore avente figli minori, quando vi \u00e8 concreto e attuale pericolo che, a causa del trasferimento all&#8217;estero, questi possa sottrarsi all&#8217;adempimento dei suoi obblighi verso i figli.<\/strong>\u00a0 La domanda di inibitoria si propone con ricorso al tribunale ordinario del luogo in cui il minore ha la residenza abituale. Se il minore \u00e8 residente all&#8217;estero, la domanda si propone al tribunale del luogo di ultima residenza in Italia o al tribunale nel cui circondario si trova il suo comune di iscrizione AIRE.<\/p>\n<hr \/>\n<p>Se si \u00e8\u00a0<strong>residenti in altra circoscrizione consolare, oppure si risiede in Italia<\/strong>, \u00e8 possibile richiedere il rilascio del passaporto a questo Consolato (sempre e solo previo appuntamento tramite Prenot@mi) <strong>in circostanze eccezionali<\/strong>, che andranno comprovate. In questo caso, il Consolato dovr\u00e0 richiedere la delega al rilascio del passaporto alla Questura in Italia o all\u2019Ufficio Consolare italiano all\u2019estero competente per residenza,\u00a0<strong>con conseguenti tempi superiori di attesa\u00a0<\/strong>(non \u00e8 possibile il rilascio \u201ca vista\u201d).<\/p>\n","protected":false},"excerpt":{"rendered":"Si raccomanda di leggere attentamente tutto quanto riportato in questa pagina e di cliccare sui link e scaricare la modulistica solo al termine della lettura. Rilascio del passaporto per connazionali iscritti AIRE maggiorenni (dai 18 anni) Si ricorda che l&#8217;appuntamento per il rilascio di un passaporto deve essere ottenuto tramite il sistema di prenotazione online [&hellip;]","protected":false},"author":6,"featured_media":0,"parent":192,"menu_order":1,"comment_status":"closed","ping_status":"closed","template":"","meta":{"footnotes":""},"class_list":["post-596","page","type-page","status-publish","hentry"],"_links":{"self":[{"href":"https:\/\/constoronto.esteri.it\/it\/wp-json\/wp\/v2\/pages\/596","targetHints":{"allow":["GET"]}}],"collection":[{"href":"https:\/\/constoronto.esteri.it\/it\/wp-json\/wp\/v2\/pages"}],"about":[{"href":"https:\/\/constoronto.esteri.it\/it\/wp-json\/wp\/v2\/types\/page"}],"author":[{"embeddable":true,"href":"https:\/\/constoronto.esteri.it\/it\/wp-json\/wp\/v2\/users\/6"}],"replies":[{"embeddable":true,"href":"https:\/\/constoronto.esteri.it\/it\/wp-json\/wp\/v2\/comments?post=596"}],"version-history":[{"count":7,"href":"https:\/\/constoronto.esteri.it\/it\/wp-json\/wp\/v2\/pages\/596\/revisions"}],"predecessor-version":[{"id":8482,"href":"https:\/\/constoronto.esteri.it\/it\/wp-json\/wp\/v2\/pages\/596\/revisions\/8482"}],"up":[{"embeddable":true,"href":"https:\/\/constoronto.esteri.it\/it\/wp-json\/wp\/v2\/pages\/192"}],"wp:attachment":[{"href":"https:\/\/constoronto.esteri.it\/it\/wp-json\/wp\/v2\/media?parent=596"}],"curies":[{"name":"wp","href":"https:\/\/api.w.org\/{rel}","templated":true}]}}