{"id":592,"date":"2023-02-27T18:38:27","date_gmt":"2023-02-27T17:38:27","guid":{"rendered":"https:\/\/constoronto.esteri.it\/?page_id=592"},"modified":"2026-02-19T21:35:28","modified_gmt":"2026-02-19T20:35:28","slug":"carte-didentita","status":"publish","type":"page","link":"https:\/\/constoronto.esteri.it\/it\/servizi-consolari-e-visti\/servizi-per-il-cittadino-italiano\/carte-didentita\/","title":{"rendered":"Carta d&#8217;Identit\u00e0 Elettronica (CIE)"},"content":{"rendered":"<p><strong><span style=\"color: #ff0000;\">ATTENZIONE<\/span><\/strong>: Con la pubblicazione in Gazzetta Ufficiale della <a href=\"https:\/\/www.gazzettaufficiale.it\/eli\/id\/2026\/02\/04\/26G00025\/sg\">Legge n.11 del 19 gennaio 2026<\/a>, <strong>gli iscritti AIRE potranno richiedere la Carta d\u2019Identit\u00e0 Elettronica anche presso i Comuni italiani<\/strong>.<\/p>\n<p>In base alla previsione dell\u2019art. 5 della Legge 11\/2026, <strong>a partire dal 1\u00b0 giugno 2026<\/strong>, <strong>il cittadino italiano iscritto all\u2019Anagrafe degli Italiani Residenti all\u2019Estero (AIRE) <\/strong><strong>potr\u00e0 presentare domanda per il rilascio della carta d&#8217;identit\u00e0 elettronica presso <u>qualsiasi <\/u>Comune italiano<\/strong>.<br \/>\nLa carta d\u2019identit\u00e0 sar\u00e0 consegnata con le medesime modalit\u00e0 previste in caso di domanda presentata tramite l\u2019Ufficio consolare, con facolt\u00e0 per l\u2019interessato di ritirarla personalmente presso il Comune o, in alternativa, di richiederne la spedizione all\u2019estero.<\/p>\n<p>Per maggiori informazioni, <strong>gli utenti dovranno rivolgersi ai singoli Comuni<\/strong>.<\/p>\n<hr \/>\n<p>Dal 15 maggio 2024, ha preso il via presso il Consolato Generale d\u2019Italia a Toronto il servizio di rilascio C.I.E. \u2013 Carta d\u2019Identit\u00e0 Elettronica, esclusivamente per i cittadini italiani iscritti in AIRE presso questa circoscrizione consolare.<\/p>\n<p style=\"text-align: justify;\"><strong>Il calendario \u00e8 prenotabile<\/strong>\u00a0tramite il portale <strong><a href=\"https:\/\/constoronto.esteri.it\/it\/servizi-consolari-e-visti\/servizi-per-il-cittadino-italiano\/altri-servizi\/prenotmi\/\">Prenot@mi<\/a><\/strong>.<\/p>\n<p style=\"text-align: justify;\"><strong><u>PRIMA <\/u>di prenotare un appuntamento tramite il portale <a href=\"https:\/\/constoronto.esteri.it\/it\/servizi-consolari-e-visti\/servizi-per-il-cittadino-italiano\/altri-servizi\/prenotmi\/\">Prenot@mi<\/a><\/strong>, assicurarsi di <strong>leggere attentamente tutte le informazioni riportate di seguito.<\/strong><\/p>\n<p><strong>ATTENZIONE, la CIE non viene rilasciata a vista il giorno dell\u2019appuntamento e non \u00e8 emessa dal Consolato, <\/strong>ma dall\u2019Istituto Poligrafico e Zecca dello Stato (IPZS), in Italia<strong>. L\u2019IPZS, ricevuta la domanda di rilascio CIE, provvede a spedire via posta la CIE direttamente all\u2019indirizzo indicato dal richiedente.<\/strong><\/p>\n<hr \/>\n<details>\n<summary><span style=\"color: #0000ff;\"><strong>1. Che cos&#8217;\u00e8 C.I.E.?<\/strong><\/span><\/summary>\n<p>CIE \u00e8 la Carta d\u2019Identit\u00e0 Elettronica, che ha sostituito la precedente carta d\u2019identit\u00e0 cartacea.<br \/>\nLa CIE <strong>contiene i dati biometrici del titolare<\/strong> (foto, impronte digitali, firma). Si tratta di un <strong>documento d\u2019identit\u00e0<\/strong> che consente una maggiore fruibilit\u00e0 dei servizi online offerti dalla Pubblica Amministrazione italiana. La CIE pu\u00f2 essere utilizzata per viaggiare solo negli Stati membri dell\u2019Unione Europea, in alcuni Stati Schengen non UE e altri Stati con i quali siano in vigore accordi bilaterali. Per viaggiare dal Canada all\u2019Italia \u00e8 necessario possedere un passaporto. Per informazioni sui documenti richiesti per viaggiare all\u2019estero, consultare <a href=\"https:\/\/www.viaggiaresicuri.it\">https:\/\/www.viaggiaresicuri.it<\/a><\/p>\n<\/details>\n<hr \/>\n<details>\n<summary><span style=\"color: #0000ff;\"><strong>2. A chi \u00e8 rivolto il servizio presso il Consolato di Toronto?<\/strong><\/span><\/summary>\n<p>Il servizio \u00e8 rivolto <strong>solo<\/strong> a:<\/p>\n<ul>\n<li><strong>Cittadini italiani<\/strong> che siano<strong> anche<\/strong><\/li>\n<li><strong>Iscritti AIRE nella circoscrizione di Toronto<\/strong> (la provincia dell\u2019Ontario, eccettuata la citt\u00e0 di Ottawa e la Regione dell\u2019Outaouais, le contee di Carleton, Dundas, Glengarry, Grenville, Prescott, Russel e Stormont ricadenti nella circoscrizione dell\u2019Ambasciata d\u2019Italia a Ottawa, la provincia del Manitoba; i Territori del Nord-Ovest).<\/li>\n<\/ul>\n<p><strong>Se non si \u00e8 iscritti AIRE a Toronto<\/strong>, \u00e8 necessario rivolgersi all\u2019Ambasciata o al Consolato italiano competente per territorio.<\/p>\n<p><strong>Se si \u00e8 residenti nella circoscrizione di Toronto ma non si \u00e8 iscritti AIRE,<\/strong> \u00e8 necessario presentare domanda d\u2019iscrizione tramite <strong><a href=\"https:\/\/constoronto.esteri.it\/it\/servizi-consolari-e-visti\/servizi-per-il-cittadino-italiano\/anagrafe-degli-italiani-residenti-allestero-aire\/\">FAST-IT<\/a>.<\/strong><\/p>\n<p><strong>Prima dell\u2019appuntamento,<\/strong> il Consolato deve verificare l\u2019avvenuta trascrizione in Italia dell\u2019atto di nascita del richiedente e verificare che lo stato civile\u00a0 sia aggiornato. In caso di mancata trascrizione dell\u2019atto di nascita o di mancato aggiornamento della posizione di stato civile , <strong>l\u2019appuntamento potrebbe non essere confermato e potranno essere fornite all\u2019utente ulteriori indicazioni<\/strong>. Per informazioni su come richiedere la trascrizione degli atti di stato civile in Italia, tramite il Consolato, <strong><a href=\"https:\/\/constoronto.esteri.it\/it\/servizi-consolari-e-visti\/servizi-per-il-cittadino-italiano\/stato-civile\/\">cliccare qui<\/a><\/strong>.<\/p>\n<\/details>\n<hr \/>\n<details>\n<summary><span style=\"color: #0000ff;\"><strong>3. Come prenotare un appuntamento?\u00a0<\/strong><\/span><\/summary>\n<p style=\"text-align: justify;\"><strong>\u00c8 necessario collegarsi al portale Prenot@mi<\/strong>, selezionare il calendario relativo al servizio carte d\u2019identit\u00e0 (non ancora disponibile) e seguire le istruzioni. Per informazioni sul funzionamento di Prenot@mi e accesso al portale, <a href=\"https:\/\/constoronto.esteri.it\/it\/servizi-consolari-e-visti\/servizi-per-il-cittadino-italiano\/altri-servizi\/prenotmi\/\"><strong>cliccare qui<\/strong>.<\/a><\/p>\n<hr \/>\n<p><strong>ATTENZIONE:<\/strong> gli appuntamenti disponibili sono in <strong>numero limitato<\/strong>.\u00a0 Poich\u00e9 l\u2019iter di verifica della richiesta (punto 2) viene avviato prima del giorno effettivo dell\u2019appuntamento in Consolato, <strong>si raccomanda agli utenti di prenotare l\u2019appuntamento con almeno 15 giorni di anticipo.<\/strong>\u00a0 Ad esempio, se mi collego al portale il 1 giugno, dovr\u00f2 selezionare un appuntamento dopo il 15 giugno.<\/p>\n<\/details>\n<hr \/>\n<details>\n<summary><span style=\"color: #0000ff;\"><strong>4. Cosa mi serve il giorno dell&#8217;appuntamento?<\/strong><\/span><\/summary>\n<ul>\n<li>Una fototessera recente formato passaporto: frontale, a colori, formato tessera\u00a035X45 mm (la lunghezza dell\u2019immagine del viso, dal mento alla sommit\u00e0 della testa, deve essere da 32 a 35 mm)\u2013\u00a0<a href=\"https:\/\/constoronto.esteri.it\/wp-content\/uploads\/2023\/05\/fotografia_passaporto_web_OK.pdf\"><strong>Cliccare qui per lo Specimen<\/strong><\/a> (nota bene: lo sfondo della foto deve essere bianco o comunque chiaro e in tinta unita).;<\/li>\n<li>Documento di riconoscimento italiano (passaporto), anche se scaduto;<\/li>\n<li>Precedente Carta d\u2019Identit\u00e0 (anche cartacea), se disponibile;<\/li>\n<li><strong>Solo in caso di precedente CIE smarrita o rubata<\/strong>: <a href=\"https:\/\/constoronto.esteri.it\/wp-content\/uploads\/2024\/04\/CIE-dichiarazione-sotitutiva-per-smarrimento-o-furto.pdf\">denuncia di smarrimento o furto<\/a> (ATTENZIONE: l&#8217;interessato, prima di presentare denuncia al Consolato, dovr\u00e0 avere presentato denuncia per furto\/smarrimento CIE anche presso le autorit\u00e0 locali di polizia e attestarlo con ricevuta o presentarne copia al Consolato, in aggiunta al modulo qui disponibile);<\/li>\n<li><strong>Solo in caso di richiesta per minori<\/strong>, presenza di entrambi i genitori o atto di assenso (<a href=\"https:\/\/constoronto.esteri.it\/wp-content\/uploads\/2024\/04\/CIE2_assenso.pdf\">modello<\/a>) per genitore\/genitori non presenti (vedere punto 11 per maggiori informazioni);<\/li>\n<li>Diritti consolari, da pagare con carta di debito canadese (no carte italiane, no carte di credito, no pagamenti digitali), o in contanti, o con <em>money order\/bank draft<\/em> intestato a a <em>Consulate General of Italy in Toronto<\/em> per l\u2019importo di:<\/li>\n<\/ul>\n<p style=\"padding-left: 80px;\"><strong>\u00a0\u25caCA$ 37,00 se si tratta di primo rilascio o C.I.E. in scadenza<\/strong><\/p>\n<p style=\"padding-left: 80px;\"><strong>\u25caCA$ 45,00 se si deve richiedere un duplicato in caso di furto o smarrimento<\/strong><\/p>\n<p><strong>Attenzione,<\/strong> gli importi indicati potranno subire variazioni trimestrali. Si raccomanda di consultare sempre la <strong><a href=\"https:\/\/constoronto.esteri.it\/it\/servizi-consolari-e-visti\/servizi-per-il-cittadino-italiano\/informazioni-utili\/tariffe-consolari\/\">Tariffa Consolare\u00a0<\/a><\/strong>vigente.<\/p>\n<\/details>\n<hr \/>\n<details>\n<summary><span style=\"color: #0000ff;\"><strong>5. Cosa aspettarsi il giorno dell&#8217;appuntamento?<\/strong><\/span><\/summary>\n<p>Il giorno dell\u2019appuntamento, \u00e8 necessario recarsi di persona in Consolato. L\u2019operatore consolare acquisir\u00e0 foto, impronte digitali, firma del richiedente, tariffa consolare dovuta, e stamper\u00e0 il modulo di domanda in duplice copia, una per gli atti e una da consegnare al richiedente, come ricevuta.<\/p>\n<p>Nel caso di richiesta di CIE per minore, <strong>la presenza del minore \u00e8 sempre necessaria<\/strong> anche se, al di sotto dei 12 anni di et\u00e0, non vengono acquisite le impronte digitali.<\/p>\n<\/details>\n<hr \/>\n<details>\n<summary><span style=\"color: #0000ff;\"><strong>6. Modalit\u00e0 di consegna della CIE<\/strong><\/span><\/summary>\n<p style=\"text-align: justify;\">L\u2019attivit\u00e0 del Consolato si conclude all\u2019atto dell\u2019invio telematico della pratica all\u2019Ente italiano competente (IPZS). La richiesta di CIE viene quindi presa in carico dall\u2019IPZS, che procede all\u2019emissione del documento e alla <strong>spedizione a mezzo posta raccomandata all\u2019indirizzo di residenza o recapito indicato dal richiedente<\/strong> all\u2019atto della presentazione della domanda. <strong>Il numero della spedizione, che ne consente la tracciabilit\u00e0<\/strong> a cura dell\u2019utente, <strong>\u00e8 stampato sul modulo di domanda<\/strong> (punto 5).<\/p>\n<p><strong>I tempi di consegna variano a seconda dell\u2019indirizzo e, in media, richiedono almeno cinque settimane.<\/strong><\/p>\n<p style=\"text-align: justify;\"><strong>Se la consegna non va a buon fine, il plico viene rispedito in Italia<\/strong>, presso l\u2019Ente emittente.<\/p>\n<p style=\"text-align: justify;\">Si raccomanda di <strong>fornire\u00a0un indirizzo di recapito corretto e <\/strong>di<strong> monitorare con attenzione lo stato della spedizione<\/strong>.<\/p>\n<hr \/>\n<p style=\"text-align: justify;\"><strong>ATTENZIONE<\/strong>: L\u2019utente deve <strong>conservare con cura il modulo di domanda<\/strong> consegnato per ricevuta e <strong>contenente il numero di spedizione della CIE<\/strong>. L\u2019utente pu\u00f2 ottenere informazioni sullo stato della spedizione solo tramite il numero indicato sul modulo. <strong>Il Consolato non dispone di informazioni in merito alla spedizione della CIE<\/strong>, in quanto non ne \u00e8 responsabile.<\/p>\n<\/details>\n<hr \/>\n<details>\n<summary><span style=\"color: #0000ff;\"><strong>7. Per quanto tempo \u00e8 valida la CIE?<\/strong><\/span><\/summary>\n<p>La validit\u00e0 della carta d\u2019identit\u00e0 varia a seconda dell\u2019et\u00e0 del titolare ed \u00e8 di:<\/p>\n<p>\u2013 3 anni di validit\u00e0 per i minori di et\u00e0 compresa tra 0 e 3 anni;<br \/>\n\u2013 5 anni di validit\u00e0 per i minori di et\u00e0 compresa tra 4 e 17 anni;<br \/>\n\u2013 10 anni di validit\u00e0 per maggiorenni.<\/p>\n<\/details>\n<hr \/>\n<details>\n<summary><span style=\"color: #0000ff;\"><strong>8. Devo chiedere una nuova CIE se cambio indirizzo?\u00a0<\/strong><\/span><\/summary>\n<p>No. La carta d\u2019identit\u00e0 \u00e8 un documento di identit\u00e0 e non di residenza.<\/p>\n<\/details>\n<hr \/>\n<details>\n<summary><span style=\"color: #0000ff;\"><strong>9. La donna sposata pu\u00f2 chiedere il rilascio della CIE con il cognome del marito?\u00a0<\/strong><\/span><\/summary>\n<p>No. La carta d\u2019identit\u00e0 \u00e8 un documento di identit\u00e0 e le cittadine italiane, anche se sposate, devono sempre utilizzare il cognome da nubile.<\/p>\n<\/details>\n<hr \/>\n<details>\n<summary><span style=\"color: #0000ff;\"><strong>10. Posso chiedere la Carta d&#8217;Identit\u00e0 al mio Comune in Italia, anche se residente all&#8217;estero?\u00a0<\/strong><\/span><\/summary>\n<p>In base alla previsione dell\u2019art. 5 della Legge 11\/2026, <strong>a partire dal 1\u00b0 giugno 2026<\/strong>, <strong>il cittadino italiano iscritto all\u2019Anagrafe degli Italiani Residenti all\u2019Estero (AIRE) <\/strong><strong>potr\u00e0 presentare domanda per il rilascio della carta d&#8217;identit\u00e0 elettronica presso <u>qualsiasi <\/u>Comune italiano<\/strong>.<br \/>\nLa carta d\u2019identit\u00e0 sar\u00e0 consegnata con le medesime modalit\u00e0 previste in caso di domanda presentata tramite l\u2019Ufficio consolare, con facolt\u00e0 per l\u2019interessato di ritirarla personalmente presso il Comune o, in alternativa, di richiederne la spedizione all\u2019estero.<\/p>\n<p>Per maggiori informazioni, <strong>gli utenti dovranno rivolgersi ai singoli Comuni<\/strong>.<\/p>\n<p>&nbsp;<\/p>\n<\/details>\n<hr \/>\n<details>\n<summary><span style=\"color: #0000ff;\"><strong>11. Che cos&#8217;\u00e8 l&#8217;atto di assenso?<\/strong><\/span><\/summary>\n<p>L\u2019assenso per il rilascio della carta di identit\u00e0 per minorenni \u00e8 sempre necessario, anche in caso di genitori non sposati, separati o divorziati.<br \/>\n<strong>Se l\u2019altro genitore \u00e8 un cittadino comunitario<\/strong>, non \u00e8 necessaria la presenza in Consolato dello stesso. Sar\u00e0 sufficiente il <a href=\"https:\/\/constoronto.esteri.it\/wp-content\/uploads\/2024\/04\/CIE2_assenso.pdf\">modulo <\/a>compilato e firmato insieme ad una fotocopia del passaporto o carta d\u2019identit\u00e0 di chi concede l\u2019assenso, per il confronto delle firme.<br \/>\nSe il genitore che concede l\u2019assenso\u00a0<strong>non \u00e8 cittadino UE \u2013 come i cittadini canadesi<\/strong>\u00a0\u2013 deve invece firmare la dichiarazione di assenso in una delle seguenti modalit\u00e0:<\/p>\n<ul>\n<li>Presso il Consolato Generale di Toronto il giorno dell\u2019appuntamento, munito di documento di identit\u00e0;<\/li>\n<li>presso un\u00a0<strong>qualsiasi notaio canadese<\/strong>. La dichiarazione autenticata dal notaio dovr\u00e0 poi essere <a href=\"https:\/\/constoronto.esteri.it\/it\/servizi-consolari-e-visti\/servizi-per-il-cittadino-italiano\/traduzione-e-legalizzazione-dei-documenti\/legalizzazione-di-firma-su-atti-notarili\/\">apostillata<\/a>.<\/li>\n<li>Se il genitore che deve fornire l&#8217;assenso si trova presso un altro distretto consolare in Canada o in un Paese terzo, presso un funzionario della competente Ambasciata o Consolato italiano.<\/li>\n<\/ul>\n<p><strong>In caso di decesso di uno dei genitori<\/strong>\u00a0occorre presentare una copia del <strong>certificato di morte<\/strong>.<\/p>\n<p>Nel caso in cui non sia possibile per il genitore richiedente ottenere l&#8217;assenso dell&#8217;altro genitore, dovr\u00e0 essere presentata istanza al <strong><a href=\"https:\/\/constoronto.esteri.it\/it\/servizi-consolari-e-visti\/servizi-per-il-cittadino-italiano\/passaporti-e-carte-didentita\/assenso-dellaltro-genitore\/\">Giudice Tutelare<\/a>.<br \/>\n<\/strong><\/p>\n<\/details>\n<hr \/>\n<details>\n<summary><span style=\"color: #0000ff;\"><strong>12. All\u2019atto della presentazione della domanda per la CIE, posso esprimere il consenso o il diniego alla donazione di organi e tessuti, come avviene in Italia?<\/strong><\/span><\/summary>\n<p>No, il connazionale iscritto all\u2019AIRE non ha la possibilit\u00e0 di esprimere il consenso ovvero il diniego alla donazione di organi e tessuti presso il proprio ufficio consolare di riferimento, in considerazione della norma che prevede la cancellazione dal Servizio Sanitario Nazionale per tutti i residenti all\u2019estero.<\/p>\n<\/details>\n<hr \/>\n<details>\n<summary><span style=\"color: #0000ff;\"><strong>13. Come attivo CIE per l\u2019accesso ai portali della Pubblica Amministrazione?<\/strong><\/span><\/summary>\n<p>La Carta d\u2019Identit\u00e0 Elettronica, oltre ad essere un documento di identit\u00e0, fornisce al titolare delle credenziali digitali di livello 1, livello 2 e livello 3, utilizzabili per accedere, ad esempio, ai portali di servizi della Pubblica Amministrazione.<\/p>\n<p>Per prima cosa, custodisci con cura il modulo di domanda che l\u2019Ufficio Consolare ti consegner\u00e0 come ricevuta, sul quale \u00e8 riportato il tracking number della raccomandata con cui ti verr\u00e0 spedita la CIE. Su quello stesso modulo, sono indicati una parte dei PIN e PUK collegati alla tua CIE.<\/p>\n<p>Le credenziali di livello 1 e 2 associate alla CIE devono essere attivate dal connazionale. Per farlo, il connazionale deve innanzitutto avere indicato, in fase di richiesta CIE, un recapito telefonico mobile (cellulare), sul quale verr\u00e0 recapitata una OTP (password temporanea). In caso di problemi tecnici del gestore telefonico (mancato recapito del messaggio di testo contenente l\u2019OTP), il connazionale pu\u00f2 comunque utilizzare le credenziali di livello 3, per le quali non \u00e8 necessario procedere all\u2019attivazione ma \u00e8 necessario effettuare l\u2019associazione della CIE allo smartphone del titolare, tramite l\u2019App CieID.<\/p>\n<p><a href=\"https:\/\/www.cartaidentita.interno.gov.it\/info-utili\/entra-con-cie-livelli-1-e-2\/\">Entra con CIE &#8211; Livelli 1 e 2 &#8211; Carta di Identit\u00e0 Elettronica (CIE) (interno.gov.it)<\/a><\/p>\n<p><a href=\"https:\/\/www.cartaidentita.interno.gov.it\/info-utili\/entra-con-cie\/\">Entra con CIE Livello 3 &#8211; Carta di Identit\u00e0 Elettronica (CIE) (interno.gov.it)<\/a><\/p>\n<p>Ogni segnalazione di problemi di ricezione dell\u2019SMS contenente l\u2019OTP pu\u00f2 essere rivolta <strong>direttamente dal connazionale all\u2019assistenza dell\u2019Istituto Poligrafico e Zecca dello Stato (IPZS)<\/strong>:<\/p>\n<p>Email <a href=\"mailto:cie.cittadini@interno.it\">cie.cittadini@interno.it<\/a>;<\/p>\n<p>Telefono: +39 06 42985699<\/p>\n<p><strong>Il Consolato non pu\u00f2 assistere in alcun modo i connazionali per problemi relativi all\u2019attivazione delle credenziali CIE<\/strong>.<\/p>\n<p>In caso di necessit\u00e0 di recupero del codice PUK, consultare: <a href=\"https:\/\/www.cartaidentita.interno.gov.it\/info-utili\/recupero-puk\/\">Come recuperare il PUK della Carta di Identit\u00e0 Elettronica (CIE) &#8211; Carta di Identit\u00e0 Elettronica (CIE) (interno.gov.it)<\/a><\/p>\n<p><strong>\u00a0<\/strong><\/p>\n<\/details>\n<p>&nbsp;<\/p>\n","protected":false},"excerpt":{"rendered":"ATTENZIONE: Con la pubblicazione in Gazzetta Ufficiale della Legge n.11 del 19 gennaio 2026, gli iscritti AIRE potranno richiedere la Carta d\u2019Identit\u00e0 Elettronica anche presso i Comuni italiani. In base alla previsione dell\u2019art. 5 della Legge 11\/2026, a partire dal 1\u00b0 giugno 2026, il cittadino italiano iscritto all\u2019Anagrafe degli Italiani Residenti all\u2019Estero (AIRE) potr\u00e0 presentare [&hellip;]","protected":false},"author":6,"featured_media":0,"parent":86,"menu_order":5,"comment_status":"closed","ping_status":"closed","template":"","meta":{"footnotes":""},"class_list":["post-592","page","type-page","status-publish","hentry"],"_links":{"self":[{"href":"https:\/\/constoronto.esteri.it\/it\/wp-json\/wp\/v2\/pages\/592","targetHints":{"allow":["GET"]}}],"collection":[{"href":"https:\/\/constoronto.esteri.it\/it\/wp-json\/wp\/v2\/pages"}],"about":[{"href":"https:\/\/constoronto.esteri.it\/it\/wp-json\/wp\/v2\/types\/page"}],"author":[{"embeddable":true,"href":"https:\/\/constoronto.esteri.it\/it\/wp-json\/wp\/v2\/users\/6"}],"replies":[{"embeddable":true,"href":"https:\/\/constoronto.esteri.it\/it\/wp-json\/wp\/v2\/comments?post=592"}],"version-history":[{"count":7,"href":"https:\/\/constoronto.esteri.it\/it\/wp-json\/wp\/v2\/pages\/592\/revisions"}],"predecessor-version":[{"id":8936,"href":"https:\/\/constoronto.esteri.it\/it\/wp-json\/wp\/v2\/pages\/592\/revisions\/8936"}],"up":[{"embeddable":true,"href":"https:\/\/constoronto.esteri.it\/it\/wp-json\/wp\/v2\/pages\/86"}],"wp:attachment":[{"href":"https:\/\/constoronto.esteri.it\/it\/wp-json\/wp\/v2\/media?parent=592"}],"curies":[{"name":"wp","href":"https:\/\/api.w.org\/{rel}","templated":true}]}}