{"id":479,"date":"2023-02-10T19:02:44","date_gmt":"2023-02-10T18:02:44","guid":{"rendered":"https:\/\/constoronto.esteri.it\/?page_id=479"},"modified":"2026-02-19T21:52:32","modified_gmt":"2026-02-19T20:52:32","slug":"prenotmi","status":"publish","type":"page","link":"https:\/\/constoronto.esteri.it\/it\/servizi-consolari-e-visti\/servizi-per-il-cittadino-italiano\/altri-servizi\/prenotmi\/","title":{"rendered":"Prenot@mi"},"content":{"rendered":"<p><img loading=\"lazy\" decoding=\"async\" class=\"alignnone size-medium wp-image-480 img-fluid aligncenter\" src=\"https:\/\/constoronto.esteri.it\/wp-content\/uploads\/2023\/02\/prenotmi-logo-300x120.png\" alt=\"\" width=\"300\" height=\"120\" srcset=\"https:\/\/constoronto.esteri.it\/wp-content\/uploads\/2023\/02\/prenotmi-logo-300x120.png 300w, https:\/\/constoronto.esteri.it\/wp-content\/uploads\/2023\/02\/prenotmi-logo-1024x410.png 1024w, https:\/\/constoronto.esteri.it\/wp-content\/uploads\/2023\/02\/prenotmi-logo-768x307.png 768w, https:\/\/constoronto.esteri.it\/wp-content\/uploads\/2023\/02\/prenotmi-logo.png 1140w\" sizes=\"auto, (max-width: 300px) 100vw, 300px\" \/><\/p>\n<p>Per la prenotazione di appuntamenti presso il Consolato Generale d&#8217;Italia a Toronto, per i seguenti servizi: <strong>CARTA D&#8217;IDENTITA&#8217; ELETTRONICA,<\/strong> <strong>CITTADINANZA, PASSAPORTI, VISTI SCHENGEN, \u00e8 necessario utilizzare il portale PRENOT@MI.\u00a0<\/strong><\/p>\n<p>Per tutti gli altri servizi consolari, si prega di verificare le sezioni dedicate di questo sito per informazioni sulle modalit\u00e0 di erogazione del servizio.<\/p>\n<p>Il sistema Prenot@mi, del Ministero degli Affari Esteri e della Cooperazione Internazionale, permette agli utenti di prenotare online un appuntamento con l&#8217;Ufficio Consolare, per richiedere uno o pi\u00f9 servizi consolari tra quelli prenotabili (per ciascun servizio, l\u2019utente deve prenotare un appuntamento specifico). Si tratta di un sistema <strong>completamente automatizzato<\/strong> dove l&#8217;utente stesso pu\u00f2 gestire il proprio account ed i propri appuntamenti.<\/p>\n<p><strong>Per accedere al nuovo Portale Prenot@mi \u00e8 sufficiente cliccare sul seguente link:<\/strong><\/p>\n<p><a href=\"https:\/\/prenotami.esteri.it\" target=\"_blank\" rel=\"noopener\">https:\/\/prenotami.esteri.it<\/a><\/p>\n<p>Per poter utilizzare Prenot@mi \u00e8 necessario, prima di tutto, registrarsi sul Portale. Una volta completata la registrazione, \u00e8 possibile effettuare l\u2019accesso e prenotare il servizio consolare desiderato.<\/p>\n<h4><strong>F.A.Q. PRENOT@MI<\/strong><\/h4>\n<hr \/>\n<details>\n<summary><span style=\"color: #0000ff;\"><strong>NON RIESCO A REGISTRARMI SU PRENOT@MI O NON RIESCO AD ACCEDERE CON LE MIE CREDENZIALI.<\/strong><\/span><\/summary>\n<p>L&#8217;applicativo <strong>\u00e8 gestito direttamente dal Ministero degli Affari Esteri e della Cooperazione Internazionale a Roma<\/strong>. Per questo, in molti casi, gli eventuali messaggi di errore devono essere segnalati e risolti a livello centrale. Per qualsiasi problematica relativa a errori dell&#8217;applicativo (problemi di accesso, di ricezione OTP o messaggi di errore dell&#8217;applicativo) si invita a <strong>riprovare la procedura in un momento successivo<\/strong> o in un giorno successivo e a <strong>consultare il <a href=\"https:\/\/prenotami.esteri.it\/Manuale\/ManualeCittadino.docx\">manuale d&#8217;uso.<\/a><\/strong><\/p>\n<p><span class=\"jCAhz ChMk0b\"><span class=\"ryNqvb\"><strong>ATTENZIONE<\/strong>: Il sistema di prenotazione Prenot@mi \u00e8 collegato a ogni Ambasciata\/Consolato in modo indipendente.<\/span><\/span> <span class=\"jCAhz ChMk0b\"><span class=\"ryNqvb\"><strong>Se sei gi\u00e0 registrato presso il Prenot@mi di un&#8217;altra Ambasciata\/Consolato, non puoi registrarti o prenotare un appuntamento nel nostro sistema (CG Toronto)<\/strong>.<\/span><\/span> <span class=\"jCAhz ChMk0b\"><span class=\"ryNqvb\">In questo caso, devi a<strong>ccedere al tuo account gi\u00e0 esistente e passare al Consolato Generale di Toronto <\/strong>(selezionare la voce Cambia Consolato\/Ambasciata dal menu).<\/span><\/span><\/p>\n<p><strong>Se il problema tecnico di accesso persiste<\/strong>, \u00e8 possibile contattare l&#8217;indirizzo <strong><a href=\"mailto:toronto.helpdesk@esteri.it\">toronto.helpdesk@esteri.it<\/a><\/strong><strong> allegando una copia di un documento di identit\u00e0. Questa <\/strong>email \u00e8 <strong>esclusivamente<\/strong> a disposizione per <strong>segnalazioni di problemi tecnici<\/strong> relativi a Prenot@mi. <strong>NON<\/strong> si possono richiedere prenotazioni di servizi all&#8217;indirizzo email menzionato. Poich\u00e9 le segnalazioni di problemi tecnici potrebbero dover essere inviate direttamente al sistema centrale di manutenzione (a Roma), le comunicazioni inviate all&#8217;indirizzo Helpdesk <strong>potrebbero non avere riscontro diretto<\/strong>.<\/p>\n<\/details>\n<hr \/>\n<details>\n<summary><span style=\"color: #0000ff;\"><strong>NON RIESCO A PRENOTARE UN APPUNTAMENTO, TUTTE LE DATE DEL CALENDARIO APPAIONO IN ROSSO (NON DISPONIBILI) O APPAIONO VERDI MA NON RIESCO COMUNQUE A COMPLETARE LA PRENOTAZIONE PER LA DATA SELEZIONATA.\u00a0<\/strong><\/span><\/summary>\n<p><span class=\"jCAhz ChMk0b\"><span class=\"ryNqvb\"><strong>Se non riesci a effettuare una prenotazione perch\u00e9 tutti i giorni sono contrassegnati in rosso<\/strong>: <strong>non si tratta di un problema software<\/strong>.<\/span><\/span> <span class=\"jCAhz\"><span class=\"ryNqvb\">Indica semplicemente che <strong>tutti i posti sono gi\u00e0 stati prenotati<\/strong>.<\/span><\/span><span class=\"jCAhz ChMk0b\"><span class=\"ryNqvb\"> Ti preghiamo di riprovare per diversi giorni consecutivi, in particolare alle 18.00 ora locale di Toronto, finch\u00e9 non avrai successo (potrebbero volerci anche diverse settimane a causa dell&#8217;elevata richiesta).<\/span><\/span><span class=\"jCAhz ChMk0b\"><span class=\"ryNqvb\"><br \/>\n<strong>Se non riesci a completare la prenotazione, ma ci sono giorni verdi\/liberi quando accedi al calendario:<\/strong> la prenotazione deve essere completata rapidamente.<\/span><\/span> <span class=\"jCAhz ChMk0b\"><span class=\"ryNqvb\">Il problema pu\u00f2 verificarsi quando un utente impiega troppo tempo per scegliere uno slot e un altro utente ha quindi la possibilit\u00e0 di prenotarlo.<\/span><\/span><\/p>\n<\/details>\n<hr \/>\n<details>\n<summary><span style=\"color: #0000ff;\"><strong><span class=\"jCAhz ChMk0b\"><span class=\"ryNqvb\">NON HO RICEVUTO IL LINK PER IL RESET DELLA PASSWORD O IL CODICE DI ATTIVAZIONE. <\/span><\/span><\/strong><\/span><\/summary>\n<p><span class=\"jCAhz ChMk0b\"><span class=\"ryNqvb\">Se hai chiesto un reset della password ma non hai ricevuto il link o non ricevi un codice di attivazione richiesto, puoi: <\/span><\/span><\/p>\n<ol>\n<li><span class=\"jCAhz ChMk0b\"><span class=\"ryNqvb\">Controllare la cartella spam della tua posta elettronica, o\u00a0<\/span><\/span><\/li>\n<li><span class=\"jCAhz ChMk0b\"><span class=\"ryNqvb\">Cambiare browser o dispositivo e ripeterete la procedura.<\/span><\/span><\/li>\n<li><span class=\"jCAhz ChMk0b\"><span class=\"ryNqvb\">Se il problema persiste, devi registrare un nuovo account, cosa possibile SOLO con email e numero di telefono diversi.<\/span><\/span><\/li>\n<\/ol>\n<\/details>\n<hr \/>\n<details>\n<summary><span style=\"color: #0000ff;\"><strong><span class=\"jCAhz ChMk0b\"><span class=\"ryNqvb\">IL MIO ACCOUNT PRENOT@MI E&#8217; BLOCCATO<\/span><\/span><\/strong><\/span><\/summary>\n<p><span class=\"jCAhz ChMk0b\"><span class=\"ryNqvb\">Se scrivi male o digiti informazioni errate o incoerenti, l&#8217;account potrebbe essere bloccato dal sistema;<\/span><\/span> <span class=\"jCAhz ChMk0b\"><span class=\"ryNqvb\">questa \u00e8 normalmente una misura di sicurezza temporanea.<\/span><\/span> <span class=\"jCAhz\"><span class=\"ryNqvb\">Prova ad accedere di nuovo dopo 48 ore (o pi\u00f9 tardi).<\/span><\/span> <span class=\"jCAhz ChMk0b\"><span class=\"ryNqvb\">Ricordati di reimpostare la password prima di provare ad accedere.\u00a0<\/span><\/span><\/p>\n<\/details>\n<hr \/>\n<details>\n<summary><span style=\"color: #0000ff;\"><strong>NON POSSO PRESENTARMI IN CONSOLATO IL GIORNO DELL\u2019APPUNTAMENTO. COSA DEVO FARE?<\/strong><\/span><\/summary>\n<p>Il sistema Prenot@mi, nel periodo compreso tra il decimo e il terzo giorno prima dell\u2019appuntamento, richiede all\u2019utente di fornire una conferma della prenotazione (quindi della possibilit\u00e0 di presentarsi in Consolato nel giorno e all\u2019orario prenotato). <strong>Se, per sopravvenuti impegni, non \u00e8 pi\u00f9 possibile presentarsi in Consolato nel giorno dell\u2019appuntamento<\/strong>, <strong>\u00e8 necessario annullare l\u2019appuntamento<\/strong> su Prenot@mi, in modo che lo slot prenotato possa tornare disponibile per altri utenti. Quantomeno, nel caso di impegni imprevisti il giorno stesso dell\u2019appuntamento, \u00e8 opportuno darne comunicazione al Consolato, all\u2019indirizzo email dell\u2019Ufficio di riferimento\u00a0 (<a href=\"https:\/\/constoronto.esteri.it\/it\/chi-siamo\/contatti\/\">Contatti<\/a>).<\/p>\n<\/details>\n<hr \/>\n<details>\n<summary><span style=\"color: #0000ff;\"><strong>NON TROVO POSTI DISPONIBILI PER IL SERVIZIO DI CUI HO BISOGNO. COSA DEVO FARE?<\/strong><\/span><\/summary>\n<p>Qualora non si trovino slot disponibili, si invita l&#8217;utenza a riprovare pi\u00f9 volte nei giorni successivi. \u00c8 anche possibile <strong>iscriversi nella \u201cwaiting list\u201d<\/strong>, lista d\u2019attesa, che offre a tutti gli iscritti, in maniera prioritaria, gli appuntamenti annullati, ma anche una parte dei nuovi spot disponibili. ATTENZIONE: se si rifiuta l\u2019appuntamento offerto dalla \u201cwaiting list\u201d, si viene automaticamente cancellati dalla lista ed \u00e8 necessario ricominciare la procedura di prenotazione dall\u2019inizio.<\/p>\n<p>Affinch\u00e9 il servizio di \u201cwaiting list\u201d possa funzionare al meglio, gli utenti che sanno di non potersi presentare il giorno dell\u2019appuntamento devono <strong>annullarlo<\/strong> tramite Prenot@mi, per consentire ad altri utenti di usufruire dello slot.<\/p>\n<\/details>\n<hr \/>\n<details>\n<summary><span style=\"color: #0000ff;\"><strong>APPUNTAMENTI PER CARTA D&#8217;IDENTITA&#8217; ELETTRONICA<\/strong><\/span><\/summary>\n<p><strong><span style=\"color: #ff0000;\">ATTENZIONE:<\/span><\/strong> Con la pubblicazione in Gazzetta Ufficiale della Legge n.11 del 19 gennaio 2026, gli iscritti AIRE potranno richiedere la Carta d\u2019Identit\u00e0 Elettronica anche presso i Comuni italiani.<\/p>\n<p>In base alla previsione dell\u2019art. 5 della Legge 11\/2026,<strong> a partire dal 1\u00b0 giugno 2026, il cittadino italiano iscritto all\u2019Anagrafe degli Italiani Residenti all\u2019Estero (AIRE) potr\u00e0 presentare domanda per il rilascio della carta d\u2019identit\u00e0 elettronica presso <span style=\"text-decoration: underline;\">qualsiasi<\/span> Comune italiano<\/strong>.<br \/>\nLa carta d\u2019identit\u00e0 sar\u00e0 consegnata con le medesime modalit\u00e0 previste in caso di domanda presentata tramite l\u2019Ufficio consolare, con facolt\u00e0 per l\u2019interessato di ritirarla personalmente presso il Comune o, in alternativa, di richiederne la spedizione all\u2019estero.<\/p>\n<p>Per maggiori informazioni, gli utenti dovranno rivolgersi ai singoli Comuni.<\/p>\n<p><strong>Per presentare la richiesta di rilascio della Carta d&#8217;Identit\u00e0 Elettronica (CIE) tramite questo Consolato<\/strong>, servizio rivolto esclusivamente ai cittadini italiani regolarmente iscritti in AIRE nella circoscrizione del Consolato Generale d&#8217;Italia a Toronto, <strong>gli appuntamenti<\/strong><strong>\u00a0devono essere prenotati tramite <a href=\"https:\/\/prenotami.esteri.it\/\">Prenot@mi<\/a>.<\/strong><\/p>\n<p>Il calendario ha una visibilit\u00e0 di 8 settimane e, ogni giorno, scorre in avanti di 24 ore, rendendo visibile all&#8217;utenza un giorno in pi\u00f9.<br \/>\nSi consiglia di collegarsi il gioved\u00ec o il venerd\u00ec attorno alle ore 18.00 (ora di Toronto).<\/p>\n<p><strong>Gli appuntamenti devono essere prenotati con almeno 15 giorni di anticipo<\/strong>, per consentire all&#8217;operatore consolare di svolgere le operazioni propedeutiche all&#8217;appuntamento (ad esempio, se mi collego il 31 maggio, potr\u00f2 prenotare solo per date uguali o successive al 14 giugno).<\/p>\n<p><strong>Si ricorda che la CIE non viene consegnata a vista ma viene spedita dall&#8217;Italia per posta raccomandata, a cura dell&#8217;Istituto Poligrafico e Zecca dello Stato, all&#8217;indirizzo indicato dal richiedente in fase di domanda<\/strong>.<br \/>\nPer maggiori informazioni: <a href=\"https:\/\/constoronto.esteri.it\/it\/servizi-consolari-e-visti\/servizi-per-il-cittadino-italiano\/carte-didentita\/\">Carta d&#8217;Identit\u00e0 Elettronica<\/a><\/p>\n<\/details>\n<hr \/>\n<details>\n<summary><span style=\"color: #0000ff;\"><strong>APPUNTAMENTI PER CITTADINANZA PER DISCENDENZA<\/strong><\/span><\/summary>\n<p>Un nuovo calendario per prenotazione di appuntamenti individuali per cittadinanza per discendenza <strong>\u00e8 disponibile dal 27 gennaio 2025<\/strong> e fino al 31 dicembre 2025.<\/p>\n<p>Si ricorda che gli\u00a0<strong>appuntamenti<\/strong>\u00a0disponibili su Prenot@mi sono\u00a0<strong>individuali<\/strong>.<\/p>\n<p>Si raccomanda di\u00a0<strong>prenotare SOLO dopo avere raccolto tutta la documentazione necessaria<\/strong>, indicata al punto precedente. L\u2019appuntamento serve infatti a presentare la domanda di riconoscimento della cittadinanza italiana per discendenza;\u00a0<strong>NON si forniscono<\/strong>\u00a0invece\u00a0<strong>servizi di consulenza<\/strong>.<\/p>\n<p>Si raccomanda di\u00a0<strong>cancellare un appuntamento dal sistema Prenot@mi se<\/strong>, per un imprevisto,\u00a0<strong>l\u2019utente non \u00e8 pi\u00f9 in grado di presentarsi<\/strong>.<\/p>\n<p>Gli\u00a0<strong>appuntamenti sono resi disponibili in modo automatico dal sistema su base quotidiana<\/strong>, attorno alle 18.00 ora locale di Toronto.<\/p>\n<p>Se non sono disponibili appuntamenti, \u00e8 possibile\u00a0<strong>iscriversi in Waiting List<\/strong>. L\u2019utente iscritto in Waiting List riceve dal sistema il primo appuntamento disponibile, seguendo una\u00a0<strong>priorit\u00e0 cronologica<\/strong>.\u00a0<strong>Si pu\u00f2 rimanere iscritti in Waiting List per un massimo di 90 giorni.<\/strong>\u00a0Terminati i 90 giorni, se la Waiting List non \u00e8 riuscita ad assegnare un appuntamento, l\u2019utente dovr\u00e0 provare nuovamente a prenotare un appuntamento o iscriversi di nuovo in Waiting List.\u00a0<strong>La Waiting List ha un numero di posti limitato<\/strong>. Se anche la Waiting List \u00e8 piena, l\u2019opzione WL non verr\u00e0 fornita dal sistema e l\u2019utente potr\u00e0 solo ricollegarsi in un momento successivo per provare nuovamente a prenotare.<br \/>\nIl sistema Prenot@mi invia una comunicazione\u00a0<strong>email con richiesta di conferma dell\u2019appuntamento assegnato<\/strong>\u00a0(direttamente o tramite Waiting List).<br \/>\n<strong>Se l\u2019utente non conferma la prenotazione<\/strong>, cliccando sul link presente nell\u2019email,\u00a0<strong>l\u2019appuntamento viene automaticamente cancellato<\/strong>.<br \/>\n<strong>Si raccomanda di monitorare con costanza l\u2019indirizzo email fornito in fase di registrazione a Prenot@mi, inclusa la cartella SPAM<\/strong>\u00a0(o Junk Mail).<br \/>\nAllo stesso modo,\u00a0<strong>se non si conferma un appuntamento assegnato tramite Waiting List, si perde la priorit\u00e0 acquisita e si esce dalla Waiting List<\/strong>. In questo caso, sar\u00e0 necessario avviare nuovamente il processo di prenotazione.<\/p>\n<p>Link: <a href=\"https:\/\/constoronto.esteri.it\/it\/servizi-consolari-e-visti\/servizi-per-il-cittadino-straniero\/cittadinanza\/cittadinanza-italiana-per-discendenza\/\" target=\"_blank\" rel=\"noopener\">Informazioni sulle procedure di cittadinanza<\/a><\/p>\n<\/details>\n<hr \/>\n<details>\n<summary><span style=\"color: #0000ff;\"><strong>APPUNTAMENTI PER LE RICHIESTE DI PASSAPORTO<\/strong><\/span><\/summary>\n<p>Il calendario di prenotazione su Prenot@mi \u00e8 attivo in maniera flessibile per 30 giorni, ed assegna gli appuntamenti ogni luned\u00ec, marted\u00ec, mercoled\u00ec e gioved\u00ec. Ogni giorno, a partire dalle 18.00 ora locale, viene resa disponibile una nuova giornata di appuntamenti.<\/p>\n<p>Qualora non si trovino slot disponibili, si invita l&#8217;utenza a riprovare <strong>pi\u00f9 volte<\/strong> i giorni successivi, ed eventualmente di <strong>iscriversi nella <\/strong><strong>waiting list<\/strong>, la quale offre a tutti gli iscritti, in maniera prioritaria, gli appuntamenti cancellati, ma anche una parte dei nuovi slot disponibili. <strong>Se l&#8217;opzione Waiting List non compare al momento del tentativo di prenotazione<\/strong>, significa che tutti gli slot della WL sono occupati. Sar\u00e0 necessario riprovare successivamente.<\/p>\n<p>In caso di <strong>comprovata urgenza<\/strong>, sul sito web del Consolato \u00e8 descritta la procedura da seguire:\u00a0<a href=\"https:\/\/constoronto.esteri.it\/it\/servizi-consolari-e-visti\/servizi-per-il-cittadino-italiano\/passaporti-e-carte-didentita\/procedura-rilascio-passaporto-in-caso-di-urgenza\/\">Procedura di richiesta del passaporto in caso di urgenza<\/a><\/p>\n<p>Link utile: <a href=\"https:\/\/constoronto.esteri.it\/it\/servizi-consolari-e-visti\/servizi-per-il-cittadino-italiano\/passaporti-e-carte-didentita\/\" target=\"_blank\" rel=\"noopener\">Informazioni sulle procedure per la richiesta di passaporto<\/a><\/p>\n<p>\u00c8 possibile <strong>prenotare un appuntamento per depositare la domanda di nuovo passaporto anche presso i Vice Consolati Onorari abilitati<\/strong> (attualmente: Sarnia, Sudbury, Thunder Bay, Winnipeg). Il Vice Console Onorario competente in base al luogo di residenza dell&#8217;utente ricever\u00e0 la pratica e si occuper\u00e0 dell\u2019acquisizione dei dati biometrici (impronte digitali, foto, firma). Per i contatti della Rete Onoraria,<a href=\"https:\/\/constoronto.esteri.it\/it\/chi-siamo\/la-rete-consolare\/vice-consoli-onorari\/\"> cliccare qui<\/a>.<\/p>\n<\/details>\n<hr \/>\n<details>\n<summary><span style=\"color: #0000ff;\"><strong>APPUNTAMENTI PER LE RICHIESTE DI VISTI SCHENGEN<\/strong><\/span><\/summary>\n<p>Si ricorda che i visti nazionali (permanenza in Italia per pi\u00f9 di 90 giorni) debbono essere spediti per posta e non necessitano di un appuntamento.<\/p>\n<p>Qualora non si trovino slot disponibili per appuntamenti per visto Schengen, si invita l&#8217;utenza a riprovare <strong>pi\u00f9 volte<\/strong> i giorni successivi, in particolare alle ore 18.00 ora locale di Toronto, in quanto nuovi appuntamenti vengono &#8220;aperti&#8221; (resi disponibili) ogni giorno.<\/p>\n<p>Link: <a href=\"https:\/\/constoronto.esteri.it\/it\/servizi-consolari-e-visti\/servizi-per-il-cittadino-straniero\/visti\/\" target=\"_blank\" rel=\"noopener\">Informazioni sulle procedure per la richiesta di visto Schengen<\/a><\/p>\n<\/details>\n","protected":false},"excerpt":{"rendered":"Per la prenotazione di appuntamenti presso il Consolato Generale d&#8217;Italia a Toronto, per i seguenti servizi: CARTA D&#8217;IDENTITA&#8217; ELETTRONICA, CITTADINANZA, PASSAPORTI, VISTI SCHENGEN, \u00e8 necessario utilizzare il portale PRENOT@MI.\u00a0 Per tutti gli altri servizi consolari, si prega di verificare le sezioni dedicate di questo sito per informazioni sulle modalit\u00e0 di erogazione del servizio. Il sistema [&hellip;]","protected":false},"author":4,"featured_media":480,"parent":201,"menu_order":4,"comment_status":"closed","ping_status":"closed","template":"","meta":{"footnotes":""},"class_list":["post-479","page","type-page","status-publish","has-post-thumbnail","hentry"],"_links":{"self":[{"href":"https:\/\/constoronto.esteri.it\/it\/wp-json\/wp\/v2\/pages\/479","targetHints":{"allow":["GET"]}}],"collection":[{"href":"https:\/\/constoronto.esteri.it\/it\/wp-json\/wp\/v2\/pages"}],"about":[{"href":"https:\/\/constoronto.esteri.it\/it\/wp-json\/wp\/v2\/types\/page"}],"author":[{"embeddable":true,"href":"https:\/\/constoronto.esteri.it\/it\/wp-json\/wp\/v2\/users\/4"}],"replies":[{"embeddable":true,"href":"https:\/\/constoronto.esteri.it\/it\/wp-json\/wp\/v2\/comments?post=479"}],"version-history":[{"count":7,"href":"https:\/\/constoronto.esteri.it\/it\/wp-json\/wp\/v2\/pages\/479\/revisions"}],"predecessor-version":[{"id":8953,"href":"https:\/\/constoronto.esteri.it\/it\/wp-json\/wp\/v2\/pages\/479\/revisions\/8953"}],"up":[{"embeddable":true,"href":"https:\/\/constoronto.esteri.it\/it\/wp-json\/wp\/v2\/pages\/201"}],"wp:featuredmedia":[{"embeddable":true,"href":"https:\/\/constoronto.esteri.it\/it\/wp-json\/wp\/v2\/media\/480"}],"wp:attachment":[{"href":"https:\/\/constoronto.esteri.it\/it\/wp-json\/wp\/v2\/media?parent=479"}],"curies":[{"name":"wp","href":"https:\/\/api.w.org\/{rel}","templated":true}]}}