{"id":467,"date":"2023-02-10T18:40:44","date_gmt":"2023-02-10T17:40:44","guid":{"rendered":"https:\/\/constoronto.esteri.it\/?page_id=467"},"modified":"2025-08-08T23:47:37","modified_gmt":"2025-08-08T21:47:37","slug":"cittadinanza-italiana-per-discendenza","status":"publish","type":"page","link":"https:\/\/constoronto.esteri.it\/it\/servizi-consolari-e-visti\/servizi-per-il-cittadino-straniero\/cittadinanza\/cittadinanza-italiana-per-discendenza\/","title":{"rendered":"Cittadinanza italiana per discendenza"},"content":{"rendered":"<h4 style=\"text-align: center;\"><\/h4>\n<table style=\"width: 100%; border: 1px solid black;\">\n<tbody>\n<tr>\n<td><strong><em>ATTENZIONE!<\/em><\/strong><br \/>\n<em><strong>Se siete arrivati a questa pagina direttamente da un motore di ricerca, pregasi controllare la pagina <a href=\"https:\/\/constoronto.esteri.it\/it\/servizi-consolari-e-visti\/servizi-per-il-cittadino-straniero\/cittadinanza\/\">CITTADINANZA<\/a> prima di continuare.<\/strong><\/em><\/td>\n<\/tr>\n<\/tbody>\n<\/table>\n<p>&nbsp;<\/p>\n<p><strong><u>DURATA DEL PROCEDIMENTO<\/u><\/strong><\/p>\n<p>La legge prevede come tempo massimo di trattazione <strong>24 mesi<\/strong> dal momento dalla presentazione della domanda <strong><u>completa di tutta la documentazione richiesta<\/u><\/strong>.<\/p>\n<p><strong><u>CHI PUO\u2019 RICHIEDERE QUESTO \u00a0RICONOSCIMENTO<\/u><\/strong><\/p>\n<p style=\"text-align: justify;\"><strong>DAL 28 MARZO 2025 Possono richiedere la cittadinanza italiana PER DISCENDENZA i nati all\u2019estero che possiedono un\u2019altra cittadinanza <\/strong>(ad esempio, la cittadinanza canadese), solo se:<\/p>\n<p style=\"padding-left: 40px; text-align: justify;\">a) sono <strong>discendenti di I\u00b0 o II\u00b0 grado di cittadini italiani<\/strong> che posseggono, o possedevano al momento della morte, <u>esclusivamente<\/u> la cittadinanza italiana. <strong>Tale possesso deve esistere alla data di nascita del richiedente.<\/strong><\/p>\n<p>OPPURE<\/p>\n<p style=\"padding-left: 40px; text-align: justify;\">b) un genitore o adottante \u00e8 stato residente in Italia <strong>per almeno due anni continuativi<\/strong> <strong><u>successivamente<\/u> all&#8217;acquisto della cittadinanza italiana <\/strong>e <strong><u>prima<\/u> della data di nascita o di adozione del richiedente<\/strong>.<br \/>\nIn questo caso occorrer\u00e0 presentare un <strong>certificato storico di residenza<\/strong><a href=\"https:\/\/constoronto.esteri.it\/wp-content\/uploads\/2025\/06\/modulo_richiesta_certificati_comune-27.06.2025.pdf\" target=\"_blank\" rel=\"noopener\"> rilasciato dal comune italiano competente<\/a> ed un <strong>certificato storico di cittadinanza<\/strong> rilasciato dallo stesso Comune.<\/p>\n<p><strong>ATTENZIONE: <\/strong><\/p>\n<p style=\"text-align: justify;\"><strong>Non \u00e8 sufficiente che l\u2019ascendente di secondo grado (nonno\/nonna) abbia, o abbia avuto al momento della morte, solo la cittadinanza italiana. In ogni caso, occorre verificare che anche per l\u2019ascendente di primo grado (padre, madre) la linea di trasmissione della cittadinanza italiana sia rimasta intatta<\/strong><\/p>\n<hr \/>\n<p><strong>CHI PUO&#8217; PRESENTARE DOMANDA AL CONSOLATO GENERALE DI TORONTO?\u00a0<\/strong><\/p>\n<p><span class=\"jCAhz ChMk0b\"><span class=\"ryNqvb\">1) Discendenti di cittadini italiani, nati in Canada e<strong> residenti in questa giurisdizione consolare<\/strong> (per verificare la giurisdizione, <a href=\"https:\/\/constoronto.esteri.it\/it\/chi-siamo\/\">clicca qui<\/a>);<\/span><\/span><\/p>\n<p><span class=\"jCAhz ChMk0b\"><span class=\"ryNqvb\">2) Discendenti di cittadini italiani, nati in un Paese diverso dal Canada, se in possesso di una regolare Carta di Residenza Permanente Canadese in questa giurisdizione consolare (per verificare la giurisdizione, <a href=\"https:\/\/constoronto.esteri.it\/it\/chi-siamo\/\">clicca qui<\/a>).<\/span><\/span><\/p>\n<hr \/>\n<p style=\"text-align: justify;\"><strong>ERRORI E DISCREPANZE<\/strong>: Tutti i documenti indicati, devono essere <strong><u>controllati accuratamente<\/u><\/strong> per verificare che siano privi di errori e discrepanze per quanto riguarda\u00a0nomi, cognomi, date e luoghi di nascita.<br \/>\nI certificati\/documenti con errori \/discrepanze <strong><u>dovranno essere rettificati prima di\u00a0 richiedere l\u2019Apostille<\/u>, <\/strong>quindi tradotti, oppure rettificati prima di richiedere la legalizzazione e la traduzione legalizzata (se formati in Paesi non aderenti alla Convenzione dell\u2019Aja sull\u2019Apostille).<\/p>\n<hr \/>\n<p style=\"text-align: justify;\">Gli atti di nascita, di matrimonio e di morte canadesi (o comunque stranieri per i nati altrove) devono essere in formato \u201c<strong>Certified Copy of Registration<\/strong>\u201d.\u00a0 Si precisa che il formato \u201cwallet size\u201d dei certificati NON non potr\u00e0 essere accettato. Si ribadisce che i certificati canadesi o stranieri devono essere apostillati e tradotti in italiano (<a href=\"https:\/\/constoronto.esteri.it\/it\/servizi-consolari-e-visti\/servizi-per-il-cittadino-italiano\/traduzione-e-legalizzazione-dei-documenti\/\">cliccare qui per pi\u00f9 informazioni<\/a>).<\/p>\n<p><strong><u>DOCUMENTAZIONE DA PRODURRE <\/u><\/strong><\/p>\n<ol>\n<li style=\"text-align: justify;\"><a href=\"https:\/\/constoronto.esteri.it\/wp-content\/uploads\/2025\/05\/Modulo-riconoscimento-16.05.25.pdf\"><strong>Domanda di riconoscimento<\/strong><\/a>.<\/li>\n<li style=\"text-align: justify;\">Pagamento della tariffa consolare non rimborsabile <a href=\"https:\/\/constoronto.esteri.it\/en\/servizi-consolari-e-visti\/servizi-per-il-cittadino-italiano\/informazioni-utili\/tariffe-consolari\/\"> 7bis<\/a>. Tale importo verr\u00e0 pagato allo sportello al momento di presentare la domanda di riconoscimento secondo le modalit\u00e0 stabilite nella <a href=\"https:\/\/constoronto.esteri.it\/en\/servizi-consolari-e-visti\/servizi-per-il-cittadino-italiano\/informazioni-utili\/tariffe-consolari\/\">pagina dedicata<\/a><\/li>\n<li style=\"text-align: justify;\"><strong>Copia del passaporto canadese <\/strong>e di prova della residenza (copia della <strong>patente di guida<\/strong>\u00a0o di\u00a0<strong>qualsiasi utenza<\/strong>). Questi documenti non devono essere ne\u2019 apostillati ne\u2019 tradotti.<\/li>\n<li style=\"text-align: justify;\"><a href=\"https:\/\/constoronto.esteri.it\/it\/servizi-consolari-e-visti\/servizi-per-il-cittadino-italiano\/stato-civile\/trascrizione-nascita-matrimonio-morte\/\"><strong>Estratto<\/strong><\/a><strong> integrale dell\u2019atto di nascita<\/strong><strong> canadese (o straniero) <\/strong><strong>\u00a0del richiedente con <\/strong><a href=\"https:\/\/constoronto.esteri.it\/it\/servizi-consolari-e-visti\/servizi-per-il-cittadino-italiano\/traduzione-e-legalizzazione-dei-documenti\/\"><strong>apostille e traduzione<\/strong><\/a><\/li>\n<li style=\"text-align: justify;\"><strong>S<\/strong><strong>e necessari:<\/strong> Atto di matrimonio, divorzio, naturalizzazione. Vedi nota n. 2<\/li>\n<\/ol>\n<p><span style=\"text-decoration: underline;\"><strong>CASO DI ASCENDENTE DI<span style=\"color: #000000; text-decoration: underline;\"> I Grado<\/span> (padre\/madre esclusivamente italiani)<\/strong><\/span><\/p>\n<p><strong>Aggiungere: <\/strong><\/p>\n<p style=\"padding-left: 40px; text-align: justify;\">A.<strong> Copia dei documenti di identit\u00e0<\/strong> (anche scaduti in caso di decesso) degli ascendenti di I\u00b0 grado (di entrambi i genitori)<\/p>\n<p style=\"padding-left: 40px; text-align: justify;\">B. Documentazione comprovante che il genitore <strong>possiede, o possedeva al momento della morte, esclusivamente la cittadinanza italiana al momento della nascita del richiedente<\/strong>.<br \/>\nVedi nota n. 1<\/p>\n<p style=\"padding-left: 40px; text-align: justify;\">C. <a href=\"https:\/\/constoronto.esteri.it\/it\/servizi-consolari-e-visti\/servizi-per-il-cittadino-italiano\/stato-civile\/trascrizione-nascita-matrimonio-morte\/\"><strong>Estratto<\/strong><\/a><strong> integrale dell\u2019atto di nascita <\/strong><strong>del genitore esclusivamente italiano <\/strong>e fotocopia dell\u2019atto di nascita del coniuge. Vedi nota n. 2.<\/p>\n<p style=\"padding-left: 40px; text-align: justify;\">D. Certificato di matrimonio, eventuale divorzio eventuale certificato di morte. Vedi nota n. 2<\/p>\n<p><span style=\"text-decoration: underline;\"><strong>CASO DI ASCENDENTE DI II Grado (nonno\/nonna esclusivamente italiani)<\/strong><\/span><\/p>\n<p><strong>Aggiungere: <\/strong><\/p>\n<p style=\"padding-left: 40px; text-align: justify;\">E. <strong>Copia dei documenti di identit\u00e0<\/strong> (anche scaduti in caso di decesso) degli ascendenti di II\u00b0 grado (nonno e nonna)<\/p>\n<p style=\"padding-left: 40px; text-align: justify;\">F. Documentazione comprovante che <strong>l\u2019ascendente di II\u00b0 grado (nonno\/nonna) <\/strong><strong>possiede, o possedeva al momento della morte, esclusivamente la cittadinanza italiana al momento della nascita del richiedente<\/strong>. Vedi nota n. 1<\/p>\n<p style=\"padding-left: 40px; text-align: justify;\">G. <a href=\"https:\/\/constoronto.esteri.it\/it\/servizi-consolari-e-visti\/servizi-per-il-cittadino-italiano\/stato-civile\/trascrizione-nascita-matrimonio-morte\/\"><strong>Estratto integrale dell\u2019atto nascita<\/strong><\/a><strong> dell\u2019ascendente di II\u00b0 grado esclusivamente italiano e <\/strong>fotocopia dell\u2019atto di nascita del coniuge. Vedi nota n. 2<\/p>\n<p style=\"padding-left: 40px; text-align: justify;\">H. <strong>Certificato <\/strong>di matrimonio, eventuale divorzio, eventuale certificato di morte dell\u2019ascendente di II grado esclusivamente italiano. Vedi nota n. 2<\/p>\n<p><strong><u>Nota n. 1<\/u><\/strong><\/p>\n<p style=\"text-align: justify;\">\u00c8 onere del richiedente <strong><u>dimostrare in maniera incontrovertibile<\/u><\/strong> che uno degli ascendenti era <strong>esclusivamente cittadino italiano al momento della nascita dell\u2019interessato<\/strong>. IL CONSOLATO NON PUO\u2019 FORNIRE CONSULENZE PRIMA DELLA PRESENTAZIONE DELLA PRATICA.<\/p>\n<p style=\"text-align: justify;\">E\u2019 possibile presentare ad esempio una copia <a href=\"https:\/\/constoronto.esteri.it\/it\/servizi-consolari-e-visti\/servizi-per-il-cittadino-italiano\/traduzione-e-legalizzazione-dei-documenti\/\">apostillata e tradotta<\/a> della \u00a0<strong>Permanent Resident Card<\/strong>, oppure\u00a0<strong>un documento <\/strong>che dimostri che il genitore italiano\u00a0<strong>non ha mai acquistato la cittadinanza canadese<\/strong>. Tali documenti, <a href=\"https:\/\/constoronto.esteri.it\/it\/servizi-consolari-e-visti\/servizi-per-il-cittadino-italiano\/traduzione-e-legalizzazione-dei-documenti\/\">apostillati e tradott<\/a>i possono essere richiesti a Citizenship and Immigration Canada attraverso la procedura <a href=\"https:\/\/www.canada.ca\/en\/immigration-refugees-citizenship\/services\/canadian-citizenship\/proof-citizenship\/search-records.html\">Search of Citizenship Records<\/a> oppure \u201c<a href=\"https:\/\/www.canada.ca\/en\/treasury-board-secretariat\/services\/access-information-privacy.html\">Access to information<\/a>\u201d.<\/p>\n<p style=\"text-align: justify;\">Nel caso in cui si richiedano informazioni relative a\u00a0<strong>donne coniugate,\u00a0<\/strong>nella richiesta \u00e8 importante\u00a0<strong>specificare entrambi i cognomi<\/strong>, da nubile (prima del matrimonio) e da coniugata (dopo il matrimonio).<\/p>\n<p><strong><u>Nota n. 2<\/u><\/strong><\/p>\n<ul>\n<li style=\"text-align: justify;\"><strong>Se l\u2019ascendente \u00e8 nato in Italia, andr\u00e0 presentato il suo estratto dell\u2019atto di nascita <\/strong>rilasciato recentemente dal comune italiano di nascita.\u00a0<a href=\"https:\/\/constoronto.esteri.it\/wp-content\/uploads\/2025\/06\/modulo_richiesta_certificati_comune-27.06.2025.pdf\" target=\"_blank\" rel=\"noopener\">Cliccare qui<\/a> per scaricare il modulo per richiesta al Comune italiano. Accertarsi di chiedere un \u201c<strong>Estratto dell\u2019atto di nascita<\/strong>\u201d e non un \u201cCertificato di Nascita\u201d. <em>Eventuali fotocopie dei vecchi passaporti o altre certificazioni emesse in Italia sono opzionali, ma \u00e8 raccomandabile presentarle allo sportello per completare le informazioni relative al proprio avo.<br \/>\n<\/em><em>Nel caso in cui\u00a0<\/em><strong>entrambi<\/strong><em> gli ascendenti siano nati in Italia, \u00e8 obbligatorio presentare per entrambi l\u2019estratto dell\u2019atto di nascita e la documentazione relativa alla cittadinanza canadese\u00a0 al fine dell\u2019aggiornamento dei dati presso il Comune di provenienza.<\/em><\/li>\n<li style=\"text-align: justify;\">Se l\u2019ascendente\/richiedente \u00e8 nato in Canada o in un altro Paese estero, andr\u00e0 presentato il certificato di nascita <a href=\"https:\/\/constoronto.esteri.it\/it\/servizi-consolari-e-visti\/servizi-per-il-cittadino-italiano\/traduzione-e-legalizzazione-dei-documenti\/\">apostillato e tradotto<\/a>,<\/li>\n<li style=\"text-align: justify;\">Se l\u2019ascendente\/richiedente \u00e8 coniugato, andr\u00e0 presentato il\u00a0certificato di matrimonio <a href=\"https:\/\/constoronto.esteri.it\/it\/servizi-consolari-e-visti\/servizi-per-il-cittadino-italiano\/traduzione-e-legalizzazione-dei-documenti\/\">apostillato e tradotto<\/a>e\u00a0<strong>fotocopia del certificato di nascita del coniuge<\/strong><\/li>\n<li style=\"text-align: justify;\">Se il richiedente \u00e8 divorziato andr\u00e0 presentata la\u00a0<a href=\"https:\/\/constoronto.esteri.it\/it\/servizi-consolari-e-visti\/servizi-per-il-cittadino-italiano\/stato-civile\/divorzio\/\">sentenza di divorzio, certificato di divorzio e certificato di matrimonio<\/a> (a cui il divorzio si riferisce), <a href=\"https:\/\/constoronto.esteri.it\/it\/servizi-consolari-e-visti\/servizi-per-il-cittadino-italiano\/traduzione-e-legalizzazione-dei-documenti\/\">apostillati e tradotti<\/a>. Per maggiori informazioni vedere la\u00a0<a href=\"https:\/\/constoronto.esteri.it\/it\/servizi-consolari-e-visti\/servizi-per-il-cittadino-italiano\/stato-civile\/\">sezione dedicata<\/a>.<\/li>\n<\/ul>\n<p><strong><u>Nota n. 3<\/u><\/strong><\/p>\n<p style=\"text-align: justify;\">Si potranno presentare ad esempio, certificati di non rinuncia, certificato di cittadinanza italiana, passaporto italiano in corso di validit\u00e0.<\/p>\n<p style=\"text-align: justify;\"><strong>COME CONSEGNARE LA DOCUMENTAZIONE<\/strong><\/p>\n<p style=\"text-align: justify;\">La presentazione della documentazione avviene di persona, <strong>esclusivamente<\/strong> previo appuntamento su <a href=\"https:\/\/constoronto.esteri.it\/it\/servizi-consolari-e-visti\/servizi-per-il-cittadino-italiano\/altri-servizi\/prenotmi\/\" target=\"_blank\" rel=\"noopener\">Prenot@mi<\/a><\/p>\n<hr \/>\n<details>\n<summary><span style=\"color: #0000ff;\"><strong>COME PRESENTARE LA DOMANDA DI RICONOSCIMENTO<\/strong><\/span><\/summary>\n<p style=\"text-align: justify;\"><strong>L\u2019Ufficio Cittadinanza riceve SOLO su appuntamento attraverso l\u2019applicativo ONLINE\u00a0<\/strong><a href=\"https:\/\/constoronto.esteri.it\/en\/servizi-consolari-e-visti\/servizi-per-il-cittadino-italiano\/altri-servizi\/prenotmi\/\"><strong>Prenot@mi<\/strong><\/a><strong>\u00a0<\/strong>per la trattazione dei casi di ricostruzione di cittadinanza a favore di discendenti di cittadini italiani.<br \/>\nSi ricorda che gli appuntamenti sono sempre <strong>GRATUITI<\/strong> e NON POSSONO essere richiesti tramite TERZI, ma PERSONALMENTE DALL\u2019INTERESSATO.<\/p>\n<p style=\"text-align: justify;\">Se pi\u00f9 membri della <span style=\"text-decoration: underline;\">stessa famiglia<\/span> intendono presentare l\u2019istanza, <strong>ogni membro maggiorenne<\/strong> dovr\u00e0 fissare <strong>il proprio appuntamento<\/strong> e <strong>presentare la domanda personalmente<\/strong>.<\/p>\n<details>\n<summary><span style=\"color: #0000ff;\"><strong>Clicca qui per informazioni utili sul funzionamento del Calendario di prenotazione 2025 disponibile su Prenot@mi<\/strong>.<\/span><\/summary>\n<p>Si ricorda che gli\u00a0<strong>appuntamenti<\/strong>\u00a0disponibili su Prenot@mi sono\u00a0<strong>individuali<\/strong>.<\/p>\n<p>Si raccomanda di\u00a0<strong>prenotare SOLO dopo avere raccolto tutta la documentazione necessaria<\/strong>, indicata al punto precedente. L\u2019appuntamento serve infatti a presentare la domanda di riconoscimento della cittadinanza italiana per discendenza; <strong>NON si forniscono<\/strong>\u00a0invece\u00a0<strong>servizi di consulenza<\/strong>.<\/p>\n<p>Si raccomanda di\u00a0<strong>cancellare un appuntamento dal sistema Prenot@mi se<\/strong>, per un imprevisto,\u00a0<strong>l\u2019utente non \u00e8 pi\u00f9 in grado di presentarsi<\/strong>.<\/p>\n<p style=\"text-align: justify;\">Gli\u00a0<strong>appuntamenti sono resi disponibili in modo automatico dal sistema su base quotidiana<\/strong>, attorno alle 18.00 ora locale di Toronto.<\/p>\n<p style=\"text-align: justify;\">Se non sono disponibili appuntamenti, \u00e8 possibile <strong>iscriversi in Waiting List<\/strong>. L\u2019utente iscritto in Waiting List riceve dal sistema il primo appuntamento disponibile, seguendo una\u00a0<strong>priorit\u00e0 cronologica<\/strong>. <strong>Si pu\u00f2 rimanere iscritti in Waiting List per un massimo di 90 giorni.<\/strong> Terminati i 90 giorni, se la Waiting List non \u00e8 riuscita ad assegnare un appuntamento, l\u2019utente dovr\u00e0 provare nuovamente a prenotare un appuntamento o iscriversi di nuovo in Waiting List. <strong>La Waiting List ha un numero di posti limitato<\/strong>. Se anche la Waiting List \u00e8 piena, l&#8217;opzione WL non verr\u00e0 fornita dal sistema e l&#8217;utente potr\u00e0 solo ricollegarsi in un momento successivo per provare nuovamente a prenotare.<br \/>\nIl sistema Prenot@mi invia una comunicazione\u00a0<strong>email con richiesta di conferma dell\u2019appuntamento assegnato<\/strong>\u00a0(direttamente o tramite Waiting List).<br \/>\n<strong>Se l\u2019utente non conferma la prenotazione<\/strong>, cliccando sul link presente nell\u2019email,\u00a0<strong>l\u2019appuntamento viene automaticamente cancellato<\/strong>.<br \/>\n<strong>Si raccomanda di monitorare con costanza l\u2019indirizzo email fornito in fase di registrazione a Prenot@mi, inclusa la cartella SPAM<\/strong> (o Junk Mail).<br \/>\nAllo stesso modo,\u00a0<strong>se non si conferma un appuntamento assegnato tramite Waiting List, si perde la priorit\u00e0 acquisita e si esce dalla Waiting List<\/strong>. In questo caso, sar\u00e0 necessario avviare nuovamente il processo di prenotazione.<\/p>\n<\/details>\n<\/details>\n<hr \/>\n<details>\n<summary><span style=\"color: #0000ff;\"><strong>COSTI<\/strong><\/span><\/summary>\n<p style=\"text-align: justify;\">Per l\u2019esame e la trattazione delle domande di riconoscimento della cittadinanza italiana a favore di persona maggiorenne,\u00a0<strong>\u00e8 dovuto un contributo di Euro 600<\/strong>.\u00a0Tale contributo viene pagato <strong>PRIMA<\/strong> dell\u2019esame formale della pratica allo sportello e, indipendentemente dall\u2019esito positivo o negativo, <strong><u>NON \u00e8 rimborsabile<\/u><\/strong>.<\/p>\n<p style=\"text-align: justify;\">Si precisa che il predetto contributo va pagato\u00a0allo sportello <strong>esclusivamente in dollari canadesi<\/strong>. P<strong>er l\u2019importo attuale in dollari canadesi<\/strong><strong>\u00a0<\/strong><a href=\"https:\/\/constoronto.esteri.it\/it\/servizi-consolari-e-visti\/servizi-per-il-cittadino-italiano\/informazioni-utili\/tariffe-consolari\/\"><strong>cliccare qui<\/strong><\/a><strong>\u00a0, (<\/strong><strong>art. 7bis)<\/strong>; \u00e8 possibile pagare anche con\u00a0<strong>carte di <u>debito<\/u><\/strong>\u00a0<strong>canadesi<\/strong>\u00a0(le carte di credito o altre forme di pagamento digitale non sono accettate).<\/p>\n<p style=\"text-align: justify;\"><strong>ATTENZIONE:<\/strong>\u00a0<strong>L\u2019importo in dollari canadesi<\/strong>\u00a0(pari a Euro 600) pu\u00f2 subire\u00a0<strong>variazioni a cadenza trimestrale<\/strong>\u00a0a causa delle variazioni di cambio, per questo \u00e8 necessario verificare sulla <a href=\"https:\/\/constoronto.esteri.it\/it\/servizi-consolari-e-visti\/servizi-per-il-cittadino-italiano\/informazioni-utili\/tariffe-consolari\/\">tariffa consolare<\/a> (art. 7bis) l\u2019importo attuale e aggiornato.<\/p>\n<p style=\"text-align: justify;\">Oltre al predetto contributo, devono essere pagate anche le legalizzazioni <strong>(art. 69), <\/strong>se necessarie.<\/p>\n<\/details>\n<hr \/>\n<details>\n<summary><span style=\"color: #0000ff;\"><strong>MODULI<\/strong><\/span><\/summary>\n<ul>\n<li>Nuovo Modello domanda di riconoscimento della cittadinanza disponibile in\u00a0<a href=\"https:\/\/constoronto.esteri.it\/wp-content\/uploads\/2025\/05\/Modulo-riconoscimento-16.05.25.pdf\"> Formato PDF<\/a> o <a href=\"https:\/\/constoronto.esteri.it\/wp-content\/uploads\/2025\/05\/Modulo-riconoscimento-16.05.25.docx\">Formato .doc (Word Document)<\/a><\/li>\n<\/ul>\n<\/details>\n","protected":false},"excerpt":{"rendered":"ATTENZIONE! Se siete arrivati a questa pagina direttamente da un motore di ricerca, pregasi controllare la pagina CITTADINANZA prima di continuare. &nbsp; DURATA DEL PROCEDIMENTO La legge prevede come tempo massimo di trattazione 24 mesi dal momento dalla presentazione della domanda completa di tutta la documentazione richiesta. CHI PUO\u2019 RICHIEDERE QUESTO \u00a0RICONOSCIMENTO DAL 28 MARZO [&hellip;]","protected":false},"author":4,"featured_media":497,"parent":205,"menu_order":1,"comment_status":"closed","ping_status":"closed","template":"","meta":{"footnotes":""},"class_list":["post-467","page","type-page","status-publish","has-post-thumbnail","hentry"],"_links":{"self":[{"href":"https:\/\/constoronto.esteri.it\/it\/wp-json\/wp\/v2\/pages\/467","targetHints":{"allow":["GET"]}}],"collection":[{"href":"https:\/\/constoronto.esteri.it\/it\/wp-json\/wp\/v2\/pages"}],"about":[{"href":"https:\/\/constoronto.esteri.it\/it\/wp-json\/wp\/v2\/types\/page"}],"author":[{"embeddable":true,"href":"https:\/\/constoronto.esteri.it\/it\/wp-json\/wp\/v2\/users\/4"}],"replies":[{"embeddable":true,"href":"https:\/\/constoronto.esteri.it\/it\/wp-json\/wp\/v2\/comments?post=467"}],"version-history":[{"count":6,"href":"https:\/\/constoronto.esteri.it\/it\/wp-json\/wp\/v2\/pages\/467\/revisions"}],"predecessor-version":[{"id":7802,"href":"https:\/\/constoronto.esteri.it\/it\/wp-json\/wp\/v2\/pages\/467\/revisions\/7802"}],"up":[{"embeddable":true,"href":"https:\/\/constoronto.esteri.it\/it\/wp-json\/wp\/v2\/pages\/205"}],"wp:featuredmedia":[{"embeddable":true,"href":"https:\/\/constoronto.esteri.it\/it\/wp-json\/wp\/v2\/media\/497"}],"wp:attachment":[{"href":"https:\/\/constoronto.esteri.it\/it\/wp-json\/wp\/v2\/media?parent=467"}],"curies":[{"name":"wp","href":"https:\/\/api.w.org\/{rel}","templated":true}]}}