{"id":4353,"date":"2024-07-09T22:54:01","date_gmt":"2024-07-09T20:54:01","guid":{"rendered":"https:\/\/constoronto.esteri.it\/?page_id=4353"},"modified":"2025-03-27T17:55:33","modified_gmt":"2025-03-27T16:55:33","slug":"codice-fiscale-per-italiani-iscritti-aire","status":"publish","type":"page","link":"https:\/\/constoronto.esteri.it\/it\/servizi-consolari-e-visti\/servizi-per-il-cittadino-italiano\/codice-fiscale\/codice-fiscale-per-italiani-iscritti-aire\/","title":{"rendered":"Codice Fiscale per Italiani iscritti AIRE"},"content":{"rendered":"<p style=\"text-align: justify;\"><strong>A partire dal 15 luglio 2024<\/strong>, i <strong>cittadini italiani<\/strong> regolarmente <strong>iscritti in AIRE<\/strong> potranno <strong>fare richiesta del codice fiscale per s\u00e9 e per eventuali figli minorenni <\/strong>(anch\u2019essi italiani iscritti in AIRE e indicati nel nucleo familiare del genitore) <strong>tramite il portale <a href=\"https:\/\/serviziconsolari.esteri.it\/ScoFE\/index.sco\">FAST-IT<\/a>.<\/strong><\/p>\n<p style=\"text-align: justify;\">Il connazionale iscritto AIRE, gi\u00e0 correttamente registrato e \u201cassociato\u201d su <a href=\"https:\/\/serviziconsolari.esteri.it\/ScoFE\/index.sco\">FAST-IT<\/a>, dopo aver effettuato l\u2019accesso al portale trover\u00e0 il <strong>box \u201cAttribuzione Codice Fiscale\u201d<\/strong> nella sezione \u201cAnagrafe Consolare e AIRE\u201d (<em>Consular and AIRE Registry<\/em>). Da l\u00ec, potr\u00e0 avviare la richiesta di Codice Fiscale, che sar\u00e0 ricevuta e gestita dall\u2019operatore consolare.<\/p>\n<p style=\"text-align: justify;\">Se la richiesta va a buon fine, una volta completata la lavorazione della pratica, <strong>il connazionale<\/strong>, rientrando nel suo account <a href=\"https:\/\/serviziconsolari.esteri.it\/ScoFE\/index.sco\">FAST-IT<\/a>, <strong>potr\u00e0 scaricare in autonomia il certificato di attestazione del Codice Fiscale <\/strong>per s\u00e9 e per gli eventuali figli minorenni per i quali abbia fatto richiesta.<\/p>\n<hr \/>\n<p><strong><em>Come fare?<\/em><\/strong><\/p>\n<ol>\n<li>Accedi al Portale Fast It;<\/li>\n<li>Clicca su \u201cAnagrafe Consolare e AIRE\u201d e poi su\u00a0\u201cAttribuzione Codice Fiscale\u201d;<\/li>\n<li>Conferma i dati e avvia la richiesta;<\/li>\n<li>Dopo che la richiesta sar\u00e0 stata lavorata dal Consolato, potrai scaricare in autonomia (download) il certificato di attribuzione del Codice Fiscale.<\/li>\n<\/ol>\n<p><strong><em>Se non riesci a scaricare\u00a0il certificato di attribuzione del Codice Fiscale:<\/em><\/strong><\/p>\n<ol>\n<li>Registrati sul\u00a0<a href=\"https:\/\/serviziconsolari.esteri.it\/#_blank\">portale FAST IT<\/a>, oppure accedi se hai gi\u00e0 un account attivo;<\/li>\n<li>Richiedi la \u201cAssociazione Online\u201d cliccando su \u201cAnagrafe Consolare e AIRE\u201d e poi su \u201cVisualizzare la propria scheda anagrafica\u201d;<\/li>\n<li>Riceverai sulla tua casella di posta il messaggio di avvenuta associazione.<\/li>\n<li>Accedi nuovamente al portale e scarica il certificato.<\/li>\n<\/ol>\n<p>I cittadini maggiorenni iscritti all\u2019AIRE che hanno gi\u00e0 il codice fiscale possono <strong>scaricare direttamente il certificato di attestazione del codice fiscale <\/strong>attraverso il portale telematico Fast-it accedendo al relativo servizio e seguendo le indicazioni fornite per chiedere il codice fiscale; in questo caso non sar\u00e0 necessario l\u2019intervento del Consolato per il rilascio del certificato.<\/p>\n<p>In caso di <strong>smarrimento o distruzione del certificato cartaceo<\/strong>, pu\u00f2 essere richiesto il duplicato con le stesse modalit\u00e0 dell\u2019attribuzione.<\/p>\n<hr \/>\n<p style=\"text-align: justify;\">La funzione di richiesta del codice fiscale tramite FAST-IT <strong>non \u00e8 disponibile per i cittadini italiani non iscritti AIRE, n\u00e9 per i cittadini stranieri<\/strong>, che dovranno continuare a seguire la procedura ordinaria di richiesta del Codice Fiscale, <a href=\"https:\/\/constoronto.esteri.it\/it\/servizi-consolari-e-visti\/servizi-per-il-cittadino-italiano\/codice-fiscale\/\">descritta qui<\/a>.<\/p>\n<p style=\"text-align: justify;\">ATTENZIONE: il connazionale a cui \u00e8 stato attribuito il codice fiscale con la proceduta sopra descritta, tramite il portale FAST-IT, potrebbe incontrare difficolt\u00e0 all\u2019atto della richiesta dello SPID (Sistema Pubblico d\u2019Identit\u00e0 Digitale) a uno dei provider convenzionati. Il connazionale potr\u00e0 fare presente al provider, in sede di verifica del proprio codice fiscale per l\u2019ottenimento dello SPID, che l\u2019AGID (Agenzia per l\u2019Italia Digitale) ha emesso lo scorso 30 aprile 2024 un apposito avviso in base al quale i provider abilitati al rilascio dello SPID sono tenuti a riconoscere come valide ed autentiche le attestazioni di rilascio emesse dagli Uffici Consolari all\u2019estero. Nella stessa homepage di FAST-IT \u00e8 possibile consultare tale avviso, reperibile anche al link: <a href=\"https:\/\/www.agid.gov.it\/sites\/default\/files\/repository_files\/spid-avviso-n7v2-rilascio-identita-italiani-stabiliti-estero_f.pdf\">spid-avviso-n7v2-rilascio-identita-italiani-stabiliti-estero_f.pdf (agid.gov.it)<\/a><\/p>\n<p style=\"text-align: justify;\">Per informazioni sulle modalit\u00e0 di registrazione al portale FAST-IT e trasmissione della richiesta di iscrizione AIRE tramite il predetto portale, <a href=\"https:\/\/constoronto.esteri.it\/it\/servizi-consolari-e-visti\/servizi-per-il-cittadino-italiano\/anagrafe-degli-italiani-residenti-allestero-aire\/\">cliccare qui<\/a>.<\/p>\n","protected":false},"excerpt":{"rendered":"A partire dal 15 luglio 2024, i cittadini italiani regolarmente iscritti in AIRE potranno fare richiesta del codice fiscale per s\u00e9 e per eventuali figli minorenni (anch\u2019essi italiani iscritti in AIRE e indicati nel nucleo familiare del genitore) tramite il portale FAST-IT. Il connazionale iscritto AIRE, gi\u00e0 correttamente registrato e \u201cassociato\u201d su FAST-IT, dopo aver [&hellip;]","protected":false},"author":6,"featured_media":0,"parent":203,"menu_order":1,"comment_status":"closed","ping_status":"closed","template":"","meta":{"footnotes":""},"class_list":["post-4353","page","type-page","status-publish","hentry"],"_links":{"self":[{"href":"https:\/\/constoronto.esteri.it\/it\/wp-json\/wp\/v2\/pages\/4353","targetHints":{"allow":["GET"]}}],"collection":[{"href":"https:\/\/constoronto.esteri.it\/it\/wp-json\/wp\/v2\/pages"}],"about":[{"href":"https:\/\/constoronto.esteri.it\/it\/wp-json\/wp\/v2\/types\/page"}],"author":[{"embeddable":true,"href":"https:\/\/constoronto.esteri.it\/it\/wp-json\/wp\/v2\/users\/6"}],"replies":[{"embeddable":true,"href":"https:\/\/constoronto.esteri.it\/it\/wp-json\/wp\/v2\/comments?post=4353"}],"version-history":[{"count":5,"href":"https:\/\/constoronto.esteri.it\/it\/wp-json\/wp\/v2\/pages\/4353\/revisions"}],"predecessor-version":[{"id":6819,"href":"https:\/\/constoronto.esteri.it\/it\/wp-json\/wp\/v2\/pages\/4353\/revisions\/6819"}],"up":[{"embeddable":true,"href":"https:\/\/constoronto.esteri.it\/it\/wp-json\/wp\/v2\/pages\/203"}],"wp:attachment":[{"href":"https:\/\/constoronto.esteri.it\/it\/wp-json\/wp\/v2\/media?parent=4353"}],"curies":[{"name":"wp","href":"https:\/\/api.w.org\/{rel}","templated":true}]}}