{"id":205,"date":"2023-01-10T21:40:25","date_gmt":"2023-01-10T20:40:25","guid":{"rendered":"https:\/\/constoronto.esteri.it\/?page_id=205"},"modified":"2025-08-08T22:37:28","modified_gmt":"2025-08-08T20:37:28","slug":"cittadinanza","status":"publish","type":"page","link":"https:\/\/constoronto.esteri.it\/it\/servizi-consolari-e-visti\/servizi-per-il-cittadino-straniero\/cittadinanza\/","title":{"rendered":"Cittadinanza"},"content":{"rendered":"<table style=\"width: 100%; border: 1px solid black;\">\n<tbody>\n<tr>\n<td style=\"text-align: justify;\"><em>ATTENZIONE!<\/em><br \/>\n<em>Si prega di <strong>NON confondere la domanda di passaporto (che possono fare SOLO i cittadini italiani o gi\u00e0 riconosciuti italiani)<\/strong> con le domande di riconoscimento della cittadinanza (per discendenza, per matrimonio, per riacquisto, ecc.). Se non si \u00e8 o si \u00e8 stati riconosciuti cittadini italiani, NON si pu\u00f2 richiedere il passaporto italiano.<\/em><\/td>\n<\/tr>\n<\/tbody>\n<\/table>\n<p style=\"text-align: justify;\">Si raccomanda <strong>di controllare periodicamente<\/strong> il contenuto di queste pagine, soprattutto subito <strong>prima di prendere un appuntamento per la presentazione della domanda di riconoscimento della cittadinanza italiana<\/strong> per la <strong>conferma dei requisiti<\/strong> necessari e per verificare che la documentazione preparata sia quella corretta.<\/p>\n<p style=\"text-align: justify;\"><strong><u>NORMATIVA IN VIGORE<\/u><\/strong><\/p>\n<p style=\"text-align: justify;\"><strong>LA LEGGE DI CONVERSIONE 74\/2025 DEL DECRETO LEGGE N.36\/2025 HA INTRODOTTO MODIFICHE SIGNIFICATIVE ALLA MATERIA DELLA CITTADINANZA ITALIANA, CHE HANNO UN IMPATTO ANCHE SULLA POSSIBILITA\u2019 DI TRASCRIVERE IN ITALIA GLI ATTI DI NASCITA DI MINORI, FIGLI DI GENITORI ITALIANI. \u00a0\u00a0<\/strong><\/p>\n<p style=\"text-align: justify;\"><a href=\"https:\/\/www.gazzettaufficiale.it\/atto\/serie_generale\/caricaDettaglioAtto\/originario?atto.dataPubblicazioneGazzetta=2025-05-23&amp;atto.codiceRedazionale=25A03081&amp;elenco30giorni=false\">Testo del decreto-legge 28 marzo 2025, n. 36, coordinato con la legge di conversione 23 maggio 2025, n. 74<\/a><\/p>\n<p style=\"text-align: justify;\">La materia della cittadinanza italiana \u00e8 dunque attualmente regolata dalla <a href=\"https:\/\/www.normattiva.it\/uri-res\/N2Ls?urn:nir:stato:legge:1992-02-05;91!vig\"><strong>Legge 5 febbraio 1992, n. 91<\/strong><\/a> con successive modifiche e integrazioni, in particolare quelle sopra citate.<\/p>\n<p>Per le informazioni sulle singole procedure, cliccare sulla voce di menu di interesse.<\/p>\n<ul>\n<li><a href=\"https:\/\/constoronto.esteri.it\/it\/servizi-consolari-e-visti\/servizi-per-il-cittadino-straniero\/cittadinanza\/cittadinanza-italiana-per-discendenza\/\">Riconoscimento Cittadinanza per discendenza<\/a><\/li>\n<li><a href=\"https:\/\/constoronto.esteri.it\/it\/servizi-consolari-e-visti\/servizi-per-il-cittadino-straniero\/cittadinanza\/acquisto-della-cittadinanza-per-beneficio-di-legge-figli-minori-nati-allestero\/\">Acquisto della cittadinanza per &#8220;beneficio di legge&#8221; (figli minori)<\/a><\/li>\n<li><a href=\"https:\/\/constoronto.esteri.it\/it\/servizi-consolari-e-visti\/servizi-per-il-cittadino-straniero\/cittadinanza\/acquisto-cittadinanza-per-matrimonio\/\">Acquisto Cittadinanza per matrimonio<\/a><\/li>\n<li><a href=\"https:\/\/constoronto.esteri.it\/it\/servizi-consolari-e-visti\/servizi-per-il-cittadino-straniero\/cittadinanza\/riacquisto-della-cittadinanza-italiana\/\">Riacquisto della cittadinanza italiana<\/a><\/li>\n<\/ul>\n<p><strong><u>NOTE IMPORTANTI SULLA DOCUMENTAZIONE CANADESE (O STRANIERA)\u00a0 DA PRESENTARE<\/u><\/strong><\/p>\n<p style=\"text-align: justify;\"><span style=\"color: #ff0000;\"><strong>ERRORI E DISCREPANZE<\/strong>:<\/span> Tutti i documenti da presentare, devono essere <strong><u>controllati accuratamente<\/u><\/strong> per verificare che siano privi di errori e discrepanze per quanto riguarda\u00a0nomi, cognomi, date e luoghi di nascita.<br \/>\nI certificati\/documenti con errori \/discrepanze <strong><u>dovranno essere rettificati prima di\u00a0 richiedere l\u2019Apostille <\/u><\/strong>e tradotti. Vedere la <a href=\"https:\/\/constoronto.esteri.it\/it\/servizi-consolari-e-visti\/servizi-per-il-cittadino-italiano\/traduzione-e-legalizzazione-dei-documenti\/\">sezione dedicata<\/a> per pi\u00f9 informazioni.<\/p>\n<p style=\"text-align: justify;\"><span style=\"color: #ff0000;\"><strong>APOSTILLE E TRADUZIONE:<\/strong> <\/span>Tutti i certificati di stato civile (<strong>nascita, matrimonio e morte<\/strong>), come tutti gli altri atti in lingua straniera, come <strong>il certificato di naturalizzazione, le sentenze di divorzio e qualsiasi altro provvedimento straniero<\/strong>, devono essere prodotti a questo Ufficio muniti di <strong>apostille<\/strong> e <strong>traduzione integrale in lingua italiana<\/strong>. Vedere la <a href=\"https:\/\/constoronto.esteri.it\/it\/servizi-consolari-e-visti\/servizi-per-il-cittadino-italiano\/traduzione-e-legalizzazione-dei-documenti\/\">sezione dedicata<\/a> per pi\u00f9 informazioni.<\/p>\n<p style=\"text-align: justify;\">La traduzione, se eseguita da traduttore certificato senza la firma depositata presso questo Consolato, deve essere \u2013 secondo indicazioni delle Autorit\u00e0 canadesi \u2013 notarizzata e quindi apostillata.<\/p>\n<p style=\"text-align: justify;\">Traduzioni eseguite da traduttori certificati con la firma qui depositata possono invece essere legalizzate allo sportello consolare, pagando le <strong>percezioni consolari<\/strong> dovute per la legalizzazione della firma del traduttore (art. 69 della <a href=\"https:\/\/constoronto.esteri.it\/it\/servizi-consolari-e-visti\/servizi-per-il-cittadino-italiano\/informazioni-utili\/tariffe-consolari\/\">Tariffa consolare<\/a>).<\/p>\n<p><strong><u>Atti di stato civile rilasciati nella circoscrizione consolare<\/u><\/strong><\/p>\n<p style=\"text-align: justify;\">I documenti di stato civile \u00a0canadesi devono essere in formato \u201c<strong>Certified Copy of Registration<\/strong>\u201d. Si precisa che il formato \u201cwallet size\u201d dei certificati NON \u00e8 valido per la trascrizione e quindi non potr\u00e0 essere accettato. Si ribadisce che i certificati canadesi o stranieri devono essere apostillati e tradotti in italiano (<a href=\"https:\/\/constoronto.esteri.it\/it\/servizi-consolari-e-visti\/servizi-per-il-cittadino-italiano\/traduzione-e-legalizzazione-dei-documenti\/\">cliccare qui per pi\u00f9 informazioni<\/a>).<\/p>\n<p style=\"text-align: justify;\">Per sapere di pi\u00f9 sui certificati dell\u2019Ontario, del Manitoba o dei Territori del Nord Ovest, cliccare sui relativi link:\u00a0<a href=\"http:\/\/www.serviceontario.ca\/\">Ontario<\/a>,\u00a0<a href=\"http:\/\/vitalstats.gov.mb.ca\/certificate_apps.html\">Manitoba<\/a>,\u00a0<a href=\"http:\/\/www.hss.gov.nt.ca\/vital-statistics\">Territori del Nord Ovest<\/a>.<\/p>\n<p style=\"text-align: justify;\"><strong>Atti di stato civile rilasciati fuori questa circoscrizione o in altri Paesi.<\/strong><\/p>\n<p style=\"text-align: justify;\">I certificati di stato civile di altre Province o Territori canadesi devono essere preparati seguendo le indicazioni dell\u2019Ambasciata \/ Consolato competente per <a href=\"https:\/\/constoronto.esteri.it\/it\/chi-siamo\/la-rete-consolare\/\">giurisdizione<\/a>.<\/p>\n<p style=\"text-align: justify;\">Se gli atti sono stati formati <strong>fuori dal Canada<\/strong>,\u00a0devono essere apostillati o legalizzati e comunque tradotti in italiano seguendo le indicazioni riportate sul sito web dell\u2019Ambasciata o Ufficio consolare italiani competenti per territorio.<\/p>\n<p><strong>Naturalizzazioni straniere<\/strong><\/p>\n<p style=\"text-align: justify;\">Occorre\u00a0 una\u00a0 \u201cnotarized certified copy\u201d (<a href=\"https:\/\/constoronto.esteri.it\/it\/servizi-consolari-e-visti\/servizi-per-il-cittadino-italiano\/traduzione-e-legalizzazione-dei-documenti\/\">apostillata e tradotta<\/a>) del <strong>certificato di cittadinanza canadese integrale<\/strong> (<strong>long form<\/strong>) che deve riportare OBBLIGATORIAMENTE questi dati essenziali:<\/p>\n<p>A. Nome<br \/>\nB. Cognome*<br \/>\nC. data di nascita<br \/>\nD. data (giorno, mese e anno) della concessione della cittadinanza canadese.<\/p>\n<p style=\"text-align: justify;\">*<strong><em>ATTENZIONE<\/em><\/strong><em>!: per le <strong>SIGNORE<\/strong>, ove non appaia il cognome da nubile, ma quello da sposata, occorrer\u00e0 presentare per matrimoni in Canada (o in altri Paesi) ANCHE il <strong>certificato di matrimonio in formato \u201ccertified copy of registration\u201d (o analogo documento straniero),\u00a0 <\/strong>apostillato\u00a0 e tradotto (<\/em><a href=\"https:\/\/constoronto.esteri.it\/it\/servizi-consolari-e-visti\/servizi-per-il-cittadino-italiano\/traduzione-e-legalizzazione-dei-documenti\/\"><em>cliccare qui per pi\u00f9 informazioni<\/em><\/a><em>). NON sono utilizzabili certificati di matrimonio rilasciati da autorit\u00e0 religiose.<\/em><\/p>\n<p style=\"text-align: justify;\">Nel caso il certificato in proprio possesso NON mostrasse tutti i dati OBBLIGATORI da A a D:<\/p>\n<p style=\"text-align: justify;\">a) si pu\u00f2 AGGIUNGERE <strong>il certificato di cittadinanza \u201dwallet size\u201d<\/strong>, se integra\u00a0 i dati necessari mancanti,\u00a0 in forma di <strong>\u201cnotarized certified copy\u201d<\/strong>, apostillato e tradotto (<a href=\"https:\/\/constoronto.esteri.it\/it\/servizi-consolari-e-visti\/servizi-per-il-cittadino-italiano\/traduzione-e-legalizzazione-dei-documenti\/\">cliccare qui per pi\u00f9 informazioni<\/a>);<\/p>\n<p style=\"text-align: justify;\"><strong>OPPURE<\/strong><\/p>\n<p style=\"text-align: justify;\">b) in alternativa a entrambi i citati certificati, si pu\u00f2 presentare (cliccare per le relative informazioni) un \u201c<a href=\"https:\/\/www.canada.ca\/en\/immigration-refugees-citizenship\/services\/canadian-citizenship\/proof-citizenship\/search-records.html\">Search of Citizenship Records<\/a>\u201d oppure un \u201c<a href=\"https:\/\/www.canada.ca\/en\/treasury-board-secretariat\/services\/access-information-privacy.html\">Access to information<\/a>\u201d. Anche tali documenti devono essere apostillati e tradotti (<a href=\"https:\/\/constoronto.esteri.it\/it\/servizi-consolari-e-visti\/servizi-per-il-cittadino-italiano\/traduzione-e-legalizzazione-dei-documenti\/\">cliccare qui per pi\u00f9 informazioni<\/a>).<\/p>\n<p style=\"text-align: justify;\"><strong>ALTRE INFORMAZIONI<\/strong><\/p>\n<p style=\"text-align: justify;\"><strong>L\u2019ufficio non pu\u00f2 fornire consulenze prima della presentazione delle pratiche. Ai sensi della vigente normativa spetta all\u2019interessato verificare il possesso dei requisiti e presentare la corretta documentazione, come indicato in dettaglio nel sito web del Consolato<\/strong><\/p>\n<p style=\"text-align: justify;\"><a href=\"https:\/\/constoronto.esteri.it\/wp-content\/uploads\/2023\/04\/Informativa_TDP_per_cittadinanza__all.2__Rev._feb._2023.pdf\"><strong>Cliccare qui<\/strong>\u00a0<\/a>per\u00a0scaricare l&#8217;informativa sul trattamento dei dati personali ai fini delle domande di cittadinanza italiana (iure sanguinis, matrimonio, riacquisto, ecc.).<\/p>\n<p style=\"text-align: justify;\">Per approfondimenti sulla legislazione relativa alla cittadinanza italiana <a href=\"https:\/\/www.esteri.it\/it\/servizi-consolari-e-visti\/normativa_consolare\/serviziconsolari\/cittadinanza\/\">cliccare qui<\/a><\/p>\n","protected":false},"excerpt":{"rendered":"ATTENZIONE! Si prega di NON confondere la domanda di passaporto (che possono fare SOLO i cittadini italiani o gi\u00e0 riconosciuti italiani) con le domande di riconoscimento della cittadinanza (per discendenza, per matrimonio, per riacquisto, ecc.). Se non si \u00e8 o si \u00e8 stati riconosciuti cittadini italiani, NON si pu\u00f2 richiedere il passaporto italiano. Si raccomanda [&hellip;]","protected":false},"author":3,"featured_media":477,"parent":83,"menu_order":0,"comment_status":"closed","ping_status":"closed","template":"","meta":{"footnotes":""},"class_list":["post-205","page","type-page","status-publish","has-post-thumbnail","hentry"],"_links":{"self":[{"href":"https:\/\/constoronto.esteri.it\/it\/wp-json\/wp\/v2\/pages\/205","targetHints":{"allow":["GET"]}}],"collection":[{"href":"https:\/\/constoronto.esteri.it\/it\/wp-json\/wp\/v2\/pages"}],"about":[{"href":"https:\/\/constoronto.esteri.it\/it\/wp-json\/wp\/v2\/types\/page"}],"author":[{"embeddable":true,"href":"https:\/\/constoronto.esteri.it\/it\/wp-json\/wp\/v2\/users\/3"}],"replies":[{"embeddable":true,"href":"https:\/\/constoronto.esteri.it\/it\/wp-json\/wp\/v2\/comments?post=205"}],"version-history":[{"count":7,"href":"https:\/\/constoronto.esteri.it\/it\/wp-json\/wp\/v2\/pages\/205\/revisions"}],"predecessor-version":[{"id":7772,"href":"https:\/\/constoronto.esteri.it\/it\/wp-json\/wp\/v2\/pages\/205\/revisions\/7772"}],"up":[{"embeddable":true,"href":"https:\/\/constoronto.esteri.it\/it\/wp-json\/wp\/v2\/pages\/83"}],"wp:featuredmedia":[{"embeddable":true,"href":"https:\/\/constoronto.esteri.it\/it\/wp-json\/wp\/v2\/media\/477"}],"wp:attachment":[{"href":"https:\/\/constoronto.esteri.it\/it\/wp-json\/wp\/v2\/media?parent=205"}],"curies":[{"name":"wp","href":"https:\/\/api.w.org\/{rel}","templated":true}]}}