{"id":199,"date":"2023-01-10T21:38:25","date_gmt":"2023-01-10T20:38:25","guid":{"rendered":"https:\/\/constoronto.esteri.it\/?page_id=199"},"modified":"2023-04-13T21:55:18","modified_gmt":"2023-04-13T19:55:18","slug":"pensioni-e-sicurezza-sociale","status":"publish","type":"page","link":"https:\/\/constoronto.esteri.it\/it\/servizi-consolari-e-visti\/servizi-per-il-cittadino-italiano\/pensioni-e-sicurezza-sociale\/","title":{"rendered":"Pensioni e sicurezza sociale"},"content":{"rendered":"<p>Tra Italia e Canada\u00a0\u00e8 in vigore un Accordo di sicurezza sociale firmato nel 1977.<\/p>\n<p>Si riassumono di seguito le principali norme in materia pensionistica.<\/p>\n<p>1.\u00a0<strong>PENSIONE DI VECCHIAIA<\/strong>: in virt\u00f9 della legge 335\/95, il diritto a richiedere la pensione di vecchiaia \u00e8 condizionato al possesso da parte del lavoratore di almeno 20 anni di contributi, di 65 anni di et\u00e0 per gli uomini e di 60 anni di et\u00e0 per le donne.<\/p>\n<p>2.\u00a0<strong>PENSIONE DI ANZIANIT\u00c0<\/strong>: in virt\u00f9\u00a0dalla legge 335\/95, il diritto alla pensione di anzianit\u00e0 del lavoratore dipendente si consegue al raggiungimento di un&#8217;anzianit\u00e0 pari o superiore a 35 anni, in concorrenza con almeno 57 anni di et\u00e0 anagrafica o con il raggiungimento di un&#8217;anzianit\u00e0 contributiva non inferiore a 40 anni.<\/p>\n<p>3.\u00a0<strong>ASSEGNO ORDINARIO DI INVALIDIT\u00c0<\/strong>: l&#8217;assegno ordinario di invalidit\u00e0 spetta al lavoratore la cui capacit\u00e0 di lavoro, in occupazioni confacenti alle sue qualifiche professionali, sia ridotta in modo permanente a causa di infermit\u00e0 o di difetto fisico o mentale a meno di un terzo. Per avere diritto all\u2019assegno, il lavoratore deve avere 5 anni di assicurazione e di contribuzione: di questi ultimi almeno 3 anni devono essere stati versati nei 5 anni antecedenti alla domanda di assicurazione.<br \/>\nL&#8217;assegno \u00e8 riconosciuto per la durata di 3 anni e pu\u00f2 essere confermato previa revisione da parte dell\u2019INPS su domanda dell\u2019interessato per periodi della stessa durata. Dopo 3 riconoscimenti successivi, l&#8217;assegno viene confermato in via definitiva. L&#8217;assegno ordinario di invalidit\u00e0 non \u00e8 reversibile ai superstiti.<\/p>\n<p>4.\u00a0<strong>PENSIONE ORDINARIA DI INVALIDIT\u00c0<\/strong>: la pensione ordinaria di invalidit\u00e0 spetta all&#8217;assicurato che a causa di infermit\u00e0 o di difetto fisico o mentale si trovi nell&#8217;impossibilit\u00e0 di svolgere qualsiasi attivit\u00e0 lavorativa. Per avere diritto alla pensione, l&#8217;assicurato deve poter far valere 5 anni di assicurazione e 5 anni di contribuzione; di questi ultimi almeno 3 anni devono essere stati versati nei 5 anni antecedenti la domanda di assicurazione. La pensione \u00e8 costituita dall&#8217;importo dell&#8217;assegno di invalidit\u00e0 e da una maggiorazione calcolata in base ai contributi che il lavoratore avrebbe maturato se avesse potuto continuare a lavorare fino al compimento dell&#8217;et\u00e0 pensionabile.<\/p>\n<p>5.\u00a0<strong>PENSIONE AI SUPERSTITI<\/strong>: la pensione ai superstiti spetta ai familiari del lavoratore deceduto ed assume la denominazione di &#8220;pensione di reversibilit\u00e0&#8221;, se il lavoratore defunto era titolare di pensione diretta e di &#8220;pensione indiretta&#8221; se il lavoratore defunto non era titolare di pensione diretta, ma al momento della morte, possedeva i requisiti assicurativi e contributivi previsti per ottenere l\u2019assegno ordinario di invalidit\u00e0 o la pensione di invalidit\u00e0.<br \/>\nI familiari che hanno diritto alla pensione sono:<br \/>\n&#8211; il coniuge e i figli che alla data della morte del lavoratore siano minori, studenti o inabili;<br \/>\n&#8211; i genitori che alla data della morte del lavoratore abbiano compiuto 65 anni, non siano titolari di pensione e siano a carico del deceduto;<br \/>\n&#8211; (in assenza di tali beneficiari) fratelli celibi e sorelle nubili che alla data della morte del lavoratore siano inabili, non siano titolari di pensione diretta o indiretta e siano a carico del deceduto.<\/p>\n<p>6.\u00a0<strong>PENSIONE SOCIALE<\/strong>: la pensione sociale viene concessa ai cittadini ultrasessantacinquenni residenti abitualmente nel territorio nazionale privi di qualsiasi forma di tutela assicurativa e i cui redditi, compresi quelli del coniuge, siano inferiori a quelli stabiliti dalla legge.<\/p>\n<p>Per maggiori informazioni, consultare la <a href=\"https:\/\/constoronto.esteri.it\/it\/servizi-consolari-e-visti\/servizi-per-il-cittadino-italiano\/informazioni-utili\/elenco-patronati\/\" target=\"_blank\" rel=\"noopener\"><strong>lista dei Patronati<\/strong><\/a> (il link si apre in una nuova scheda) operanti in questa circoscrizione consolare.<\/p>\n","protected":false},"excerpt":{"rendered":"Tra Italia e Canada\u00a0\u00e8 in vigore un Accordo di sicurezza sociale firmato nel 1977. Si riassumono di seguito le principali norme in materia pensionistica. 1.\u00a0PENSIONE DI VECCHIAIA: in virt\u00f9 della legge 335\/95, il diritto a richiedere la pensione di vecchiaia \u00e8 condizionato al possesso da parte del lavoratore di almeno 20 anni di contributi, di [&hellip;]","protected":false},"author":3,"featured_media":0,"parent":86,"menu_order":16,"comment_status":"closed","ping_status":"closed","template":"","meta":{"footnotes":""},"class_list":["post-199","page","type-page","status-publish","hentry"],"_links":{"self":[{"href":"https:\/\/constoronto.esteri.it\/it\/wp-json\/wp\/v2\/pages\/199","targetHints":{"allow":["GET"]}}],"collection":[{"href":"https:\/\/constoronto.esteri.it\/it\/wp-json\/wp\/v2\/pages"}],"about":[{"href":"https:\/\/constoronto.esteri.it\/it\/wp-json\/wp\/v2\/types\/page"}],"author":[{"embeddable":true,"href":"https:\/\/constoronto.esteri.it\/it\/wp-json\/wp\/v2\/users\/3"}],"replies":[{"embeddable":true,"href":"https:\/\/constoronto.esteri.it\/it\/wp-json\/wp\/v2\/comments?post=199"}],"version-history":[{"count":0,"href":"https:\/\/constoronto.esteri.it\/it\/wp-json\/wp\/v2\/pages\/199\/revisions"}],"up":[{"embeddable":true,"href":"https:\/\/constoronto.esteri.it\/it\/wp-json\/wp\/v2\/pages\/86"}],"wp:attachment":[{"href":"https:\/\/constoronto.esteri.it\/it\/wp-json\/wp\/v2\/media?parent=199"}],"curies":[{"name":"wp","href":"https:\/\/api.w.org\/{rel}","templated":true}]}}