{"id":198,"date":"2023-01-10T21:37:22","date_gmt":"2023-01-10T20:37:22","guid":{"rendered":"https:\/\/constoronto.esteri.it\/?page_id=198"},"modified":"2025-01-15T22:53:35","modified_gmt":"2025-01-15T21:53:35","slug":"servizi-notarili","status":"publish","type":"page","link":"https:\/\/constoronto.esteri.it\/it\/servizi-consolari-e-visti\/servizi-per-il-cittadino-italiano\/servizi-notarili\/","title":{"rendered":"Servizi notarili"},"content":{"rendered":"<p>In base alla normativa vigente (D. Lgs. 71\/2011)\u00a0<strong>il servizio notarile \u00e8 dovuto unicamente ai cittadini italiani che si trovino all\u2019estero in via permanente o temporanea<\/strong>.<\/p>\n<p>I doppi cittadini dovranno esibire documento di identit\u00e0 italiano valido.<\/p>\n<p>Per la sottoscrizione di atti notarili ed altri servizi da far valere dinanzi alle Autorit\u00e0 italiane,\u00a0<strong>i cittadini stranieri dovranno rivolgersi ad un notaio pubblico operante in Canada <\/strong>e dovranno successivamente <strong>rivolgersi a Global Affairs Canada o al Ministry of Public and Business Service Delivery dell&#8217;Ontario per ottenere l&#8217;Apostille<\/strong>. Consultare attentamente la sezione dedicata all&#8217; <strong><a href=\"https:\/\/constoronto.esteri.it\/it\/servizi-consolari-e-visti\/servizi-per-il-cittadino-italiano\/traduzione-e-legalizzazione-dei-documenti\/legalizzazione-di-firma-su-atti-notarili\/\" target=\"_blank\" rel=\"noopener\">Apostille o legalizzazione<\/a><\/strong> di atti notarili<strong>.<\/strong><\/p>\n<p>Gli atti notarili effettuati presso questo Consolato Generale sono <strong>validi nel solo territorio della Repubblica Italiana e presso le Rappresentanze diplomatico-consolari Italiane<\/strong>.<\/p>\n<p><strong>Il cittadino italiano che si trovi in territorio canadese e necessiti di sottoscrivere un atto notarile da far valere in Canada o in Paesi terzi dovr\u00e0 rivolgersi ad un avvocato\/notaio pubblico in Canada<\/strong>.<\/p>\n<p><strong>Nel caso in cui non siano disponibili appuntamenti in Consolato<\/strong> e l&#8217;utente abbia urgenza di ottenere l&#8217;atto notarile, potr\u00e0 <strong>rivolgersi a un professionista (avvocato\/notaio) operante in questa circoscrizione<\/strong> e, successivamente, <strong>rivolgersi a Global Affairs Canada o al Ministry for Public and Business Service Delivery dell&#8217;Ontario per ottenere l&#8217;Apostille<\/strong>. Consultare attentamente la sezione dedicata all&#8217; <strong><a href=\"https:\/\/constoronto.esteri.it\/it\/servizi-consolari-e-visti\/servizi-per-il-cittadino-italiano\/traduzione-e-legalizzazione-dei-documenti\/legalizzazione-di-firma-su-atti-notarili\/\" target=\"_blank\" rel=\"noopener\">Apostille o legalizzazione<\/a><\/strong> di atti notarili)<strong>.<\/strong><\/p>\n<p>Cliccare sulle voci di seguito per maggiori informazioni e leggere attentamente le indicazioni fornite.<\/p>\n<hr \/>\n<details>\n<summary><span style=\"color: #0000ff;\"><b>RILASCIO DI PROCURE GENERALI E\u00a0 SPECIALI, RINUNCIA ALL&#8217;EREDITA&#8217;<\/b><\/span><\/summary>\n<p><strong>Se si \u00e8 cittadini italiani e si risiede o ci si trova temporaneamente nella <a href=\"https:\/\/constoronto.esteri.it\/it\/chi-siamo\/\">circoscrizione del Consolato di Toronto<\/a><\/strong>, \u00e8 possibile rivolgersi a quest&#8217;ultimo per i seguenti servizi. Il servizio \u00e8 disponibile solo su appuntamento, previa verifica della documentazione.<\/p>\n<p><strong>Procure Generali e Speciali\u00a0<\/strong><\/p>\n<p>L\u2019Ufficio Consolare provvede al rilascio di Procure Speciali e Procure Generali.\u00a0<strong>Il servizio \u00e8 fornito esclusivamente su appuntamento.\u00a0<\/strong><\/p>\n<p><strong>Per prenotare un appuntamento<\/strong>:<\/p>\n<ol>\n<li style=\"text-align: justify;\">E&#8217; necessario richiedere a un notaio italiano una <strong>bozza dell&#8217;atto da sottoscrivere<\/strong> in Consolato (procura generale o speciale);<\/li>\n<li>Una volta ottenuta la bozza, che deve essere in formato modificabile (MS Word, RTF), \u00e8 necessario <strong>inviare un&#8217;email all&#8217;indirizzo<\/strong>\u00a0<a href=\"mailto:toronto.info@esteri.it\">toronto.info@esteri.it<\/a>:\n<ul>\n<li><strong>indicare nell&#8217;email nome e cognome della persona che richiede l&#8217;appuntamento<\/strong> per la procura (<strong>per le donne, indicare sempre il cognome da nubile<\/strong>).<\/li>\n<li><strong>Allegare la bozza di procura di cui al punto 1<\/strong> e una <strong>copia di documento d&#8217;identit\u00e0 italiano in corso di validit\u00e0<\/strong> del richiedente la procura.<\/li>\n<\/ul>\n<\/li>\n<\/ol>\n<p>Una volta ricevuta l&#8217;email, <strong>il Consolato verificher\u00e0 la documentazione e fornir\u00e0 un riscontro<\/strong>. Se sar\u00e0 possibile procedere, al richiedente verranno comunicate via email data e ora dell&#8217;appuntamento.<\/p>\n<p><strong>In caso di urgenza<\/strong>,\u00a0<strong>alla luce dell\u2019impossibilit\u00e0 di garantire che venga assegnato un appuntamento in tempi rapidi<\/strong>, \u00e8 possibile\u00a0<strong>rivolgersi a\u00a0un avvocato\/notaio pubblico operante in questa circoscrizione consolare<\/strong>\u00a0(<a href=\"https:\/\/constoronto.esteri.it\/it\/servizi-consolari-e-visti\/servizi-per-il-cittadino-italiano\/informazioni-utili\/lista-avvocati-notary-public-con-firma-depositata\/\" target=\"_blank\" rel=\"noopener\">lista di avvocati\/notai con firma depositata presso il Consolato<\/a>) e seguire le procedure indicate per la richiesta di\u00a0 <a href=\"https:\/\/constoronto.esteri.it\/it\/servizi-consolari-e-visti\/servizi-per-il-cittadino-italiano\/traduzione-e-legalizzazione-dei-documenti\/legalizzazione-di-firma-su-atti-notarili\/\" target=\"_blank\" rel=\"noopener\">Apostille\u00a0<\/a>(l&#8217;Apostille \u00e8 rilasciata dalle Autorit\u00e0 canadesi, non dal Consolato).<\/p>\n<p>I cittadini italiani che desiderano formalizzare una procura presso questo Consolato Generale, dovranno\u00a0<strong>presentarsi personalmente<\/strong>\u00a0in Consolato,\u00a0<strong>previo appuntamento<\/strong>\u00a0(da richiedere a\u00a0<a href=\"mailto:toronto.info@esteri.it\">toronto.info@esteri.it<\/a>, come indicato sopra), muniti di:<\/p>\n<p>&#8211;\u00a0<strong>documento di identit\u00e0 italiano<\/strong>\u00a0(passaporto o carta di identit\u00e0) in corso di validit\u00e0;<\/p>\n<p>&#8211;\u00a0<strong>codice fiscale<\/strong>\u00a0(se non si possiede il codice fiscale,\u00a0<a href=\"https:\/\/constoronto.esteri.it\/it\/servizi-consolari-e-visti\/servizi-per-il-cittadino-italiano\/codice-fiscale\/\" target=\"_blank\" rel=\"noopener\">cliccare qui<\/a>).<\/p>\n<p>I richiedenti dovranno inoltre fornire i dati relativi alla propria<strong>\u00a0residenza anagrafica<\/strong>\u00a0e allo<strong>\u00a0stato civile<\/strong>.<\/p>\n<p>Sar\u00e0 altres\u00ec necessario esibire una\u00a0<strong>copia del documento d\u2019identit\u00e0 e del codice fiscale del procuratore<\/strong>.<\/p>\n<p>Per informazioni in merito alla procedura di <strong>rinuncia all&#8217;eredit\u00e0<\/strong>, cos\u00ec come per altri tipi di procure non in elenco o, ancora, nel caso in cui l&#8217;atto notarile sia nell&#8217;interesse di <strong>minori<\/strong> e sia quindi necessario fare previo ricorso al Giudice tutelare, contattare<a href=\"mailto:toronto.info@esteri.it\"> toronto.info@esteri.it<\/a>.<\/p>\n<\/details>\n<hr \/>\n<details>\n<summary><span style=\"color: #0000ff;\"><strong>TIPI DI PROCURA <\/strong>(elenco a soli fini esemplificativi)<\/span><\/summary>\n<p><strong>Procura Generale<\/strong><\/p>\n<p>Con questo atto l\u2019interessato affida al rappresentante (procuratore) la gestione di tutti i suoi affari, sia presenti sia futuri. La procura generale \u00e8 rilasciata a tempo indeterminato ed \u00e8 efficace fino a revoca.<\/p>\n<p>Nota bene: Se il richiedente \u00e8 coniugato in regime di comunione dei beni, la procura deve essere sottoscritta da entrambi i coniugi.<\/p>\n<p><strong>Dati richiesti:<\/strong><\/p>\n<ul>\n<li>Cognome<\/li>\n<li>Nome<\/li>\n<li>Data di nascita<\/li>\n<li>Luogo di nascita<\/li>\n<li>Residenza (citt\u00e0 ed indirizzo)<\/li>\n<li>Cittadinanza<\/li>\n<li>Codice fiscale<\/li>\n<li>Stato civile: Coniugato\/Libero\/Vedovo<\/li>\n<\/ul>\n<p><strong>sia della persona che conferisce la procura sia della persona a cui si intende conferire la procura generale.<\/strong><\/p>\n<p>L\u2019originale della procura generale resta agli atti del Consolato Generale.<br \/>\nAgli interessati vengono rilasciate copie autentiche.<\/p>\n<p>Costo del servizio: Art. 17 A + Art.25 per ogni copia richiesta (vedi\u00a0<a href=\"https:\/\/constoronto.esteri.it\/it\/servizi-consolari-e-visti\/servizi-per-il-cittadino-italiano\/informazioni-utili\/tariffe-consolari\/\" target=\"_blank\" rel=\"noopener\">Tariffa consolare<\/a>), da pagare il giorno dell&#8217;appuntamento, in contanti o money order intestato al Consolato Generale d&#8217;Italia Toronto.<\/p>\n<p><strong>Procure speciali<\/strong><\/p>\n<p>Procura speciale per la vendita\/acquisto di un immobile<\/p>\n<p>L\u2019interessato dovr\u00e0 esibire i seguenti documenti:<\/p>\n<p>\u2013 il proprio documento di identit\u00e0 italiano (passaporto o carta di identit\u00e0) in corso di validit\u00e0<br \/>\n\u2013 il proprio codice fiscale<br \/>\n\u2013 copia del documento d\u2019identit\u00e0 del procuratore<br \/>\n\u2013 copia del codice fiscale del procuratore<\/p>\n<p>Sar\u00e0 altres\u00ec necessario fornire i dati relativi alla residenza anagrafica dell\u2019interessato e del procuratore.<\/p>\n<p>Il costo del servizio \u00e8 quello indicato all\u2019art. 18 A della\u00a0<a href=\"https:\/\/constoronto.esteri.it\/it\/servizi-consolari-e-visti\/servizi-per-il-cittadino-italiano\/informazioni-utili\/tariffe-consolari\/\" target=\"_blank\" rel=\"noopener\">Tariffa consolare<\/a>, da pagare il giorno dell&#8217;appuntamento, in contanti o money order intestato al Consolato generale d&#8217;Italia a Toronto.<\/p>\n<p><strong>Procura speciale alle liti<\/strong><\/p>\n<p>La procura speciale alle liti \u00e8 quell\u2019atto mediante il quale viene conferita al proprio difensore di fiducia la rappresentanza per una o pi\u00f9 fasi di un determinato processo giudiziale nel quale il soggetto conferente potr\u00e0 trovarsi coinvolto come parte.<\/p>\n<p>L\u2019interessato dovr\u00e0 esibire i seguenti documenti:<\/p>\n<ul>\n<li>il proprio documento di identit\u00e0 italiano (passaporto o carta di identit\u00e0) in corso di validit\u00e0;<\/li>\n<li>il proprio codice fiscale;<\/li>\n<li>copia del documento d\u2019identit\u00e0 del difensore;<\/li>\n<li>copia del codice fiscale del difensore.<\/li>\n<\/ul>\n<p>Sar\u00e0 altres\u00ec necessario fornire i dati relativi alla residenza anagrafica dell\u2019interessato e l\u2019indirizzo dello studio legale, ove il nominato avvocato esercita la professione.<\/p>\n<p>Il costo del servizio \u00e8 quello indicato all\u2019art. 18 A della\u00a0<a href=\"https:\/\/constoronto.esteri.it\/it\/servizi-consolari-e-visti\/servizi-per-il-cittadino-italiano\/informazioni-utili\/tariffe-consolari\/\" target=\"_blank\" rel=\"noopener\">Tariffa consolare<\/a>, da pagare il giorno dell&#8217;appuntamento, in contanti o money order intestato al Consolato generale d&#8217;Italia a Toronto.<\/p>\n<p><strong>Procura speciale per riscuotere buoni postali<\/strong><\/p>\n<p>L\u2019interessato dovr\u00e0 esibire i seguenti documenti:<\/p>\n<ul>\n<li>il proprio documento di identit\u00e0 italiano (passaporto o carta di identit\u00e0) in corso di validit\u00e0;<\/li>\n<li>il proprio codice fiscale;<\/li>\n<li>copia del documento d\u2019identit\u00e0 del procuratore;<\/li>\n<li>copia del codice fiscale del procuratore;<\/li>\n<li>copia o elenco, riportante il numero e la data di emissione, dei buoni postali da riscuotere con l\u2019indirizzo completo dell\u2019Ufficio Postale che ha emesso i buoni postali.<\/li>\n<\/ul>\n<p>Sar\u00e0 altres\u00ec necessario fornire i dati relativi alla residenza anagrafica dell\u2019interessato e del procuratore.<\/p>\n<p>Il costo del servizio \u00e8 quello indicato all\u2019art. 18 A della\u00a0<a href=\"https:\/\/constoronto.esteri.it\/it\/servizi-consolari-e-visti\/servizi-per-il-cittadino-italiano\/informazioni-utili\/tariffe-consolari\/\" target=\"_blank\" rel=\"noopener\">Tariffa consolar<\/a>e, da pagare il giorno dell&#8217;appuntamento, in contanti o money order intestato al Consolato generale d&#8217;Italia a Toronto.<\/p>\n<p><strong>Procura speciale per riscuotere somma di denaro presso istituto bancario o ufficio postale<\/strong><\/p>\n<p>L\u2019interessato dovr\u00e0 esibire i seguenti documenti:<\/p>\n<ul>\n<li>il proprio documento di identit\u00e0 italiano (passaporto o carta di identit\u00e0) in corso di validit\u00e0;<\/li>\n<li>il proprio codice fiscale;<\/li>\n<li>copia del documento d\u2019identit\u00e0 del procuratore;<\/li>\n<li>copia del codice fiscale del procuratore;documento bancario o dell\u2019ufficio postale (ad esempio lista movimenti) recante gli estremi del conto.<\/li>\n<\/ul>\n<p>Sar\u00e0 altres\u00ec necessario fornire i dati relativi alla residenza anagrafica dell\u2019interessato e del procuratore, ed i dati relativi all\u2019indirizzo dell\u2019Agenzia bancaria o ufficio postale.<\/p>\n<p>Il costo del servizio \u00e8 quello indicato all\u2019art. 18 A della\u00a0<a href=\"https:\/\/constoronto.esteri.it\/it\/servizi-consolari-e-visti\/servizi-per-il-cittadino-italiano\/informazioni-utili\/tariffe-consolari\/\" target=\"_blank\" rel=\"noopener\">Tariffa consolare<\/a>,\u00a0da pagare il giorno dell&#8217;appuntamento, in contanti o money order intestato al Consolato generale d&#8217;Italia a Toronto.<\/p>\n<p><strong>Procura speciale per amministrazione di immobili<\/strong><\/p>\n<p>L\u2019interessato dovr\u00e0 esibire i seguenti documenti:<\/p>\n<ul>\n<li>il proprio documento di identit\u00e0 italiano (passaporto o carta di identit\u00e0) in corso di validit\u00e0;<\/li>\n<li>il proprio codice fiscale;<\/li>\n<li>copia del documento d\u2019identit\u00e0 del procuratore;<\/li>\n<li>copia del codice fiscale del procuratore.<\/li>\n<\/ul>\n<p>Sar\u00e0 altres\u00ec necessario fornire i dati relativi alla residenza anagrafica dell\u2019interessato e del procuratore.<\/p>\n<p>Il costo del servizio \u00e8 quello indicato all\u2019art. 18 A della\u00a0<a href=\"https:\/\/constoronto.esteri.it\/it\/servizi-consolari-e-visti\/servizi-per-il-cittadino-italiano\/informazioni-utili\/tariffe-consolari\/\" target=\"_blank\" rel=\"noopener\">Tariffa consolare<\/a>, da pagare in contanti o money order intestato al Consolato generale d&#8217;Italia in Toronto, il giorno dell&#8217;appuntamento.<\/p>\n<p><strong>Procura speciale a donare o per accettazione di donazione<\/strong><\/p>\n<p>La bozza della procura speciale dovr\u00e0 riportare una descrizione dettagliata del bene oggetto della donazione ed in caso di un immobile anche i relativi dati catastali.<\/p>\n<p>Il giorno dell\u2019appuntamento l\u2019interessato dovr\u00e0 esibire i seguenti documenti:<\/p>\n<ul>\n<li>documento di identit\u00e0 italiano (passaporto o carta di identit\u00e0) in corso di validit\u00e0;<\/li>\n<li>codice fiscale;<\/li>\n<li>copia del documento d\u2019identit\u00e0 del procuratore;<\/li>\n<li>copia del codice fiscale del procuratore.<\/li>\n<\/ul>\n<p>Sar\u00e0 altres\u00ec necessario fornire i dati relativi alla residenza anagrafica dell\u2019interessato e del procuratore.<\/p>\n<p>Il costo del servizio \u00e8 quello indicato all\u2019art. 18 A della\u00a0<a href=\"https:\/\/constoronto.esteri.it\/it\/servizi-consolari-e-visti\/servizi-per-il-cittadino-italiano\/informazioni-utili\/tariffe-consolari\/\" target=\"_blank\" rel=\"noopener\">Tariffa consolare<\/a>, da pagare in contanti o money order intestato al Consolato generale d&#8217;Italia in Toronto, il giorno dell&#8217;appuntamento.<\/p>\n<p><strong>Procura speciale per pratiche successorie<\/strong><\/p>\n<p>Per successione ereditaria si intende la devoluzione dei rapporti giuridici dal defunto agli eredi.<\/p>\n<p>La Successione ereditaria non comporta il solo trasferimento dei beni immobili, mobili ed altri diritti reali ma anche il trasferimento di obblighi che il defunto ha assunto in vita quali debiti, imposte arretrate ai quali devono far fronte tutti gli eredi in proporzione ai loro diritti.<\/p>\n<p>La procura per pratiche successorie si conferisce quando si vuole che una persona, nominata procuratore speciale, possa seguire tutte le pratiche relative alla successione di una persona deceduta, quali:\u00a0denuncia di successione;\u00a0vendita immobili ereditati;\u00a0riscossione di buoni postali;\u00a0riscossione somme depositate su libretto postale;\u00a0conti correnti postali e bancari\u00a0intestati alla persona deceduta.<\/p>\n<p>Per il rilascio di una procura speciale per pratiche successorie, sono necessari i seguenti dati:<\/p>\n<p>Cognome e Nome, Luogo e data di nascita,\u00a0Cittadinanza,\u00a0Residenza,\u00a0Codice fiscale,\u00a0Stato Civile<\/p>\n<p>della persona che conferisce la procura e del procuratore e:<\/p>\n<p>Cognome e Nome, Luogo e data di nascita, Cittadinanza, Luogo e data di morte, Residenza in vita, Codice fiscale\u00a0della persona deceduta.<\/p>\n<p>Il costo del servizio \u00e8 quello indicato all\u2019art. 18 A della\u00a0<a href=\"https:\/\/constoronto.esteri.it\/it\/servizi-consolari-e-visti\/servizi-per-il-cittadino-italiano\/informazioni-utili\/tariffe-consolari\/\" target=\"_blank\" rel=\"noopener\">Tariffa consolare<\/a>, da pagare in contanti o money order intestato al Consolato generale d&#8217;Italia in Toronto, il giorno dell&#8217;appuntamento.<\/p>\n<p><strong>Revoca procure<\/strong><\/p>\n<p>In linea generale, la procura si estingue con il compimento, da parte del rappresentante, degli atti per cui era stata conferita la procura; con la morte del rappresentante o del rappresentato; con la revoca da parte del rappresentato; con la rinuncia da parte del rappresentante o con il fallimento del rappresentato.<\/p>\n<p>Per la Revoca di una procura \u00e8 necessario conoscere i dati relativi alla procura da revocare.<\/p>\n<p>Se la procura \u00e8 stata rilasciata da questo Consolato Generale, occorre indicare: data, numero di repertorio della procura, generalit\u00e0 e indirizzo del procuratore.<\/p>\n<p>Se la procura \u00e8 stata effettuata presso un Notaio in Italia o presso altra Rappresentanza diplomatico consolare Italiana, \u00e8 necessaria una copia della stessa.<\/p>\n<p>Il giorno dell\u2019appuntamento l\u2019interessato dovr\u00e0 presentarsi munito di:<\/p>\n<p>1. documento di identit\u00e0 italiano (passaporto o carta di identit\u00e0) in corso di validit\u00e0;<br \/>\n2. codice fiscale.<\/p>\n<p>Si dovr\u00e0 inoltre fornire i dati relativi alla propria residenza anagrafica ed allo stato civile.<\/p>\n<p><strong>Nota bene:\u00a0L\u2019interessato dovr\u00e0 provvedere alla trasmissione della revoca al procuratore revocato e, qualora la procura non sia stata formalizzata presso questo Consolato Generale, al notaio italiano o alla Rappresentanza diplomatico consolare italiana, ove \u00e8 depositato l\u2019atto<\/strong>.<\/p>\n<p>Il costo del servizio \u00e8 quello indicato agli artt. 17A e 18A della<a href=\"https:\/\/constoronto.esteri.it\/it\/servizi-consolari-e-visti\/servizi-per-il-cittadino-italiano\/informazioni-utili\/tariffe-consolari\/\" target=\"_blank\" rel=\"noopener\">\u00a0Tariffa consolare<\/a>,\u00a0da pagare in contanti o money order intestato al Consolato generale d&#8217;Italia in Toronto, il giorno dell&#8217;appuntamento.<\/p>\n<\/details>\n<p>&nbsp;<\/p>\n","protected":false},"excerpt":{"rendered":"In base alla normativa vigente (D. Lgs. 71\/2011)\u00a0il servizio notarile \u00e8 dovuto unicamente ai cittadini italiani che si trovino all\u2019estero in via permanente o temporanea. I doppi cittadini dovranno esibire documento di identit\u00e0 italiano valido. Per la sottoscrizione di atti notarili ed altri servizi da far valere dinanzi alle Autorit\u00e0 italiane,\u00a0i cittadini stranieri dovranno rivolgersi [&hellip;]","protected":false},"author":3,"featured_media":0,"parent":86,"menu_order":6,"comment_status":"closed","ping_status":"closed","template":"","meta":{"footnotes":""},"class_list":["post-198","page","type-page","status-publish","hentry"],"_links":{"self":[{"href":"https:\/\/constoronto.esteri.it\/it\/wp-json\/wp\/v2\/pages\/198","targetHints":{"allow":["GET"]}}],"collection":[{"href":"https:\/\/constoronto.esteri.it\/it\/wp-json\/wp\/v2\/pages"}],"about":[{"href":"https:\/\/constoronto.esteri.it\/it\/wp-json\/wp\/v2\/types\/page"}],"author":[{"embeddable":true,"href":"https:\/\/constoronto.esteri.it\/it\/wp-json\/wp\/v2\/users\/3"}],"replies":[{"embeddable":true,"href":"https:\/\/constoronto.esteri.it\/it\/wp-json\/wp\/v2\/comments?post=198"}],"version-history":[{"count":6,"href":"https:\/\/constoronto.esteri.it\/it\/wp-json\/wp\/v2\/pages\/198\/revisions"}],"predecessor-version":[{"id":6305,"href":"https:\/\/constoronto.esteri.it\/it\/wp-json\/wp\/v2\/pages\/198\/revisions\/6305"}],"up":[{"embeddable":true,"href":"https:\/\/constoronto.esteri.it\/it\/wp-json\/wp\/v2\/pages\/86"}],"wp:attachment":[{"href":"https:\/\/constoronto.esteri.it\/it\/wp-json\/wp\/v2\/media?parent=198"}],"curies":[{"name":"wp","href":"https:\/\/api.w.org\/{rel}","templated":true}]}}