{"id":195,"date":"2023-01-10T21:36:34","date_gmt":"2023-01-10T20:36:34","guid":{"rendered":"https:\/\/constoronto.esteri.it\/?page_id=195"},"modified":"2025-08-11T20:07:58","modified_gmt":"2025-08-11T18:07:58","slug":"stato-civile","status":"publish","type":"page","link":"https:\/\/constoronto.esteri.it\/it\/servizi-consolari-e-visti\/servizi-per-il-cittadino-italiano\/stato-civile\/","title":{"rendered":"Stato Civile"},"content":{"rendered":"<p>E&#8217; disponibile all&#8217;interno del sito una sezione dedicata alle <a href=\"https:\/\/constoronto.esteri.it\/it\/servizi-consolari-e-visti\/servizi-per-il-cittadino-italiano\/stato-civile\/faq-stato-civile-e-certificati\/\">Domande Frequenti (FAQ)<\/a>, relative allo Stato Civile e alle richieste di Certificati (certificato di stato civile, di stato di famiglia, di cittadinanza, contestuale, di concordanza anagrafica, di iscrizione nello schedario consolare).<\/p>\n<p>AVVISO<\/p>\n<p>A partire dal 1 gennaio 2018, tutti i certificati di stato civile (nascita, matrimonio e morte), come tutti gli altri atti in lingua straniera, dovranno essere prodotti a questo Ufficio muniti di <strong>traduzione integrale in lingua italiana<\/strong>. Per maggiori informazioni in merito alle traduzioni effettuate da traduttori certificati ATIO, <a href=\"https:\/\/constoronto.esteri.it\/it\/servizi-consolari-e-visti\/servizi-per-il-cittadino-italiano\/traduzione-e-legalizzazione-dei-documenti\/\">cliccare qui<\/a> .<\/p>\n<p><strong>ATTENZIONE: I\u00a0documenti originali non vengono restituiti.<\/strong><\/p>\n<p><strong>IL CONSOLATO NON EFFETTUA TRADUZIONI. <\/strong>Per informazioni su come ottenere una traduzione dall&#8217;inglese all&#8217;italiano di un documento canadese, <a href=\"https:\/\/constoronto.esteri.it\/it\/servizi-consolari-e-visti\/servizi-per-il-cittadino-italiano\/traduzione-e-legalizzazione-dei-documenti\/\">cliccare qui.<\/a><\/p>\n<hr \/>\n<details>\n<summary><span style=\"color: #0000ff;\"><strong>INFORMAZIONI GENERALI PER RICHIEDERE LA TRASCRIZIONE IN ITALIA DI ATTI DI STATO CIVILE<\/strong><\/span><\/summary>\n<p>Il Consolato Generale d&#8217;Italia a Toronto, competente per i servizi consolari erogati ai cittadini italiani che risiedono in questa\u00a0<a href=\"https:\/\/constoronto.esteri.it\/it\/chi-siamo\/\" target=\"_blank\" rel=\"noopener\">circoscrizione consolare<\/a>\u00a0e che sono iscritti all&#8217;AIRE (Anagrafe degli Italiani Residenti all&#8217;Estero), provvede a trasmettere ai Comuni in Italia gli atti di\u00a0<strong>nascita, matrimonio e morte<\/strong> emessi dalle Autorit\u00e0 canadesi, per la relativa trascrizione nei registri di stato civile italiani.<\/p>\n<p>Le richieste di trascrizione degli atti di stato civile possono essere presentate per posta a questo Consolato Generale, oppure consegnate\/inviate ai Vice Consoli Onorari competenti per l&#8217;area di residenza dell&#8217;utente o ai Corrispondenti Consolari.<\/p>\n<ul>\n<li><strong>La documentazione deve essere presentata in originale\u00a0<\/strong><\/li>\n<li>Deve essere in formato &#8220;Certified Copy of Registration&#8221; (Long Form). Si precisa che il formato \u201cwallet size\u201d dei certificati non \u00e8 valido per la trascrizione e quindi non potr\u00e0 essere accettato. Per maggiori informazioni sui certificati di stato civile si prega di consultare il sito web delle rispettive Province: per <a href=\"http:\/\/www.serviceontario.ca\/\">l&#8217;Ontario<\/a>, per\u00a0<a href=\"http:\/\/vitalstats.gov.mb.ca\/certificate_apps.html\">il Manitoba<\/a>\u00a0e per i\u00a0<a href=\"http:\/\/www.hss.gov.nt.ca\/vital-statistics\">Territori del Nord Ovest<\/a>.<\/li>\n<li>Il Certified Copy of Registration &#8211; Long Form deve essere <strong>apostillato dalle autorit\u00e0 canadesi competenti<\/strong> (GAC o Ministry for Public and Business Service Delivery of Ontario), se il documento \u00e8 stato emesso in Canada. Se il certificato \u00e8 stato emesso da Autorit\u00e0 non canadesi, dovr\u00e0 essere apostillato secondo le procedure del Paese di emissione o legalizzato dal Consolato italiano competente per territorio.<\/li>\n<li><strong>Il Consolato NON restituisce la documentazione presentata in originale<\/strong>.<\/li>\n<\/ul>\n<\/details>\n<details>\n<summary><span style=\"color: #0000ff;\"><strong>COME RICHIEDERE LA TRASCRIZIONE<\/strong><\/span><\/summary>\n<p>1) <strong>Compilare<\/strong> il relativo modulo di richiesta di trascrizione atti di stato civile, avendo cura di indicare il Comune di ultima residenza in Italia (dove saranno trascritti gli atti). I moduli sono disponibili nelle relative sezioni del sito web: <a href=\"https:\/\/constoronto.esteri.it\/it\/servizi-consolari-e-visti\/servizi-per-il-cittadino-italiano\/stato-civile\/atti-di-nascita\/\">Atti di Nascita, <\/a>\u00a0<a href=\"https:\/\/constoronto.esteri.it\/it\/servizi-consolari-e-visti\/servizi-per-il-cittadino-italiano\/stato-civile\/trascrizione-nascita-matrimonio-morte\/\">Matrimonio, Morte,<\/a> o <a href=\"https:\/\/constoronto.esteri.it\/it\/servizi-consolari-e-visti\/servizi-per-il-cittadino-italiano\/stato-civile\/divorzio\/\">divorzio<\/a>, o <a href=\"https:\/\/constoronto.esteri.it\/it\/servizi-consolari-e-visti\/servizi-per-il-cittadino-italiano\/stato-civile\/unioni-civili\/\">unione civile<\/a>.<\/p>\n<p>2) <strong>Allegare<\/strong> una\u00a0fotocopia del passaporto italiano o di documento di riconoscimento valido con fotografia del richiedente (con foto e firma);<\/p>\n<p>3) <strong>Allegare<\/strong> tutti i documenti <strong>originali<\/strong> di stato civile, debitamente <strong>apostillati<\/strong>, di cui si chiede la trascrizione, nonch\u00e9 le traduzioni originali in lingua italiana. Per i dettagli relativi a ogni singolo atto di stato civile (consultare <a href=\"https:\/\/constoronto.esteri.it\/it\/servizi-consolari-e-visti\/servizi-per-il-cittadino-italiano\/stato-civile\/atti-di-nascita\/\">Atti di Nascita,<\/a> <a href=\"https:\/\/constoronto.esteri.it\/it\/servizi-consolari-e-visti\/servizi-per-il-cittadino-italiano\/stato-civile\/trascrizione-nascita-matrimonio-morte\/\">Matrimonio, Morte\u00a0<\/a>o <a href=\"https:\/\/constoronto.esteri.it\/it\/servizi-consolari-e-visti\/servizi-per-il-cittadino-italiano\/stato-civile\/divorzio\/\">divorzio<\/a>, o <a href=\"https:\/\/constoronto.esteri.it\/it\/servizi-consolari-e-visti\/servizi-per-il-cittadino-italiano\/stato-civile\/unioni-civili\/\">unione civile<\/a> per l&#8217;elenco completo dei documenti).<\/p>\n<p><strong>La richiesta<\/strong> al Consolato <strong>va presentata per posta (o servizio di corriere)<\/strong>, <span style=\"text-decoration: underline;\"><strong>non \u00e8 necessario un appuntamento di persona.<\/strong><\/span><\/p>\n<p>La documentazione (indicata nella sezione di riferimento del sito web), <strong>corretta e completa<\/strong>, deve essere <strong>inviata <span style=\"text-decoration: underline;\">per posta o a mezzo corriere<\/span> all&#8217;attenzione della sezione &#8220;Stato Civile&#8221;, all&#8217;indirizzo:\u00a0<\/strong><\/p>\n<p><strong>Consulate General of Italy<\/strong><br \/>\n<strong>136 Beverley Street<\/strong><br \/>\n<strong>Toronto, M5T 1Y5 ON<\/strong><\/p>\n<p>Si raccomanda di includere nella busta anche un&#8217;ulteriore busta \u201cXpress post\u201d, o di altro corriere, precompilata nella sezione destinatario per la restituzione dei documenti, in caso di pratiche incomplete.<\/p>\n<p><strong>Attenzione<\/strong>: se la pratica pu\u00f2 essere lavorata in quanto corretta e completa, <strong>i documenti originali non vengono restituiti.<\/strong><br \/>\nIl Consolato provveder\u00e0 a trasmettere la richiesta di trascrizione degli atti di stato civile presso i registri di stato civile del Comune italiano competente.<\/p>\n<\/details>\n<hr \/>\n<details>\n<summary><strong><span style=\"color: #0000ff;\">ATTI DI STATO CIVILE RILASCIATI FUORI DALLA CIRCOSCRIZIONE CONSOLARE<\/span><br \/>\n<\/strong><\/summary>\n<p>Per la traduzione e legalizzazione degli atti di Stato Civile rilasciati in paesi diversi dal Canada o fuori dalla circoscrizione territoriale di questo Consolato Generale, occorrer\u00e0 fare riferimento alla\u00a0<a href=\"http:\/\/www.esteri.it\/mae\/it\/ministero\/laretediplomatica\/\">Rappresentanza diplomatico-consolare italiana<\/a>\u00a0competente.<\/p>\n<\/details>\n<p>&nbsp;<\/p>\n<hr \/>\n<details>\n<summary><span style=\"color: #0000ff;\"><strong>INFORMAZIONI PER UTENTI NON RESIDENTI<\/strong><\/span><\/summary>\n<p>A seguito dell&#8217;entrata in vigore dell&#8217;Apostille, i certificati rilasciati dalle autorit\u00e0 di stato civile canadesi operanti in questa <a href=\"https:\/\/constoronto.esteri.it\/it\/chi-siamo\/\">circoscrizione consolare<\/a>, relativi a utenti non residenti presso questa circoscrizione consolare, non necessitano di legalizzazione consolare se devono essere utilizzati in altri Paesi che hanno aderito alla Convenzione dell&#8217;Aja sull&#8217;Apostille (ad esempio, l&#8217;Italia).<\/p>\n<p>Se il cittadino italiano residente in altra circoscrizione consolare (ad esempio negli USA o in Brasile) deve presentare al Consolato italiano competente un atto di stato civile emesso in Canada, per tale atto dovr\u00e0 richiedere l&#8217;apostille all&#8217;autorit\u00e0 canadese competente.<\/p>\n<p>L&#8217;Apostille deve essere richiesta <strong>a Global Affairs Canada (GAC) per tutti i documenti emessi o <em>notarized <\/em>in Manitoba e NWT<\/strong>, <strong>cos\u00ec come nel caso di documenti del Governo federale.<br \/>\n<\/strong><a href=\"https:\/\/www.international.gc.ca\/gac-amc\/about-a_propos\/services\/authentication-authentification\/apostille-convention.aspx?lang=eng\">Cliccare qui per informazioni su come richiedere l\u2019Apostille al GAC<\/a><\/p>\n<p>L&#8217;apostille deve essere richiesta <strong>all\u2019Official Documents Service dell\u2019Ontario\u00a0 (Ministry for Public and Business Service Delivery) \u2013 per tutti i documenti emessi o <em>notarized <\/em>in Ontario<\/strong>.<br \/>\n<a href=\"https:\/\/www.ontario.ca\/page\/authenticate-document-use-outside-canada#section-1\">Cliccare qui per informazioni su come richiedere l\u2019Apostille all\u2019Official Documents Service<\/a> dell\u2019Ontario.<\/p>\n<\/details>\n<p>&nbsp;<\/p>\n<p>&nbsp;<\/p>\n","protected":false},"excerpt":{"rendered":"E&#8217; disponibile all&#8217;interno del sito una sezione dedicata alle Domande Frequenti (FAQ), relative allo Stato Civile e alle richieste di Certificati (certificato di stato civile, di stato di famiglia, di cittadinanza, contestuale, di concordanza anagrafica, di iscrizione nello schedario consolare). AVVISO A partire dal 1 gennaio 2018, tutti i certificati di stato civile (nascita, matrimonio [&hellip;]","protected":false},"author":3,"featured_media":0,"parent":86,"menu_order":3,"comment_status":"closed","ping_status":"closed","template":"","meta":{"footnotes":""},"class_list":["post-195","page","type-page","status-publish","hentry"],"_links":{"self":[{"href":"https:\/\/constoronto.esteri.it\/it\/wp-json\/wp\/v2\/pages\/195","targetHints":{"allow":["GET"]}}],"collection":[{"href":"https:\/\/constoronto.esteri.it\/it\/wp-json\/wp\/v2\/pages"}],"about":[{"href":"https:\/\/constoronto.esteri.it\/it\/wp-json\/wp\/v2\/types\/page"}],"author":[{"embeddable":true,"href":"https:\/\/constoronto.esteri.it\/it\/wp-json\/wp\/v2\/users\/3"}],"replies":[{"embeddable":true,"href":"https:\/\/constoronto.esteri.it\/it\/wp-json\/wp\/v2\/comments?post=195"}],"version-history":[{"count":6,"href":"https:\/\/constoronto.esteri.it\/it\/wp-json\/wp\/v2\/pages\/195\/revisions"}],"predecessor-version":[{"id":7829,"href":"https:\/\/constoronto.esteri.it\/it\/wp-json\/wp\/v2\/pages\/195\/revisions\/7829"}],"up":[{"embeddable":true,"href":"https:\/\/constoronto.esteri.it\/it\/wp-json\/wp\/v2\/pages\/86"}],"wp:attachment":[{"href":"https:\/\/constoronto.esteri.it\/it\/wp-json\/wp\/v2\/media?parent=195"}],"curies":[{"name":"wp","href":"https:\/\/api.w.org\/{rel}","templated":true}]}}