{"id":194,"date":"2023-01-10T21:36:16","date_gmt":"2023-01-10T20:36:16","guid":{"rendered":"https:\/\/constoronto.esteri.it\/?page_id=194"},"modified":"2026-02-19T21:42:50","modified_gmt":"2026-02-19T20:42:50","slug":"anagrafe-degli-italiani-residenti-allestero-aire","status":"publish","type":"page","link":"https:\/\/constoronto.esteri.it\/it\/servizi-consolari-e-visti\/servizi-per-il-cittadino-italiano\/anagrafe-degli-italiani-residenti-allestero-aire\/","title":{"rendered":"Anagrafe degli Italiani residenti all\u2019estero (AIRE)"},"content":{"rendered":"<p><strong>Cos\u2019\u00e8 l\u2019A. I. R. E., chi deve iscriversi e cosa accade se non ci si iscrive?<\/strong><\/p>\n<details>\n<summary><span style=\"color: #0000ff;\"><strong>Cos&#8217;\u00e8 l&#8217;A.I.R.E.<\/strong><\/span><\/summary>\n<p>L\u2019<strong>Anagrafe degli Italiani Residenti all\u2019Estero<\/strong> (A.I.R.E.) \u00e8 stata istituita con <strong>legge 27 ottobre 1988, n. 470<\/strong> e contiene i dati dei cittadini italiani che risiedono all\u2019estero per un periodo superiore ai dodici mesi. Essa<strong> \u00e8 gestita dai Comuni in Italia<\/strong> sulla base dei dati e delle informazioni provenienti dalle Rappresentanze consolari all\u2019estero.<\/p>\n<p><strong>L\u2019iscrizione all\u2019A.I.R.E. \u00e8 un diritto-dovere del cittadino<\/strong> (art. 6 legge 470\/1988) e costituisce il presupposto per usufruire di una serie di servizi forniti dalle Rappresentanze consolari all\u2019estero, quali ad esempio:<\/p>\n<ul>\n<li>la possibilit\u00e0 di votare per corrispondenza in occasione di elezioni politiche e di referendum, di cui agli articoli 75 e 138 della Costituzione, come previsto dalla legge 459\/2001;<\/li>\n<li>la possibilit\u00e0 di votare in occasione delle elezioni dei rappresentanti italiani al Parlamento Europeo presso seggi istituiti dalla rete diplomatico-consolare (solo nei Paesi appartenenti all\u2019U.E.);<\/li>\n<li>la possibilit\u00e0 di ottenere il rilascio di documenti di viaggio;<\/li>\n<li>la possibilit\u00e0 di richiedere il rilascio di certificazioni di competenza delle Rappresentanze all\u2019estero;<\/li>\n<li>la convalida della patente italiana.<\/li>\n<\/ul>\n<p><strong><span style=\"text-decoration: underline;\">L&#8217;iscrizione all&#8217;AIRE \u00e8 gratuita<\/span>.<\/strong><\/p>\n<\/details>\n<details>\n<summary><span style=\"color: #0000ff;\"><strong>Devono iscriversi all\u2019A.I.R.E.<\/strong><\/span><\/summary>\n<ul>\n<li>i cittadini che fissano all\u2019estero la dimora abituale;<\/li>\n<li>quelli che gi\u00e0 vi risiedono, sia perch\u00e9 nati all\u2019estero che per successivo acquisto della cittadinanza italiana a qualsiasi titolo.<\/li>\n<\/ul>\n<\/details>\n<details>\n<summary><span style=\"color: #0000ff;\"><strong>Non devono iscriversi all\u2019A.I.R.E.<\/strong><\/span><\/summary>\n<ul>\n<li>i cittadini che si recano all\u2019estero per un periodo di tempo inferiore ad un anno;<\/li>\n<li>i lavoratori stagionali;<\/li>\n<li>i dipendenti di ruolo dello Stato in servizio all\u2019estero, che siano notificati ai sensi delle Convenzioni di Vienna sulle relazioni diplomatiche e sulle relazioni consolari rispettivamente del 1961 e del 1963;<\/li>\n<li>i dipendenti delle Regioni e delle Province autonome assegnati a prestare servizio presso gli uffici di collegamento delle medesime istituiti ai sensi dell&#8217;articolo 58 della Legge 6 febbraio 1996, n. 52;<\/li>\n<li>il personale civile e militare che fruisce dell&#8217;indennit\u00e0 di lungo servizio all&#8217;estero, prevista dall&#8217;articolo 1808 del codice dell&#8217;ordinamento militare, di cui al D. Lgs. 15 marzo 2010, n. 66;<\/li>\n<li>il personale civile e militare italiano in servizio presso gli Uffici e le strutture dell&#8217;Organizzazione del Trattato del Nord Atlantico (NATO);<\/li>\n<li>le persone conviventi con i cittadini sopra menzionati, che si recano all&#8217;estero al seguito dei medesimi.<\/li>\n<\/ul>\n<\/details>\n<details>\n<summary><span style=\"color: #0000ff;\"><strong> Possono iscriversi all&#8217;AIRE (iscrizione facoltativa)<\/strong><\/span><\/summary>\n<ul>\n<li>I cittadini italiani che lavorano all\u2019estero per l\u2019Unione Europea o per le organizzazioni internazionali di cui l\u2019Italia \u00e8 parte;<\/li>\n<li>i soggetti di cui all\u2019articolo 26 della Legge 11 agosto 2014, n. 125, e che conservano o stabiliscono il domicilio fiscale in Italia.<\/li>\n<\/ul>\n<\/details>\n<details>\n<summary><span style=\"color: #0000ff;\"><strong>Cosa accade se non ci si iscrive all\u2019A.I.R.E.<\/strong><\/span><\/summary>\n<p><strong>L\u2019iscrizione all\u2019A.I.R.E. \u00e8 effettuata a seguito di dichiarazione che l\u2019interessato deve rendere all\u2019Ufficio consolare competente per territorio entro 90 giorni dal trasferimento della residenza<\/strong> e comporta la contestuale cancellazione dall\u2019Anagrafe della Popolazione Residente (A.P.R.) del Comune di provenienza.<\/p>\n<p>Chiunque, avendo obblighi anagrafici, contravviene alle disposizioni della Legge 24 dicembre 1954, n. 1228, della Legge 27 ottobre 1988, n. 470, e dei regolamenti di esecuzione delle predette leggi \u00e8 soggetto a <strong>sanzioni pecuniarie amministrative,<\/strong> cos\u00ec come previsto dalla <strong>Legge 30 dicembre 2023, n. 213<\/strong>.<br \/>\n<span style=\"text-decoration: underline;\"><strong>L\u2019Autorit\u00e0 competente all\u2019accertamento e all\u2019irrogazione della sanzione \u00e8 il Comune nella cui anagrafe \u00e8 iscritto il trasgressore, non il Consolato<\/strong><\/span>.<\/p>\n<p>Il procedimento accertativo e sanzionatorio in capo ai Comuni \u00e8 disciplinato dalla L. 24 novembre 1981, n. 689, il cui art. 1 prevede che:<br \/>\n\u201cNessuno pu\u00f2 essere assoggettato a sanzioni amministrative se non in forza di una legge che sia entrata in vigore prima della commissione della violazione\u201d.<\/p>\n<p><strong>Il mancato aggiornamento delle informazioni, in particolare di quelle riguardanti il cambio di indirizzo, rende impossibile il contatto con il cittadino e il ricevimento della cartolina o del plico elettorale in caso di votazioni<\/strong>.<\/p>\n<p>Per maggiori informazioni, si raccomanda la lettura delle informazioni disponibili sul sito web del <a href=\"https:\/\/www.esteri.it\/it\/servizi-consolari-e-visti\/italiani-all-estero\/aire_0\/\">Ministero degli Affari Esteri e della Cooperazione Internazionale<\/a>.<\/p>\n<p><strong>\u00a0<\/strong><\/p>\n<\/details>\n<hr \/>\n<p><strong>Iscrizione all&#8217;Anagrafe degli Italiani Residenti all\u2019Estero (AIRE)<\/strong><\/p>\n<p>L\u2019iscrizione all\u2019A.I.R.E. \u00e8 effettuata a seguito di dichiarazione resa dal<strong> cittadino italiano maggiorenne<\/strong> all\u2019Ufficio consolare competente per territorio <strong>entro 90 giorni dal trasferimento della residenza<\/strong>, e comporta la contestuale cancellazione dall\u2019Anagrafe della Popolazione Residente (A.P.R.) del Comune di provenienza.<\/p>\n<p>Per iscriversi all&#8217;AIRE o comunicare un cambio di indirizzo \u00e8 disponibile il<a href=\"https:\/\/serviziconsolarionline.esteri.it\/\">\u00a0<\/a><strong><a href=\"https:\/\/serviziconsolarionline.esteri.it\/\">portale FAST IT<\/a>. Si raccomanda di leggere attentamente le informazioni riportate di seguito, per ciascuna voce, prima di utilizzare il portale.\u00a0<\/strong><\/p>\n<details>\n<summary><span style=\"color: #0000ff;\"><strong>Cos&#8217;\u00e8 FAST IT<\/strong><\/span><\/summary>\n<p>Fast It (Farnesina Servizi Telematici per Italiani\/e all\u2019estero) \u00e8 un portale web, ideato dal Ministero degli Affari Esteri e della Cooperazione Internazionale, che permette ai connazionali residenti all\u2019estero di ottenere alcuni servizi consolari senza doversi recare di persona in Consolato Generale.<\/p>\n<p>Si accede cliccando\u00a0<strong><a href=\"https:\/\/serviziconsolarionline.esteri.it\/\">QUI<\/a>. Prima di accedere, leggere attentamente le indicazioni riportate di seguito, cliccando su ciascun titolo.\u00a0<\/strong><\/p>\n<\/details>\n<details>\n<summary><span style=\"color: #0000ff;\"><strong>Come si richiede l\u2019iscrizione all\u2019AIRE<\/strong><\/span><\/summary>\n<p>Se non si ha gi\u00e0 un account su Fast It, \u00e8 necessario\u00a0<strong>innanzitutto registrarsi su FAST-IT<\/strong>. Per registrarsi: l\u2019utente dovra\u2019 cliccare su \u201c<strong>Registrazione<\/strong>\u201d, inserire il proprio indirizzo e-mail e\u00a0<strong>scegliere una password<\/strong>, seguendo le indicazioni fornite dal portale.<\/p>\n<p>Si dovr\u00e0 poi compilare la scheda con le generalit\u00e0 personali, inclusa la localit\u00e0 di residenza all\u2019estero. Terminati questi passaggi, l\u2019interessato\/a ricever\u00e0 un\u2019e-mail di conferma con un link di attivazione sul quale dovr\u00e0 cliccare.<\/p>\n<p>Se l\u2019email non arriva all\u2019indirizzo indicato e\u2019 opportuno controllare nella propria posta elettronica anche la cartella di &#8220;posta indesiderata&#8221; o spam. Conclusa la registrazione, l\u2019utente potr\u00e0 richiedere il servizio di cui ha bisogno.<\/p>\n<p>Si consiglia di accedere da un PC e non da uno smartphone. Si consiglia inoltre di assicurarsi di disporre di stampante e scanner.<\/p>\n<p><strong>Una volta registrati ed effettuato il primo accesso, dalla homepage del Portale FAST-IT<\/strong>, <strong>cliccare su \u201cAnagrafe consolare\/AIRE\/Elettorale\u201d e da l\u00ec su \u201cRichiedere l\u2019iscrizione all\u2019AIRE\u201d<\/strong>.<\/p>\n<p>Dopo aver effettuato il login con nome utente e password (creati in fase di registrazione), l\u2019utente dovr\u00e0 inserire:<\/p>\n<ul>\n<li>Dati anagrafici;<\/li>\n<li>Indirizzo, recapito telefonico ed e-mail;<\/li>\n<li>Dati relativi ai genitori;<\/li>\n<li>Stato civile, dati eventuale matrimonio;<\/li>\n<li>Titolo di studio e occupazione;<\/li>\n<li>Eventuale altra cittadinanza;<\/li>\n<li>Anno di prima emigrazione e data di arrivo nella circoscrizione Consolare;<\/li>\n<li>Ultima residenza in Italia;<\/li>\n<li>Eventuali familiari conviventi (coniuge e\/o figli\/e) e figli\/e minori che non vivono nella stessa dimora.<\/li>\n<\/ul>\n<p>A corredo della domanda, dovr\u00e0 caricare sul portale:<\/p>\n<ul>\n<li>copia del proprio\u00a0<strong>passaporto\u00a0italiano<\/strong> (o carta d&#8217;identit\u00e0) in corso di validit\u00e0 e di quello di eventuali familiari conviventi (e di figli minori anche se non conviventi). In mancanza di documenti italiani, allegare un Estratto dell\u2019atto di nascita rilasciato dal Comune italiano. In presenza di figli minori conviventi, la richiesta di iscrizione dovrebbe essere presentata consensualmente da entrambi i genitori. Ove i genitori del minore non siano conviventi, potrebbe essere richiesto che il genitore non convivente dia il proprio consenso all&#8217;iscrizione in AIRE del minore (modulo disponibile nella sezione <a href=\"https:\/\/constoronto.esteri.it\/it\/servizi-consolari-e-visti\/servizi-per-il-cittadino-italiano\/modulistica\/\">Modulistica<\/a> del sito);<\/li>\n<li>copia di un passaporto straniero in corso di validit\u00e0, se disponibile;<\/li>\n<li>prova di indirizzo (patente di guida canadese\/bollette di utenze residenziali, property tax etc);<\/li>\n<\/ul>\n<p>Si suggerisce di scannerizzare in un unico documento le copie di tutti i passaporti e in un altro documento le prove di indirizzo e residenza. Il sistema di upload del sito respinge qualsiasi allegato di dimensioni superiori a 1.0 MB (o 1024KB)<\/p>\n<\/details>\n<details>\n<summary><span style=\"color: #0000ff;\"><strong>Come si visualizzano i dati presenti nello schedario consolare<\/strong><\/span><\/summary>\n<p>Da \u201cAnagrafe consolare\/AIRE\/Elettorale\u201d scegliere la seconda opzione \u201cVisualizzare la propria scheda anagrafica\u201d. In questo modo l\u2019interessato\/a gi\u00e0 iscritto\/a all\u2019AIRE potra\u2019 verificare se i propri dati conservati nello schedario consolare siano completi e corretti e, se necessario, chiederne l\u2019aggiornamento.<\/p>\n<p><strong>NOTA BENE<\/strong>:<strong>\u00a0Per richiedere un cambio di indirizzo \u00e8 sempre necessario usare la funzione dedicata (vedere punto successivo).\u00a0<\/strong>\u00a0L\u2019utente, dopo aver visionato la sua scheda anagrafica, se i dati non sono corretti, potr\u00e0\u00a0<strong>richiederne l\u2019aggiornamento con la funzione \u201c Comunicare la variazione della propria residenza\u201d.<\/strong><\/p>\n<\/details>\n<details>\n<summary><span style=\"color: #0000ff;\"><strong>Come si comunica un cambio di residenza<\/strong><\/span><\/summary>\n<p>Da \u201cAnagrafe consolare\/AIRE\/Elettorale\u201d, il terzo servizio \u201cComunicare la variazione della propria residenza\u201d permette al connazionale di comunicare un cambio d\u2019indirizzo all\u2019interno della stessa circoscrizione consolare o il trasferimento ad un\u2019altra circoscrizione consolare (ad esempio da Toronto a Barcellona).<\/p>\n<p>E\u2019 necessario caricare i seguenti documenti:<\/p>\n<ul>\n<li>Documento di riconoscimento in corso di validit\u00e0;<\/li>\n<li>Documentazione comprovante la residenza nella circoscrizione consolare (es. certificato di residenza rilasciato dall\u2019autorit\u00e0 locale, permesso di soggiorno, carta di identit\u00e0 straniera, bollette di utenze residenziali, ecc.).<\/li>\n<li>Durante la procedura sar\u00e0 possibile scaricare il modulo &#8220;Comunicazione cambio residenza&#8221; da stampare, firmare e scansionare\/caricare (obbligatorio).<\/li>\n<\/ul>\n<\/details>\n<details>\n<summary><span style=\"color: #0000ff;\"><strong>Accesso con Identit\u00e0 Digitale (SPID, CIE, CNS)<\/strong><\/span><\/summary>\n<p>Come previsto dal Decreto Legge n. 76\/2020, per accedere al portale dei servizi consolari \u201c<strong>Fast It<\/strong>\u201d, ai servizi online della pubblica amministrazione e dei privati aderenti, si dovranno utilizzare le credenziali SPID (Sistema Pubblico di Identit\u00e0 Digitale), CIE (Carta d&#8217;identit\u00e0 elettronica) o CNS (Carta Nazionale dei Servizi).<\/p>\n<p>Il Decreto c.d. \u201cMilleproroghe\u201d <strong>estende fino al 31 dicembre 2025<\/strong> il termine ultimo per rilasciare o rinnovare credenziali per l\u2019identificazione e l\u2019accesso dei cittadini ai propri servizi in rete, diverse da SPID, CIE e CNS.<\/p>\n<p><strong>Viene inoltre prorogato al 31 marzo 2026\u00a0<\/strong>il termine per continuare a utilizzare le credenziali tradizionali rilasciate fino al 31 dicembre 2025.<strong><br \/>\nPertanto, fino a tale data, i cittadini potranno continuare ad accedere ai servizi consolari in rete, senza impiegare lo <a href=\"https:\/\/www.esteri.it\/it\/servizi-consolari-e-visti\/italiani-all-estero\/spid\/\">SPID<\/a> o la <a href=\"https:\/\/constoronto.esteri.it\/it\/servizi-consolari-e-visti\/servizi-per-il-cittadino-italiano\/carte-didentita\/\">Carta d\u2019identit\u00e0 elettronica<\/a>.<\/strong><\/p>\n<p><strong>Si sottolinea, tuttavia, l\u2019importanza di <a href=\"https:\/\/www.esteri.it\/it\/servizi-consolari-e-visti\/italiani-all-estero\/spid\/\">richiedere e utilizzare lo SPID<\/a> per le sue caratteristiche di semplicit\u00e0 e sicurezza per l\u2019identificazione in rete<\/strong>.\u00a0Semplice e sicuro, si pu\u00f2 usare SPID da qualsiasi dispositivo: computer, tablet e smartphone, ogni volta che, su un sito o un\u2019app di servizi, si trova il pulsante \u201cEntra con SPID\u201d.<\/p>\n<\/details>\n<details>\n<summary><span style=\"color: #0000ff;\"><strong>Cosa fare in caso di insuperabili impedimenti tecnici<\/strong><\/span><\/summary>\n<p>Qualora non sia materialmente possibile, in alcun modo, utilizzare il portale Fast It, per iscriversi all&#8217;A.I.R.E. o per comunicare il trasferimento da un\u2019altra circoscrizione consolare, si dovr\u00e0 compilare, datare, firmare e inviare all&#8217;indirizzo di posta elettronica\u00a0<strong><a href=\"mailto:votazioni.toronto@esteri.it\">t<\/a><a href=\"mailto:oronto.anagrafe@esteri.it\">oronto.anagrafe@esteri.it<\/a>\u00a0<\/strong>il\u00a0<strong><a href=\"https:\/\/constoronto.esteri.it\/wp-content\/uploads\/2024\/02\/modulo_iscrizione_aire_2024.pdf\" target=\"_blank\" rel=\"noopener\">modulo Richiesta Iscrizione A.I.R.E<\/a>.<\/strong><\/p>\n<p>Il modulo, che dovr\u00e0 essere singolarmente trasmesso da ogni cittadino italiano maggiorenne, dovr\u00e0 essere\u00a0<strong>accompagnato da copia scansionata della stessa documentazione indicata per l&#8217;iscrizione tramite il portale Fast It<\/strong>\u00a0indicata sopra, ovvero:<\/p>\n<ul>\n<li>copia del proprio\u00a0<strong>passaporto\u00a0italiano<\/strong> (o Carta d\u2019Identit\u00e0)\u00a0 in corso di validit\u00e0 e di quello di eventuali familiari conviventi (e di figli minori anche se non conviventi). In mancanza di documenti italiani, allegare un Estratto dell\u2019atto di nascita rilasciato dal Comune italiano;<\/li>\n<li>copia di un passaporto straniero in corso di validit\u00e0;<\/li>\n<li>prova di indirizzo (patente di guida canadese\/bollette di utenze residenziali, property tax etc);<\/li>\n<\/ul>\n<p>Per comunicare la variazione di indirizzo all\u2019interno della stessa circoscrizione consolare, \u00e8 necessario compilare, datare, firmare e inviare all&#8217;indirizzo di posta elettronica\u00a0<a href=\"mailto:toronto.anagrafe@esteri.it\">toronto.anagrafe@esteri.it<\/a>\u00a0il\u00a0<a href=\"https:\/\/constoronto.esteri.it\/wp-content\/uploads\/2023\/05\/AIRE-Modulo-variazione_indirizzo-ITA-nuovo-2023.pdf\" target=\"_blank\" rel=\"noopener\"><strong>modulo Variazione di Indirizzo<\/strong><\/a>\u00a0unitamente a copia scansionata dei seguenti documenti:<\/p>\n<ul>\n<li>passaporto italiano valido del richiedente e di tutti gli eventuali membri conviventi della famiglia (in mancanza di documenti italiani, sono accettati documenti di identit\u00e0 stranieri);<\/li>\n<li>prova della nuova residenza che riporti l\u2019indirizzo aggiornato (es: patenti di guida, contratti di lavoro, bollette di utenze residenziali, property tax, ecc.).<\/li>\n<li>Si fa presente che i figli maggiorenni devono inviare la propria richiesta di variazione di indirizzo anche se conviventi<\/li>\n<\/ul>\n<\/details>\n<p>&nbsp;<\/p>\n<p>&nbsp;<\/p>\n<p>&nbsp;<\/p>\n<p><em>Ultimo aggiornamento 19 febbraio 2026<\/em><\/p>\n","protected":false},"excerpt":{"rendered":"Cos\u2019\u00e8 l\u2019A. I. R. E., chi deve iscriversi e cosa accade se non ci si iscrive? Cos&#8217;\u00e8 l&#8217;A.I.R.E. L\u2019Anagrafe degli Italiani Residenti all\u2019Estero (A.I.R.E.) \u00e8 stata istituita con legge 27 ottobre 1988, n. 470 e contiene i dati dei cittadini italiani che risiedono all\u2019estero per un periodo superiore ai dodici mesi. Essa \u00e8 gestita dai [&hellip;]","protected":false},"author":3,"featured_media":0,"parent":86,"menu_order":2,"comment_status":"closed","ping_status":"closed","template":"","meta":{"footnotes":""},"class_list":["post-194","page","type-page","status-publish","hentry"],"_links":{"self":[{"href":"https:\/\/constoronto.esteri.it\/it\/wp-json\/wp\/v2\/pages\/194","targetHints":{"allow":["GET"]}}],"collection":[{"href":"https:\/\/constoronto.esteri.it\/it\/wp-json\/wp\/v2\/pages"}],"about":[{"href":"https:\/\/constoronto.esteri.it\/it\/wp-json\/wp\/v2\/types\/page"}],"author":[{"embeddable":true,"href":"https:\/\/constoronto.esteri.it\/it\/wp-json\/wp\/v2\/users\/3"}],"replies":[{"embeddable":true,"href":"https:\/\/constoronto.esteri.it\/it\/wp-json\/wp\/v2\/comments?post=194"}],"version-history":[{"count":6,"href":"https:\/\/constoronto.esteri.it\/it\/wp-json\/wp\/v2\/pages\/194\/revisions"}],"predecessor-version":[{"id":8951,"href":"https:\/\/constoronto.esteri.it\/it\/wp-json\/wp\/v2\/pages\/194\/revisions\/8951"}],"up":[{"embeddable":true,"href":"https:\/\/constoronto.esteri.it\/it\/wp-json\/wp\/v2\/pages\/86"}],"wp:attachment":[{"href":"https:\/\/constoronto.esteri.it\/it\/wp-json\/wp\/v2\/media?parent=194"}],"curies":[{"name":"wp","href":"https:\/\/api.w.org\/{rel}","templated":true}]}}