{"id":192,"date":"2023-01-10T21:35:30","date_gmt":"2023-01-10T20:35:30","guid":{"rendered":"https:\/\/constoronto.esteri.it\/?page_id=192"},"modified":"2025-12-03T22:48:07","modified_gmt":"2025-12-03T21:48:07","slug":"passaporti-e-carte-didentita","status":"publish","type":"page","link":"https:\/\/constoronto.esteri.it\/it\/servizi-consolari-e-visti\/servizi-per-il-cittadino-italiano\/passaporti-e-carte-didentita\/","title":{"rendered":"Passaporti"},"content":{"rendered":"<p style=\"text-align: left;\"><strong>1. Informazioni Generali<\/strong><\/p>\n<p>Per chiedere il rilascio del passaporto italiano a questo Ufficio Consolare, \u00e8 necessario:<\/p>\n<p>a) Essere <strong>cittadini italiani<\/strong><\/p>\n<p>b) Essere <strong>iscritti all\u2019AIRE con indirizzo di residenza aggiornato<\/strong>\u00a0<strong>in questa\u00a0circoscrizione consolare<\/strong>. Il Consolato Generale d\u2019Italia a Toronto \u00e8 competente per\u00a0<strong>Manitoba, Territori del Nord Ovest e Ontario, con alcune eccezioni<\/strong>: per la citt\u00e0 di Ottawa e le contee di Carleton, Dundas, Glengarry, Grenville, Prescott, Russel e Stormont \u00e8 necessario rivolgersi all&#8217;<strong>Ambasciata d&#8217;Italia a Ottawa<\/strong>.<\/p>\n<p><strong>Presso il Consolato Generale d&#8217;Italia a Toronto, il rilascio del passaporto avviene generalmente &#8220;a vista&#8221;<\/strong>, vale a dire che il documento, salvo impedimenti, viene emesso nella stessa giornata dell&#8217;appuntamento, poco tempo dopo l&#8217;acquisizione dei dati biometrici dell&#8217;utente.<br \/>\n<strong>Il rilascio &#8220;a vista&#8221; \u00e8 possibile solo se il connazionale \u00e8 iscritto all\u2019<a href=\"https:\/\/constoronto.esteri.it\/it\/servizi-consolari-e-visti\/servizi-per-il-cittadino-italiano\/anagrafe-degli-italiani-residenti-allestero-aire\/\">AIRE<\/a> con indirizzo di residenza aggiornato in questa circoscrizione consolare<\/strong> (costituita da: Ontario, Manitoba e Territori del Nord Ovest, con alcune eccezioni indicate di seguito).<\/p>\n<p><strong>2. Prenotare un appuntamento per il rilascio del passaporto<\/strong><\/p>\n<p><strong>L&#8217;appuntamento<\/strong> per il rilascio di un nuovo passaporto<strong> deve essere ottenuto tramite il sistema di prenotazioni online Prenot@Mi.<\/strong><\/p>\n<p>Per richiedere un appuntamento, il connazionale dovr\u00e0 registrarsi sul portale\u00a0<a href=\"https:\/\/constoronto.esteri.it\/it\/servizi-consolari-e-visti\/servizi-per-il-cittadino-italiano\/altri-servizi\/prenotmi\/\" target=\"_blank\" rel=\"noopener\"><strong>Prenot@mi<\/strong><\/a>.<\/p>\n<p><strong>\u00c8 possibile prenotare un appuntamento<\/strong> per depositare la domanda di nuovo passaporto <strong>anche presso i Vice Consolati Onorari<\/strong> abilitati, (attualmente: <strong>Sarnia, Sudbury, Thunder Bay, Winnipeg<\/strong>). Il Vice Console Onorario ricever\u00e0 la pratica e si occuper\u00e0 dell\u2019acquisizione dei dati biometrici (impronte digitali, foto, firma). <strong>I Vice Consoli Onorari ricevono le pratiche di coloro che sono residenti nella loro circoscrizione di competenza<\/strong>. Per informazioni sulle circoscrizioni\u00a0 e i contatti della Rete Onoraria, <a href=\"https:\/\/constoronto.esteri.it\/it\/chi-siamo\/la-rete-consolare\/vice-consoli-onorari\/\" target=\"_blank\" rel=\"noopener\">cliccare qui<\/a>.<\/p>\n<hr \/>\n<p><span style=\"text-decoration: underline;\"><strong>ATTENZIONE<\/strong><\/span>: <strong>Il<\/strong><strong> calendario prenotazioni 2026 \u00e8 disponibile su Prenot@mi<\/strong>. Sono attivi i servizi 70Plus e il servizio di rilascio passaporto con procedura di urgenza. Per maggiori informazioni, <a href=\"https:\/\/constoronto.esteri.it\/it\/news\/dal_consolato\/2025\/12\/calendari-2026-per-la-prenotazione-di-appuntamenti-per-passaporto-e-carta-didentita-elettronica\/\"><strong>cliccare qui<\/strong><\/a><strong>. Per informazioni sull&#8217;uso di Prenot@mi per la prenotazione del servizio, leggere attentamente la notizia disponibile <a href=\"https:\/\/constoronto.esteri.it\/it\/news\/dal_consolato\/2025\/12\/calendari-2026-per-la-prenotazione-di-appuntamenti-per-passaporto-e-carta-didentita-elettronica\/\">qui<\/a>.\u00a0<\/strong><\/p>\n<hr \/>\n<p>Il\u00a0<strong>calendario<\/strong>\u00a0di prenotazione per il servizio passaporti \u00e8 attivo in maniera flessibile per\u00a0<strong>30 giorni<\/strong>, ed assegna gli appuntamenti ogni luned\u00ec, marted\u00ec, mercoled\u00ec e gioved\u00ec.<\/p>\n<p>Qualora non si trovino slot disponibili, si invita l&#8217;utenza a\u00a0<strong>riprovare pi\u00f9 volte<\/strong>\u00a0nei giorni successivi, ed eventualmente ad\u00a0<strong>iscriversi nella waiting list<\/strong>, la quale offre a tutti gli iscritti in lista, in maniera prioritaria, gli appuntamenti cancellati, ma anche una parte dei nuovi slot disponibili.<\/p>\n<table class=\"table\">\n<tbody>\n<tr>\n<td><strong>ATTENZIONE:<\/strong>\u00a0se si rifiuta l\u2019appuntamento offerto dalla \u201cwaiting list\u201d, si viene automaticamente cancellati dalla lista ed \u00e8 necessario ricominciare la procedura di prenotazione dall\u2019inizio.<\/td>\n<\/tr>\n<\/tbody>\n<\/table>\n<p><strong>Solo per i connazionali a partire dai 70 anni di et\u00e0, <\/strong>\u00e8 disponibile un servizio di prenotazione alternativo, per il quale si rimanda alla pagina dedicata al servizio: <strong><a href=\"https:\/\/constoronto.esteri.it\/it\/servizi-consolari-e-visti\/servizi-per-il-cittadino-italiano\/passaporti-e-carte-didentita\/servizio-70-plus\/\">70 Plus<\/a><\/strong>.<\/p>\n<p>Se si \u00e8\u00a0<strong>residenti in altra circoscrizione consolare, oppure si risiede in Italia<\/strong>, \u00e8 possibile richiedere il rilascio del passaporto a questo Consolato (sempre e solo previo appuntamento tramite Prenot@mi) in circostanze eccezionali, che andranno comprovate. In questo caso, il Consolato dovr\u00e0 richiedere la delega al rilascio del passaporto alla Questura in Italia o all\u2019Ufficio Consolare italiano all\u2019estero competente per residenza, <strong>con conseguenti tempi superiori di attesa <\/strong>(non \u00e8 possibile il rilascio &#8220;a vista&#8221;).<\/p>\n<p>&nbsp;<\/p>\n<p>&nbsp;<\/p>\n","protected":false},"excerpt":{"rendered":"1. Informazioni Generali Per chiedere il rilascio del passaporto italiano a questo Ufficio Consolare, \u00e8 necessario: a) Essere cittadini italiani b) Essere iscritti all\u2019AIRE con indirizzo di residenza aggiornato\u00a0in questa\u00a0circoscrizione consolare. Il Consolato Generale d\u2019Italia a Toronto \u00e8 competente per\u00a0Manitoba, Territori del Nord Ovest e Ontario, con alcune eccezioni: per la citt\u00e0 di Ottawa e [&hellip;]","protected":false},"author":3,"featured_media":0,"parent":86,"menu_order":1,"comment_status":"closed","ping_status":"closed","template":"","meta":{"footnotes":""},"class_list":["post-192","page","type-page","status-publish","hentry"],"_links":{"self":[{"href":"https:\/\/constoronto.esteri.it\/it\/wp-json\/wp\/v2\/pages\/192","targetHints":{"allow":["GET"]}}],"collection":[{"href":"https:\/\/constoronto.esteri.it\/it\/wp-json\/wp\/v2\/pages"}],"about":[{"href":"https:\/\/constoronto.esteri.it\/it\/wp-json\/wp\/v2\/types\/page"}],"author":[{"embeddable":true,"href":"https:\/\/constoronto.esteri.it\/it\/wp-json\/wp\/v2\/users\/3"}],"replies":[{"embeddable":true,"href":"https:\/\/constoronto.esteri.it\/it\/wp-json\/wp\/v2\/comments?post=192"}],"version-history":[{"count":6,"href":"https:\/\/constoronto.esteri.it\/it\/wp-json\/wp\/v2\/pages\/192\/revisions"}],"predecessor-version":[{"id":8474,"href":"https:\/\/constoronto.esteri.it\/it\/wp-json\/wp\/v2\/pages\/192\/revisions\/8474"}],"up":[{"embeddable":true,"href":"https:\/\/constoronto.esteri.it\/it\/wp-json\/wp\/v2\/pages\/86"}],"wp:attachment":[{"href":"https:\/\/constoronto.esteri.it\/it\/wp-json\/wp\/v2\/media?parent=192"}],"curies":[{"name":"wp","href":"https:\/\/api.w.org\/{rel}","templated":true}]}}