{"id":191,"date":"2023-01-10T21:35:06","date_gmt":"2023-01-10T20:35:06","guid":{"rendered":"https:\/\/constoronto.esteri.it\/?page_id=191"},"modified":"2025-01-03T17:12:49","modified_gmt":"2025-01-03T16:12:49","slug":"lingua-e-cultura-italiana","status":"publish","type":"page","link":"https:\/\/constoronto.esteri.it\/it\/italia-e-canada\/diplomazia-culturale\/lingua-e-cultura-italiana\/","title":{"rendered":"Lingua e Cultura italiana"},"content":{"rendered":"<p>La lingua italiana risulta la quarta lingua studiata nel mondo.<br \/>\nSecondo l\u2019ultimo censimento in Ontario pi\u00f9 di 400 mila persone parlano italiano, e di questi 250 mila sono madrelingua.<\/p>\n<p>Se \u00e8 sempre vero il concetto che ogni lingua \u00e8 espressione di una cultura, nel caso della lingua italiana questo aspetto risulta ampiamente dimostrato.<\/p>\n<p>Basti considerare le migliaia di parole italiane che sono entrate a far parte del vocabolario internazionale e richiamano concetti, stili di vita e approcci alla realt\u00e0 tipici del bel gusto italiano.<br \/>\nSecondo l\u2019Enciclopedia Treccani sarebbero ventimila le parole italiane presenti in ben 66 lingue diverse.<br \/>\nLa ragione di tipo culturale \u00e8 cos\u00ec motivata:<\/p>\n<p>\u201cGli italianismi raccontano ci\u00f2 che dell\u2019Italia e degli italiani \u00e8 parso all\u2019estero notevole o tipico a qualche titolo, o riflettono aspetti della cultura, invenzioni o prodotti, che hanno avuto la loro origine o la loro fortuna in Italia, tanto da diffondersi insieme alla parola italiana che li designava\u201d<\/p>\n<p>Le innumerevoli iniziative culturali promosse sul territorio dimostrano la vivacit\u00e0 e l\u2019importanza che la Provincia dell\u2019Ontario riconosce al patrimonio culturale italiano.<\/p>\n<p>Con eventi musicali ed artistici, dibattiti letterari, per non parlare di cinema, spettacolo, alta gastronomia e design, la ricchezza del Bel Paese contribuisce a valorizzare il dibattito multiculturale di cui il Canada va fiero.<\/p>\n<p>A tal proposito si rimanda ai siti dell\u2019<a href=\"https:\/\/iictoronto.esteri.it\/it\/\"><strong>Istituto Italiano di Cultura <\/strong><\/a>\u00a0per gli eventi organizzati nella circoscrizione consolare.\u00a0Per attivit\u00e0 di studio ed eventi in tema di lingua e cultura italiane si pu\u00f2 altres\u00ec consultare il sito del <strong><a href=\"https:\/\/www.italianstudies.utoronto.ca\/\">Dipartimento di Studi Italiani dell&#8217;Universit\u00e0 di Toronto<\/a>.\u00a0 <\/strong>Il Dipartimento ospita vari enti di ricerca (ad esempio il Frank Iacobucci Centre for Italian Canadian Studies) che si occupano sotto il profilo culturale, sociale e storico della comunit\u00e0 italo-canadese.<\/p>\n<p>Per i canadesi di origine italiana pu\u00f2 essere utile consultare anche il sito web <a href=\"https:\/\/italea.com\/\">ITALEA\u00a0<\/a> (progetto del Ministero degli Affari Esteri e della Cooperazione Internazionale) per riscoprire le proprie radici italiane e\/o programmare una visita turistica ai luoghi ancestrali.<\/p>\n","protected":false},"excerpt":{"rendered":"La lingua italiana risulta la quarta lingua studiata nel mondo. Secondo l\u2019ultimo censimento in Ontario pi\u00f9 di 400 mila persone parlano italiano, e di questi 250 mila sono madrelingua. Se \u00e8 sempre vero il concetto che ogni lingua \u00e8 espressione di una cultura, nel caso della lingua italiana questo aspetto risulta ampiamente dimostrato. Basti considerare [&hellip;]","protected":false},"author":3,"featured_media":0,"parent":81,"menu_order":1,"comment_status":"closed","ping_status":"closed","template":"","meta":{"footnotes":""},"class_list":["post-191","page","type-page","status-publish","hentry"],"_links":{"self":[{"href":"https:\/\/constoronto.esteri.it\/it\/wp-json\/wp\/v2\/pages\/191","targetHints":{"allow":["GET"]}}],"collection":[{"href":"https:\/\/constoronto.esteri.it\/it\/wp-json\/wp\/v2\/pages"}],"about":[{"href":"https:\/\/constoronto.esteri.it\/it\/wp-json\/wp\/v2\/types\/page"}],"author":[{"embeddable":true,"href":"https:\/\/constoronto.esteri.it\/it\/wp-json\/wp\/v2\/users\/3"}],"replies":[{"embeddable":true,"href":"https:\/\/constoronto.esteri.it\/it\/wp-json\/wp\/v2\/comments?post=191"}],"version-history":[{"count":2,"href":"https:\/\/constoronto.esteri.it\/it\/wp-json\/wp\/v2\/pages\/191\/revisions"}],"predecessor-version":[{"id":5953,"href":"https:\/\/constoronto.esteri.it\/it\/wp-json\/wp\/v2\/pages\/191\/revisions\/5953"}],"up":[{"embeddable":true,"href":"https:\/\/constoronto.esteri.it\/it\/wp-json\/wp\/v2\/pages\/81"}],"wp:attachment":[{"href":"https:\/\/constoronto.esteri.it\/it\/wp-json\/wp\/v2\/media?parent=191"}],"curies":[{"name":"wp","href":"https:\/\/api.w.org\/{rel}","templated":true}]}}