{"id":15,"date":"2023-01-10T14:28:09","date_gmt":"2023-01-10T13:28:09","guid":{"rendered":"https:\/\/constoronto.esteri.it\/?page_id=15"},"modified":"2025-01-02T21:12:39","modified_gmt":"2025-01-02T20:12:39","slug":"italia-e-canada","status":"publish","type":"page","link":"https:\/\/constoronto.esteri.it\/it\/italia-e-canada\/","title":{"rendered":"Italia e Canada"},"content":{"rendered":"<p>Le relazioni tra Italia e Canada, che hanno stabilito relazioni diplomatiche nel 1947, sono caratterizzate da vincoli storici di lunga data. Emblematica \u00e8 infatti la presenza in Canada di una grande e dinamica comunit\u00e0 di italo-canadesi.<\/p>\n<p>Negli anni, la cooperazione si \u00e8 sviluppata su diversi fronti, dal settore scientifico a quello politico, culturale e commerciale. La storia dei rapporti bilaterali \u00e8 ricca di iniziative finalizzate a promuovere l\u2019innovazione, l\u2019arte, la scienza e il patrimonio linguistico; in ambito educativo, da anni sono promossi programmi di scambio universitario e di ricerca al fine di favorire la mobilit\u00e0 tra i giovani.<\/p>\n<p>A livello istituzionale, Italia e Canada collaborano nell\u2019ambito di numerose organizzazioni multilaterali come le Nazioni Unite, la NATO e il G7.<\/p>\n<p>Per maggiori informazioni, consultare il sito web dell&#8217;<a href=\"https:\/\/ambottawa.esteri.it\/it\/italia-e-canada\/\">Ambasciata d&#8217;Italia a Ottawa<\/a>.<\/p>\n<p>&nbsp;<\/p>\n","protected":false},"excerpt":{"rendered":"Le relazioni tra Italia e Canada, che hanno stabilito relazioni diplomatiche nel 1947, sono caratterizzate da vincoli storici di lunga data. Emblematica \u00e8 infatti la presenza in Canada di una grande e dinamica comunit\u00e0 di italo-canadesi. Negli anni, la cooperazione si \u00e8 sviluppata su diversi fronti, dal settore scientifico a quello politico, culturale e commerciale. [&hellip;]","protected":false},"author":2,"featured_media":0,"parent":0,"menu_order":0,"comment_status":"closed","ping_status":"closed","template":"","meta":{"footnotes":""},"class_list":["post-15","page","type-page","status-publish","hentry"],"_links":{"self":[{"href":"https:\/\/constoronto.esteri.it\/it\/wp-json\/wp\/v2\/pages\/15","targetHints":{"allow":["GET"]}}],"collection":[{"href":"https:\/\/constoronto.esteri.it\/it\/wp-json\/wp\/v2\/pages"}],"about":[{"href":"https:\/\/constoronto.esteri.it\/it\/wp-json\/wp\/v2\/types\/page"}],"author":[{"embeddable":true,"href":"https:\/\/constoronto.esteri.it\/it\/wp-json\/wp\/v2\/users\/2"}],"replies":[{"embeddable":true,"href":"https:\/\/constoronto.esteri.it\/it\/wp-json\/wp\/v2\/comments?post=15"}],"version-history":[{"count":2,"href":"https:\/\/constoronto.esteri.it\/it\/wp-json\/wp\/v2\/pages\/15\/revisions"}],"predecessor-version":[{"id":5846,"href":"https:\/\/constoronto.esteri.it\/it\/wp-json\/wp\/v2\/pages\/15\/revisions\/5846"}],"wp:attachment":[{"href":"https:\/\/constoronto.esteri.it\/it\/wp-json\/wp\/v2\/media?parent=15"}],"curies":[{"name":"wp","href":"https:\/\/api.w.org\/{rel}","templated":true}]}}