{"id":1137,"date":"2023-05-09T22:22:46","date_gmt":"2023-05-09T20:22:46","guid":{"rendered":"https:\/\/constoronto.esteri.it\/?page_id=1137"},"modified":"2026-03-03T18:22:59","modified_gmt":"2026-03-03T17:22:59","slug":"festivita-osservate-dal-consolato","status":"publish","type":"page","link":"https:\/\/constoronto.esteri.it\/it\/chi-siamo\/gli-uffici\/festivita-osservate-dal-consolato\/","title":{"rendered":"Festivit\u00e0 osservate dal Consolato"},"content":{"rendered":"<h4><strong><span style=\"text-decoration: underline;\">Festivit\u00e0 anno 2026<\/span> &#8211; Chiusura Uffici del Consolato<\/strong><\/h4>\n<p>Gioved\u00ec 1 gennaio Capodanno<\/p>\n<p>Luned\u00ec 06 aprile Luned\u00ec dell&#8217;Angelo<\/p>\n<p>(Sabato 25 aprile Anniversario della Liberazione)<\/p>\n<p>Luned\u00ec 18 maggio Victoria Day<\/p>\n<p>Marted\u00ec 2 giugno Festa della Repubblica Italiana<\/p>\n<p>Mercoled\u00ec 1 luglio Canada Day<\/p>\n<p>Luned\u00ec 03 agosto Civic Holiday<\/p>\n<p>Luned\u00ec 07 settembre Labour Day<\/p>\n<p>Luned\u00ec 12 ottobre Thanksgiving Day<\/p>\n<p>Venerd\u00ec 25 dicembre Natale<\/p>\n<p>(Sabato 26 dicembre Santo Stefano)<\/p>\n","protected":false},"excerpt":{"rendered":"Festivit\u00e0 anno 2026 &#8211; Chiusura Uffici del Consolato Gioved\u00ec 1 gennaio Capodanno Luned\u00ec 06 aprile Luned\u00ec dell&#8217;Angelo (Sabato 25 aprile Anniversario della Liberazione) Luned\u00ec 18 maggio Victoria Day Marted\u00ec 2 giugno Festa della Repubblica Italiana Mercoled\u00ec 1 luglio Canada Day Luned\u00ec 03 agosto Civic Holiday Luned\u00ec 07 settembre Labour Day Luned\u00ec 12 ottobre Thanksgiving Day [&hellip;]","protected":false},"author":6,"featured_media":0,"parent":77,"menu_order":1,"comment_status":"closed","ping_status":"closed","template":"","meta":{"footnotes":""},"class_list":["post-1137","page","type-page","status-publish","hentry"],"_links":{"self":[{"href":"https:\/\/constoronto.esteri.it\/it\/wp-json\/wp\/v2\/pages\/1137","targetHints":{"allow":["GET"]}}],"collection":[{"href":"https:\/\/constoronto.esteri.it\/it\/wp-json\/wp\/v2\/pages"}],"about":[{"href":"https:\/\/constoronto.esteri.it\/it\/wp-json\/wp\/v2\/types\/page"}],"author":[{"embeddable":true,"href":"https:\/\/constoronto.esteri.it\/it\/wp-json\/wp\/v2\/users\/6"}],"replies":[{"embeddable":true,"href":"https:\/\/constoronto.esteri.it\/it\/wp-json\/wp\/v2\/comments?post=1137"}],"version-history":[{"count":6,"href":"https:\/\/constoronto.esteri.it\/it\/wp-json\/wp\/v2\/pages\/1137\/revisions"}],"predecessor-version":[{"id":8992,"href":"https:\/\/constoronto.esteri.it\/it\/wp-json\/wp\/v2\/pages\/1137\/revisions\/8992"}],"up":[{"embeddable":true,"href":"https:\/\/constoronto.esteri.it\/it\/wp-json\/wp\/v2\/pages\/77"}],"wp:attachment":[{"href":"https:\/\/constoronto.esteri.it\/it\/wp-json\/wp\/v2\/media?parent=1137"}],"curies":[{"name":"wp","href":"https:\/\/api.w.org\/{rel}","templated":true}]}}