{"id":1097,"date":"2023-05-09T21:24:11","date_gmt":"2023-05-09T19:24:11","guid":{"rendered":"https:\/\/constoronto.esteri.it\/?page_id=1097"},"modified":"2025-01-03T21:13:24","modified_gmt":"2025-01-03T20:13:24","slug":"universita","status":"publish","type":"page","link":"https:\/\/constoronto.esteri.it\/it\/italia-e-canada\/diplomazia-culturale\/universita\/","title":{"rendered":"Universit\u00e0"},"content":{"rendered":"<p>All&#8217;Universit\u00e0 of Toronto (UOT) opera il <strong>Dipartimento di Studi Italiani.<\/strong><\/p>\n<p>Centro Linguistico e Letterario di eccellenza, il Dipartimento \u00e8 in contatto con tutte le universit\u00e0 italiane pi\u00f9 prestigiose favorendo possibilit\u00e0 di ottenere Master Degrees e Ph.D. (Laurea di secondo livello e Dottorati di Ricerca). Spesso ospita anche Visiting Professors dalle universit\u00e0 partner e organizza convegni, seminari e corsi monografici che richiamano studenti e docenti da tutta l\u2019America.<\/p>\n<p>Il Dipartimento offre alcune borse di studio. Per maggiori informazioni, si consiglia di consultare il sito web <a href=\"https:\/\/www.italianstudies.utoronto.ca\/\">Department of Italian Studies | University of Toronto (utoronto.ca)<\/a> o contattare direttamente <a href=\"mailto:italianstudies@utoronto.ca\">italianstudies@utoronto.ca<\/a>.<\/p>\n<p>Si riporta di seguito un elenco non esaustivo, delle Universit\u00e0 in Ontario e Manitoba, la maggior parte delle quali offre programmi &#8220;<em>minor<\/em>&#8221; di Italiano.<\/p>\n<p><strong>Ontario<br \/>\n<\/strong><br \/>\n\u2022 Universit\u00e0 Brock (Saint Catharines)<br \/>\n\u2022 Universit\u00e0 Carleton (Ottawa)<br \/>\n\u2022 Universit\u00e0 Lakehead (Thunder Bay)<br \/>\n\u2022 Laurentian University (Sudbury)<br \/>\n\u2022 Universit\u00e0 McMaster (Hamilton)<br \/>\n\u2022 Universit\u00e0 Nipissing (North Bay)<br \/>\n\u2022 Queen&#8217;s University (Kingston)<br \/>\n\u2022 Universit\u00e0 Ryerson (Toronto)<br \/>\n\u2022 Universit\u00e0 Trent (Peterborough)<br \/>\n\u2022 Universit\u00e0 di Guelph (Guelph)<br \/>\n\u2022 University of Ontario Institute of Technology (Oshawa)<br \/>\n\u2022 Universit\u00e0 di Ottawa (Ottawa)<br \/>\n\u2022 Universit\u00e0 di Toronto (Toronto)<br \/>\n\u2022 Universit\u00e0 di Waterloo (Waterloo)<br \/>\n\u2022 University of Western Ontario (London)<br \/>\n\u2022 Universit\u00e0 di Windsor (Windsor)<br \/>\n\u2022 Wilfried-Laurier University (Waterloo)<br \/>\n\u2022 Universit\u00e0 di York (Toronto)<\/p>\n<p><strong>Manitoba<br \/>\n<\/strong><br \/>\n\u2022 Universit\u00e0 Brandon, Brandon<br \/>\n\u2022 Universit\u00e0 di Manitoba, Winnipeg<br \/>\n\u2022 Universit\u00e0 di Winnipeg, Winnipeg<\/p>\n","protected":false},"excerpt":{"rendered":"All&#8217;Universit\u00e0 of Toronto (UOT) opera il Dipartimento di Studi Italiani. Centro Linguistico e Letterario di eccellenza, il Dipartimento \u00e8 in contatto con tutte le universit\u00e0 italiane pi\u00f9 prestigiose favorendo possibilit\u00e0 di ottenere Master Degrees e Ph.D. (Laurea di secondo livello e Dottorati di Ricerca). Spesso ospita anche Visiting Professors dalle universit\u00e0 partner e organizza convegni, [&hellip;]","protected":false},"author":6,"featured_media":0,"parent":81,"menu_order":4,"comment_status":"closed","ping_status":"closed","template":"","meta":{"footnotes":""},"class_list":["post-1097","page","type-page","status-publish","hentry"],"_links":{"self":[{"href":"https:\/\/constoronto.esteri.it\/it\/wp-json\/wp\/v2\/pages\/1097","targetHints":{"allow":["GET"]}}],"collection":[{"href":"https:\/\/constoronto.esteri.it\/it\/wp-json\/wp\/v2\/pages"}],"about":[{"href":"https:\/\/constoronto.esteri.it\/it\/wp-json\/wp\/v2\/types\/page"}],"author":[{"embeddable":true,"href":"https:\/\/constoronto.esteri.it\/it\/wp-json\/wp\/v2\/users\/6"}],"replies":[{"embeddable":true,"href":"https:\/\/constoronto.esteri.it\/it\/wp-json\/wp\/v2\/comments?post=1097"}],"version-history":[{"count":1,"href":"https:\/\/constoronto.esteri.it\/it\/wp-json\/wp\/v2\/pages\/1097\/revisions"}],"predecessor-version":[{"id":6002,"href":"https:\/\/constoronto.esteri.it\/it\/wp-json\/wp\/v2\/pages\/1097\/revisions\/6002"}],"up":[{"embeddable":true,"href":"https:\/\/constoronto.esteri.it\/it\/wp-json\/wp\/v2\/pages\/81"}],"wp:attachment":[{"href":"https:\/\/constoronto.esteri.it\/it\/wp-json\/wp\/v2\/media?parent=1097"}],"curies":[{"name":"wp","href":"https:\/\/api.w.org\/{rel}","templated":true}]}}