{"id":1089,"date":"2023-05-09T21:00:04","date_gmt":"2023-05-09T19:00:04","guid":{"rendered":"https:\/\/constoronto.esteri.it\/?page_id=1089"},"modified":"2025-01-03T21:09:19","modified_gmt":"2025-01-03T20:09:19","slug":"programmi-di-lingua-italiana","status":"publish","type":"page","link":"https:\/\/constoronto.esteri.it\/it\/italia-e-canada\/diplomazia-culturale\/programmi-di-lingua-italiana\/","title":{"rendered":"Programmi di Lingua Italiana"},"content":{"rendered":"<p>Il Canada, e in particolare l\u2019Ontario (che ospita la principale comunit\u00e0), \u00e8 un Paese con un&#8217;importantissima comunit\u00e0 italiana e italo-canadese.<\/p>\n<p>Nell\u2019area della grande Toronto (GTA) \u00e8 stimata la presenza di circa 1 milione di canadesi di origine italiana.<br \/>\nL&#8217;italiano \u00e8 una delle cosiddette &#8220;International Languages&#8221; e viene insegnata sia in corsi extracurricolari sia curricolari. Esistono infatti programmi di italiano Extended Day, cio\u00e8 in cui l\u2019italiano \u00e8 materia curricolare e programmi del sabato mattina.\u00a0 In particolare i programmi <em>extended<\/em> sono presenti in scuole elementari del Toronto Catholic District School Board (TCDSB) e scuole elementari del York Catholic District School Board (YCDSB).<\/p>\n<p>A livello di scuola secondaria, l\u2019italiano \u00e8 offerto per legge tra le materie facoltative nel programma di International Languages. Tuttavia, \u00e8 necessario avere un numero legale di richieste per attivare il corso e poche sono le scuole che riescono a raggiungere queste iscrizioni.<\/p>\n<p>Le famiglie provenienti dall\u2019Italia che dovessero inserire i propri figli nelle scuole locali devono contattare gli School Board che operano nella zona scelta di residenza, al fine di essere informati sulle scuole localmente disponibili.<\/p>\n<p>Presso il Consolato Generale di Toronto \u00e8 attivo un Ufficio Scolastico che opera per la promozione della lingua italiana presso il sistema scolastico nella circoscrizione. La mail di riferimento \u00e8: <a href=\"mailto:toronto.scuola@esteri.it\">toronto.scuola@esteri.it<\/a><\/p>\n<p>&nbsp;<\/p>\n","protected":false},"excerpt":{"rendered":"Il Canada, e in particolare l\u2019Ontario (che ospita la principale comunit\u00e0), \u00e8 un Paese con un&#8217;importantissima comunit\u00e0 italiana e italo-canadese. Nell\u2019area della grande Toronto (GTA) \u00e8 stimata la presenza di circa 1 milione di canadesi di origine italiana. L&#8217;italiano \u00e8 una delle cosiddette &#8220;International Languages&#8221; e viene insegnata sia in corsi extracurricolari sia curricolari. Esistono [&hellip;]","protected":false},"author":6,"featured_media":0,"parent":81,"menu_order":3,"comment_status":"closed","ping_status":"closed","template":"","meta":{"footnotes":""},"class_list":["post-1089","page","type-page","status-publish","hentry"],"_links":{"self":[{"href":"https:\/\/constoronto.esteri.it\/it\/wp-json\/wp\/v2\/pages\/1089","targetHints":{"allow":["GET"]}}],"collection":[{"href":"https:\/\/constoronto.esteri.it\/it\/wp-json\/wp\/v2\/pages"}],"about":[{"href":"https:\/\/constoronto.esteri.it\/it\/wp-json\/wp\/v2\/types\/page"}],"author":[{"embeddable":true,"href":"https:\/\/constoronto.esteri.it\/it\/wp-json\/wp\/v2\/users\/6"}],"replies":[{"embeddable":true,"href":"https:\/\/constoronto.esteri.it\/it\/wp-json\/wp\/v2\/comments?post=1089"}],"version-history":[{"count":4,"href":"https:\/\/constoronto.esteri.it\/it\/wp-json\/wp\/v2\/pages\/1089\/revisions"}],"predecessor-version":[{"id":6000,"href":"https:\/\/constoronto.esteri.it\/it\/wp-json\/wp\/v2\/pages\/1089\/revisions\/6000"}],"up":[{"embeddable":true,"href":"https:\/\/constoronto.esteri.it\/it\/wp-json\/wp\/v2\/pages\/81"}],"wp:attachment":[{"href":"https:\/\/constoronto.esteri.it\/it\/wp-json\/wp\/v2\/media?parent=1089"}],"curies":[{"name":"wp","href":"https:\/\/api.w.org\/{rel}","templated":true}]}}