{"id":1084,"date":"2023-05-09T20:47:17","date_gmt":"2023-05-09T18:47:17","guid":{"rendered":"https:\/\/constoronto.esteri.it\/?page_id=1084"},"modified":"2025-01-03T20:54:01","modified_gmt":"2025-01-03T19:54:01","slug":"scuole-e-sistema-scolastico-in-ontario","status":"publish","type":"page","link":"https:\/\/constoronto.esteri.it\/it\/italia-e-canada\/diplomazia-culturale\/scuole-e-sistema-scolastico-in-ontario\/","title":{"rendered":"Scuole e Sistema Scolastico in Ontario"},"content":{"rendered":"<p>Al Ministero dell&#8217;Istruzione Federale spetta dettare i principi educativi fondamentali e alle singole Province organizzare e fissare curricola e regolamenti.<\/p>\n<p>Nelle province, l\u2019organizzazione \u00e8 fondata sugli <em>school boards<\/em>, organismi elettivi che operano a livello locale, dotati di budget autonomo per organizzare tutta la rete formativa di ciascun territorio di competenza. I board si dividono a loro volta in board inglesi pubblici, board inglesi cattolici, board francesi pubblici e baoard francesi cattolici.<\/p>\n<p>in Ontario, I livelli di scuola comprendono la scuola materna (JK-SK, Junior Kindergarten, Senior Kindergarten), la Elementary school, dal grade 1 al grade 5; grade 6, 7 e grade 8, la Middle High School e la High School, grade 9, grade 10, 11 e grade 12. Vi \u00e8 poi il sistema dei Colleges e della Universit\u00e0.<\/p>\n<p>Il <a href=\"https:\/\/www.ontario.ca\/page\/ministry-education\">Ministero dell&#8217;Educazione dell\u2019Ontario<\/a> ha in carico tutti i livelli di scuola; il <a href=\"https:\/\/www.ontario.ca\/page\/ministry-colleges-universities\">Ministero per i Colleges\u00a0 e le Universit\u00e0 dell&#8217;Ontario<\/a> segue invece la formazione superiore.<\/p>\n<p>Le scuole possono accettare studenti internazionali e dispongono di infrastrutture e servizi di sostegno ben sviluppati, tra cui programmi educativi ESL (inglese come seconda lingua) e programmi con alloggio in famiglia accuratamente monitorati. Quasi tutte le scuole accettano studenti internazionali sia per i programmi fino al diploma di scuola superiore sia per i soggiorni pi\u00f9 brevi di qualche settimana, mese o anno. Anche molte scuole elementari accettano giovani studenti per programmi annuali o di breve durata.<\/p>\n<p>Diverse agenzie per scambi studenteschi hanno rapporti diretti con i Board e con questi concordano le quote di iscrizione per ogni studente. Le agenzie propongono pacchetti <em>all inclusive<\/em> che comprendono cio\u00e8 anche il soggiorno in famiglia e le spese assicurative e mediche.<\/p>\n<p>Per la mobilit\u00e0 studentesca a livello universitario \u00e8 bene rivolgersi ai relativi sportelli degli uffici internazionali di ciascuna universit\u00e0 che informer\u00e0 anche sui visti necessari.<\/p>\n<p>Per quanto riguarda la possibilit\u00e0 di <strong>insegnare in scuole dell\u2019Ontario da parte di docenti non canadesi,<\/strong> va segnalato che<strong> i titoli e le qualifiche all\u2019insegnamento o abilitazioni italiane (in generale quelle europee) NON sono riconosciuti<\/strong>.<\/p>\n<p><strong>In Ontario, qualsiasi laureato, se vuole insegnare, deve ottenere il locale diploma universitario in Educazione.<\/strong><\/p>\n<p>Tra gli Istituti\u00a0 pi\u00f9 importanti che preparano gli studenti all\u2019insegnamento, dando loro l\u2019abilitazione (<em>Certification to teach) vi <\/em>\u00a0\u00e8 ad esempio l\u2019<a href=\"https:\/\/www.oise.utoronto.ca\/home\">OISE (<em>Ontario International Institute for Studies in Education<\/em>)<\/a> dell&#8217;Universit\u00e0 di Toronto.\u00a0Una volta conseguito il titolo, gli insegnanti sono registrati in un albo professionale, il College of Teachers.<\/p>\n<p>Esiste un programma per studenti internazionali. Sul sito OISE \u00e8 possibile trovare l\u2019<em>International Degree Equivalencies Tool<\/em> che permette di selezionare il paese di provenienza per sapere che cosa \u00e8 accettato come diploma di ingresso per iscriversi a OISE. Nel caso italiano si parla di Laurea e Laurea specialistica, a seconda del diploma che si intende conseguire. E\u2019 indispensabile rivolgersi agli uffici preposti non solo per conoscere le tariffe previste per l\u2019iscrizione ai corsi ma anche per conoscere tutte le possibilit\u00e0 di borse di studio a concorso.<\/p>\n<p>Si segnalano anche\u00a0 i seguenti siti:<\/p>\n<p>\u2022 <a href=\"https:\/\/www.cicic.ca\/\">CICIC &#8211; Canadian Information Centre for International Credentials\u00a0<\/a><\/p>\n<p>\u2022 <a href=\"https:\/\/www.aucc.ca\/\">AUCC &#8211; Association of Universities and Colleges of Canada\u00a0<\/a><\/p>\n<p>\u2022 <a href=\"https:\/\/www.cmec.ca\/\">CMEC- C ouncil of Ministers of Education canada<\/a><\/p>\n<p><span style=\"text-decoration: underline;\"><strong>In ogni caso, per maggiori e aggiornate informazioni sulle possibilit\u00e0 di studio e per eventuale rilascio dei visti di ingresso in Canada, si rimanda al sito della <a href=\"https:\/\/www.international.gc.ca\/country-pays\/italy-italie\/rome.aspx?lang=eng\">Ambasciata canadese a Roma.<\/a><\/strong><\/span><\/p>\n<p>&nbsp;<\/p>\n","protected":false},"excerpt":{"rendered":"Al Ministero dell&#8217;Istruzione Federale spetta dettare i principi educativi fondamentali e alle singole Province organizzare e fissare curricola e regolamenti. Nelle province, l\u2019organizzazione \u00e8 fondata sugli school boards, organismi elettivi che operano a livello locale, dotati di budget autonomo per organizzare tutta la rete formativa di ciascun territorio di competenza. I board si dividono a [&hellip;]","protected":false},"author":6,"featured_media":0,"parent":81,"menu_order":2,"comment_status":"closed","ping_status":"closed","template":"","meta":{"footnotes":""},"class_list":["post-1084","page","type-page","status-publish","hentry"],"_links":{"self":[{"href":"https:\/\/constoronto.esteri.it\/it\/wp-json\/wp\/v2\/pages\/1084","targetHints":{"allow":["GET"]}}],"collection":[{"href":"https:\/\/constoronto.esteri.it\/it\/wp-json\/wp\/v2\/pages"}],"about":[{"href":"https:\/\/constoronto.esteri.it\/it\/wp-json\/wp\/v2\/types\/page"}],"author":[{"embeddable":true,"href":"https:\/\/constoronto.esteri.it\/it\/wp-json\/wp\/v2\/users\/6"}],"replies":[{"embeddable":true,"href":"https:\/\/constoronto.esteri.it\/it\/wp-json\/wp\/v2\/comments?post=1084"}],"version-history":[{"count":5,"href":"https:\/\/constoronto.esteri.it\/it\/wp-json\/wp\/v2\/pages\/1084\/revisions"}],"predecessor-version":[{"id":5986,"href":"https:\/\/constoronto.esteri.it\/it\/wp-json\/wp\/v2\/pages\/1084\/revisions\/5986"}],"up":[{"embeddable":true,"href":"https:\/\/constoronto.esteri.it\/it\/wp-json\/wp\/v2\/pages\/81"}],"wp:attachment":[{"href":"https:\/\/constoronto.esteri.it\/it\/wp-json\/wp\/v2\/media?parent=1084"}],"curies":[{"name":"wp","href":"https:\/\/api.w.org\/{rel}","templated":true}]}}