{"id":1077,"date":"2023-05-09T20:14:09","date_gmt":"2023-05-09T18:14:09","guid":{"rendered":"https:\/\/constoronto.esteri.it\/?page_id=1077"},"modified":"2026-03-20T18:46:12","modified_gmt":"2026-03-20T17:46:12","slug":"servizio-70-plus","status":"publish","type":"page","link":"https:\/\/constoronto.esteri.it\/it\/servizi-consolari-e-visti\/servizi-per-il-cittadino-italiano\/passaporti-e-carte-didentita\/servizio-70-plus\/","title":{"rendered":"Servizio 70 Plus"},"content":{"rendered":"<p><strong>SERVIZIO DI PRENOTAZIONE TELEFONICA APPUNTAMENTI PER PASSAPORTI \u201c70 PLUS\u201d<\/strong><\/p>\n<p>Il 7 novembre 2022, il Consolato Generale di Toronto ha avviato, in forma sperimentale, un servizio di prenotazione telefonica degli appuntamenti per il rilascio del passaporto destinato alle persone a partire dai 75 anni di et\u00e0.<\/p>\n<p>L\u2019iniziativa \u201c75 Plus\u201d ha riscosso notevole successo e ha consentito di soddisfare la richiesta di passaporto di varie decine di connazionali ma ha anche messo in luce l\u2019opportunit\u00e0 di rivedere il target di et\u00e0 del servizio.<\/p>\n<p><strong>Dal 2023<\/strong>, possono usufruire della prenotazione telefonica di un appuntamento per il rilascio del passaporto i <strong>connazionali a partire dai 70 anni di et\u00e0<\/strong>.<\/p>\n<p><strong>Il<\/strong> <strong>servizio \u00e8 riservato ai connazionali ultrasettantenni iscritti in AIRE presso il Consolato Generale<\/strong> <strong>d\u2019Italia a Toronto<\/strong>.<\/p>\n<p><strong>Domande Frequenti<\/strong><\/p>\n<p><strong>1. A chi \u00e8 destinato?<\/strong><\/p>\n<p>Ai <strong>cittadini italiani a partire dai 70 anni di et\u00e0<\/strong>, regolarmente <strong>iscritti in AIRE presso il Consolato Generale d\u2019Italia a Toronto <\/strong>che debbano ottenere un <strong>nuovo passaporto italiano<\/strong>.<\/p>\n<p><strong>2. Quale numero contattare e quando?<\/strong><\/p>\n<p>Il numero da contattare \u00e8 <strong>(+1) 437-522-2402, ogni luned\u00ec, dalle 11.00 alle 12.00. <\/strong>Un operatore consolare verificher\u00e0 che l&#8217;utente possa usufruire del servizio.<\/p>\n<p><strong>3. Il servizio \u00e8 attivo tutto l&#8217;anno?<\/strong><\/p>\n<p>Il servizio segue un calendario che viene pubblicato sul sito web del Consolato Generale e tiene conto di eventuali festivit\u00e0.<\/p>\n<hr \/>\n<p style=\"text-align: center;\"><strong>ATTENZIONE<\/strong><\/p>\n<p>Si prega di notare che\u00a0<strong>il servizio potrebbe subire delle variazioni o sospensioni in occasione di giorni festivi.\u00a0<\/strong><\/p>\n<p><strong>Se il luned\u00ec coincide con una Bank Holiday o una festivit\u00e0 italiana, nel luned\u00ec precedente sono assegnati appuntamenti per i due venerd\u00ec successivi.<\/strong><\/p>\n<p><strong>\u00a0Inoltre, \u00e8 prevista una sospensione non dipendente dal Consolato Generale, nella settimana 13-17 aprile, a causa di un intervento tecnico centralizzato improrogabile.\u00a0<\/strong><\/p>\n<hr \/>\n<p style=\"text-align: center;\"><strong>Calendario 23 marzo \u2013 30 ottobre 2026<\/strong><\/p>\n<p>&nbsp;<\/p>\n<p>Prenotazioni telefoniche\u00a0<strong>luned\u00ec 23 marzo\u00a0<\/strong>per appuntamenti\u00a0<strong>venerd\u00ec 27 marzo 2026\u00a0<\/strong><\/p>\n<p>Prenotazioni telefoniche\u00a0<strong>luned\u00ec 30 marzo\u00a0<\/strong>per appuntamenti\u00a0<strong>venerd\u00ec 3 aprile e venerd\u00ec 10 aprile <\/strong><\/p>\n<hr \/>\n<p><span style=\"color: #ff0000;\"><strong>Il servizio \u00e8 sospeso il <u>6 aprile<\/u>, Luned\u00ec dell\u2019Angelo, giorno di chiusura del Consolato.\u00a0<\/strong><\/span><\/p>\n<p><span style=\"color: #ff0000;\"><strong>Il servizio \u00e8 sospeso dal <u>13 al 17 aprile<\/u>, in considerazione di un intervento tecnico straordinario centralizzato (operato dal Ministero degli Affari Esteri e della Cooperazione Internazionale) sui sistemi informatici del Consolato Generale.\u00a0<\/strong><\/span><\/p>\n<hr \/>\n<p>Prenotazioni telefoniche\u00a0<strong>luned\u00ec 20 aprile<\/strong>\u00a0per appuntamenti\u00a0<strong>venerd\u00ec 24 aprile<\/strong><\/p>\n<p>Prenotazioni telefoniche\u00a0<strong>luned\u00ec 27 aprile<\/strong> per appuntamenti\u00a0<strong>venerd\u00ec 1 maggio<\/strong><\/p>\n<p>Prenotazioni telefoniche\u00a0<strong>luned\u00ec 4 maggio<\/strong>\u00a0per appuntamenti\u00a0<strong>venerd\u00ec 8 maggio<\/strong><\/p>\n<p>Prenotazioni telefoniche\u00a0<strong>luned\u00ec 11 maggio\u00a0<\/strong>per appuntamenti\u00a0<strong>venerd\u00ec 15 maggio e venerd\u00ec 22 maggio <\/strong><\/p>\n<hr \/>\n<p><span style=\"color: #ff0000;\"><strong>Il servizio \u00e8 sospeso il <u>18 maggio<\/u>, Victoria Day, giorno di chiusura del Consolato.\u00a0<\/strong><\/span><\/p>\n<hr \/>\n<p>Prenotazioni telefoniche\u00a0<strong>luned\u00ec 25 maggio\u00a0<\/strong>per appuntamenti\u00a0<strong>venerd\u00ec 29 maggio<\/strong><\/p>\n<p>Prenotazioni telefoniche\u00a0<strong>luned\u00ec 1 giugno\u00a0<\/strong>per appuntamenti\u00a0<strong>venerd\u00ec 5 giugno<\/strong><\/p>\n<p>Prenotazioni telefoniche\u00a0<strong>luned\u00ec 8 giugno\u00a0<\/strong>per appuntamenti\u00a0<strong>venerd\u00ec 12 giguno<\/strong><\/p>\n<p>Prenotazioni telefoniche\u00a0<strong>luned\u00ec 15 giugno\u00a0<\/strong>per appuntamenti\u00a0<strong>venerd\u00ec 19 giugno<\/strong><\/p>\n<p>Prenotazioni telefoniche\u00a0<strong>luned\u00ec 22 giugno\u00a0<\/strong>per appuntamenti\u00a0<strong>venerd\u00ec 26 giugno<\/strong><\/p>\n<p>Prenotazioni telefoniche\u00a0<strong>luned\u00ec 29 giugno\u00a0<\/strong>per appuntamenti\u00a0<strong>venerd\u00ec 3 luglio<\/strong><\/p>\n<p>Prenotazioni telefoniche\u00a0<strong>luned\u00ec 6 luglio\u00a0<\/strong>per appuntamenti\u00a0<strong>venerd\u00ec 10 luglio<\/strong><\/p>\n<p>Prenotazioni telefoniche\u00a0<strong>luned\u00ec 13 luglio\u00a0<\/strong>per appuntamenti\u00a0<strong>venerd\u00ec 17 luglio<\/strong><\/p>\n<p>Prenotazioni telefoniche\u00a0<strong>luned\u00ec 20 luglio\u00a0<\/strong>per appuntamenti\u00a0<strong>venerd\u00ec 25 luglio<\/strong><\/p>\n<p>Prenotazioni telefoniche\u00a0<strong>luned\u00ec 27 luglio\u00a0<\/strong>per appuntamenti\u00a0<strong>venerd\u00ec 31 luglio e venerd\u00ec 7 agosto<\/strong><\/p>\n<hr \/>\n<p><span style=\"color: #ff0000;\"><strong>Il servizio \u00e8 sospeso il <u>3 agosto<\/u>, Civic Holiday, giorno di chiusura del Consolato.\u00a0<\/strong><\/span><\/p>\n<hr \/>\n<p>Prenotazioni telefoniche\u00a0<strong>luned\u00ec 10 agosto\u00a0<\/strong>per appuntamenti\u00a0<strong>venerd\u00ec 14 agosto<\/strong><\/p>\n<p>Prenotazioni telefoniche\u00a0<strong>luned\u00ec 17 agosto\u00a0<\/strong>per appuntamenti\u00a0<strong>venerd\u00ec 21 agosto<\/strong><\/p>\n<p>Prenotazioni telefoniche\u00a0<strong>luned\u00ec 24 agosto\u00a0<\/strong>per appuntamenti\u00a0<strong>venerd\u00ec 28 agosto<\/strong><\/p>\n<p>Prenotazioni telefoniche\u00a0<strong>luned\u00ec 31 agosto\u00a0<\/strong>per appuntamenti\u00a0<strong>venerd\u00ec 4 settembre e venerd\u00ec 11 settembre<\/strong><\/p>\n<hr \/>\n<p><span style=\"color: #ff0000;\"><strong>Il servizio \u00e8 sospeso il <u>7 settembre<\/u>, Labour Day, giorno di chiusura del Consolato.\u00a0<\/strong><\/span><\/p>\n<hr \/>\n<p>Prenotazioni telefoniche\u00a0<strong>luned\u00ec 14 settembre <\/strong>per appuntamenti\u00a0<strong>venerd\u00ec 18 settembre<\/strong><\/p>\n<p>Prenotazioni telefoniche\u00a0<strong>luned\u00ec 21 settembre <\/strong>per appuntamenti\u00a0<strong>venerd\u00ec 25 settembre<\/strong><\/p>\n<p>Prenotazioni telefoniche\u00a0<strong>luned\u00ec 28 settembre <\/strong>per appuntamenti\u00a0<strong>venerd\u00ec 2 ottobre <\/strong><\/p>\n<p>Prenotazioni telefoniche\u00a0<strong>luned\u00ec 5 ottobre <\/strong>per appuntamenti\u00a0<strong>venerd\u00ec 9 ottobre e venerd\u00ec 16 ottobre<\/strong><\/p>\n<hr \/>\n<p><span style=\"color: #ff0000;\"><strong>Il servizio \u00e8 sospeso il <u>12 ottobre<\/u>, Thanksgiving Day, giorno di chiusura del Consolato.\u00a0<\/strong><\/span><\/p>\n<hr \/>\n<p>Prenotazioni telefoniche\u00a0<strong>luned\u00ec 19 ottobre <\/strong>per appuntamenti\u00a0<strong>venerd\u00ec 23 ottobre <\/strong><\/p>\n<p>Prenotazioni telefoniche\u00a0<strong>luned\u00ec 26 ottobre <\/strong>per appuntamenti\u00a0<strong>venerd\u00ec 30 ottobre <\/strong><\/p>\n<hr \/>\n<p><strong>Il Calendario per il periodo novembre 2026 &#8211; \u00a0giugno 2027 verr\u00e0 pubblicato a fine ottobre 2026<\/strong><\/p>\n<p>&nbsp;<\/p>\n","protected":false},"excerpt":{"rendered":"SERVIZIO DI PRENOTAZIONE TELEFONICA APPUNTAMENTI PER PASSAPORTI \u201c70 PLUS\u201d Il 7 novembre 2022, il Consolato Generale di Toronto ha avviato, in forma sperimentale, un servizio di prenotazione telefonica degli appuntamenti per il rilascio del passaporto destinato alle persone a partire dai 75 anni di et\u00e0. L\u2019iniziativa \u201c75 Plus\u201d ha riscosso notevole successo e ha consentito [&hellip;]","protected":false},"author":6,"featured_media":0,"parent":192,"menu_order":9,"comment_status":"closed","ping_status":"closed","template":"","meta":{"footnotes":""},"class_list":["post-1077","page","type-page","status-publish","hentry"],"_links":{"self":[{"href":"https:\/\/constoronto.esteri.it\/it\/wp-json\/wp\/v2\/pages\/1077","targetHints":{"allow":["GET"]}}],"collection":[{"href":"https:\/\/constoronto.esteri.it\/it\/wp-json\/wp\/v2\/pages"}],"about":[{"href":"https:\/\/constoronto.esteri.it\/it\/wp-json\/wp\/v2\/types\/page"}],"author":[{"embeddable":true,"href":"https:\/\/constoronto.esteri.it\/it\/wp-json\/wp\/v2\/users\/6"}],"replies":[{"embeddable":true,"href":"https:\/\/constoronto.esteri.it\/it\/wp-json\/wp\/v2\/comments?post=1077"}],"version-history":[{"count":6,"href":"https:\/\/constoronto.esteri.it\/it\/wp-json\/wp\/v2\/pages\/1077\/revisions"}],"predecessor-version":[{"id":9032,"href":"https:\/\/constoronto.esteri.it\/it\/wp-json\/wp\/v2\/pages\/1077\/revisions\/9032"}],"up":[{"embeddable":true,"href":"https:\/\/constoronto.esteri.it\/it\/wp-json\/wp\/v2\/pages\/192"}],"wp:attachment":[{"href":"https:\/\/constoronto.esteri.it\/it\/wp-json\/wp\/v2\/media?parent=1077"}],"curies":[{"name":"wp","href":"https:\/\/api.w.org\/{rel}","templated":true}]}}